{"id":85,"date":"2019-10-01T11:14:11","date_gmt":"2019-10-01T11:14:11","guid":{"rendered":"https:\/\/aion-project.org\/blog\/?page_id=85"},"modified":"2021-07-17T09:14:55","modified_gmt":"2021-07-17T09:14:55","slug":"laurent-di-filippo","status":"publish","type":"page","link":"https:\/\/aion-project.org\/blog\/?page_id=85","title":{"rendered":"Laurent Di Filippo"},"content":{"rendered":"<p style=\"text-align: justify;\"><span style=\"font-family: book antiqua, palatino, serif; font-size: 18pt;\">Laurent Di Filippo est Ma\u00eetre de conf\u00e9rences en Sciences de l&rsquo;information et de la communication \u00e0 l&rsquo;Universit\u00e9 de Lorraine, apr\u00e8s avoir soutenu un doctorat en SIC et en \u00e9tudes scandinaves. Il est membre du Centre de recherche sur les m\u00e9diations (CREM \u2013 EA 3476) et membre associ\u00e9 de l\u2019Unit\u00e9 mixte de recherche Dynamiques Europ\u00e9ennes. Il a effectu\u00e9 sa th\u00e8se sous la direction du Professeur Jacques Walter \u00e0 l\u2019universit\u00e9 de Lorraine, et du Professeur J\u00fcrg Glauser \u00e0 l\u2019universit\u00e9 de B\u00e2le.<\/span><\/p>\n<p style=\"text-align: justify;\"><span style=\"font-family: book antiqua, palatino, serif; font-size: 18pt;\">Ses recherches portent principalement sur la r\u00e9utilisation de la mythologie nordique dans les m\u00e9dias contemporains, et particuli\u00e8rement les jeux. Il s&rsquo;int\u00e9resse \u00e9galement aux questions relatives au transm\u00e9dia, \u00e0 la r\u00e9flexivit\u00e9 en sciences et \u00e0 l\u2019interdisciplinarit\u00e9.<\/span><\/p>\n<p>&nbsp;<\/p>\n<p style=\"text-align: justify;\"><span style=\"font-family: book antiqua, palatino, serif; font-size: 18pt;\"><strong>Bibliographie<\/strong><\/span><\/p>\n<p><span style=\"font-family: book antiqua, palatino, serif; font-size: 18pt;\">Di Filippo, L., Conan entre personnage transm\u00e9dia, monde transm\u00e9dial et r\u00e9alisations locales, <em>RFSIC \u2013 Revue fran\u00e7aise des sciences de l\u2019information et de la communication<\/em>, n\u00b0 10, 2017, <a href=\"https:\/\/rfsic.revues.org\/2578\">en ligne<\/a>.<\/span><\/p>\n<p><span style=\"font-family: book antiqua, palatino, serif; font-size: 18pt;\">Di Filippo, L., Landais, \u00c9. (dirs.), <em>Penser les relations entre m\u00e9dias. Dispositifs transm\u00e9diatiques, convergences et constructions des publics<\/em>, 2017 Strasbourg, N\u00e9oth\u00e8que.<\/span><\/p>\n<p><span style=\"font-family: book antiqua, palatino, serif; font-size: 18pt;\">Di Filippo L., Tuaillon Dem\u00e9sy A. (dirs), 2016, <em>Interrogations<\/em>, n\u00b0 23, <em>\u00ab\u00a0Des jeux et des mondes\u00a0\u00bb<\/em>, d\u00e9cembre 2016, en ligne : <a href=\"http:\/\/www.revue-interrogations.org\/-No23-Des-jeux-et-des-mondes-\">www.revue-interrogations.org\/-No23-Des-jeux-et-des-mondes-<\/a><\/span><\/p>\n<p><span style=\"font-family: book antiqua, palatino, serif; font-size: 18pt;\">Di Filippo, L. Contextualiser les th\u00e9ories du jeu de Johan Huizinga et Roger Caillois. <em>Questions de communication<\/em>, n\u00b0 25, 2014, pp. 281-308, <a href=\"https:\/\/www.academia.edu\/8672261\/Contextualiser_les_th%C3%A9ories_du_jeu_de_Johan_Huizinga_et_Roger_Caillois\">en ligne<\/a>.<\/span><\/p>\n<p><span style=\"font-family: book antiqua, palatino, serif; font-size: 18pt;\">Di Filippo, L., Fran\u00e7ois, H. &amp; Michel A. (dirs). (2012). <em><a href=\"http:\/\/laurent.di-filippo.fr\/?p=34\">La position du doctorant. Trajectoires, engagements, r\u00e9flexivit\u00e9<\/a><\/em>. Nancy : Presses universitaires de Nancy. Questions de communications \u2013 S\u00e9rie Actes.<\/span><\/p>\n","protected":false},"excerpt":{"rendered":"<p>Laurent Di Filippo est Ma\u00eetre de conf\u00e9rences en Sciences de l&rsquo;information et de la communication \u00e0 l&rsquo;Universit\u00e9 de Lorraine, apr\u00e8s avoir soutenu un doctorat en SIC et en \u00e9tudes scandinaves. Il est membre du Centre de recherche sur les m\u00e9diations (CREM \u2013 EA 3476) et membre associ\u00e9 de l\u2019Unit\u00e9 mixte de recherche Dynamiques Europ\u00e9ennes. Il [&hellip;]<\/p>\n","protected":false},"author":1,"featured_media":0,"parent":9,"menu_order":0,"comment_status":"closed","ping_status":"closed","template":"","meta":{"footnotes":""},"class_list":["post-85","page","type-page","status-publish","hentry"],"_links":{"self":[{"href":"https:\/\/aion-project.org\/blog\/index.php?rest_route=\/wp\/v2\/pages\/85","targetHints":{"allow":["GET"]}}],"collection":[{"href":"https:\/\/aion-project.org\/blog\/index.php?rest_route=\/wp\/v2\/pages"}],"about":[{"href":"https:\/\/aion-project.org\/blog\/index.php?rest_route=\/wp\/v2\/types\/page"}],"author":[{"embeddable":true,"href":"https:\/\/aion-project.org\/blog\/index.php?rest_route=\/wp\/v2\/users\/1"}],"replies":[{"embeddable":true,"href":"https:\/\/aion-project.org\/blog\/index.php?rest_route=%2Fwp%2Fv2%2Fcomments&post=85"}],"version-history":[{"count":5,"href":"https:\/\/aion-project.org\/blog\/index.php?rest_route=\/wp\/v2\/pages\/85\/revisions"}],"predecessor-version":[{"id":207,"href":"https:\/\/aion-project.org\/blog\/index.php?rest_route=\/wp\/v2\/pages\/85\/revisions\/207"}],"up":[{"embeddable":true,"href":"https:\/\/aion-project.org\/blog\/index.php?rest_route=\/wp\/v2\/pages\/9"}],"wp:attachment":[{"href":"https:\/\/aion-project.org\/blog\/index.php?rest_route=%2Fwp%2Fv2%2Fmedia&parent=85"}],"curies":[{"name":"wp","href":"https:\/\/api.w.org\/{rel}","templated":true}]}}