{"id":786,"date":"2021-07-02T17:06:32","date_gmt":"2021-07-02T17:06:32","guid":{"rendered":"https:\/\/aion-project.org\/blog\/?page_id=786"},"modified":"2021-10-16T12:53:15","modified_gmt":"2021-10-16T12:53:15","slug":"imaginaires-et-dynamiques-des-loisirs-alternatifs-etude-comparee-france-irlande","status":"publish","type":"page","link":"https:\/\/aion-project.org\/blog\/?page_id=786","title":{"rendered":"Imaginaires et dynamiques des loisirs alternatifs. \u00c9tude compar\u00e9e internationale"},"content":{"rendered":"<p style=\"text-align: justify;\"><span style=\"font-size: 18pt; font-family: book antiqua, palatino, serif;\">Gr\u00e2ce au programme \u00ab\u00a0Chrysalide\u00a0\u00bb financ\u00e9 par l&rsquo;Universit\u00e9 de Franche-Comt\u00e9, quatre membres de l&rsquo;\u00e9quipe Ai\u00f4n travaillent sur le projet de comparaison de plusieurs loisirs alternatifs, dans une optique internationale. L\u2019objectif de cette recherche est de r\u00e9aliser une \u00e9tude sociologique comparative entre la France, la Belgique et l&rsquo;Irlande, portant sur ces loisirs. Quatre objets forment le c\u0153ur du projet : le roller derby, le mermaiding, le quidditch et la sc\u00e8ne punk contemporaine.<\/span><\/p>\n<p><img decoding=\"async\" class=\"tile--img__img js-lazyload\" src=\"https:\/\/external-content.duckduckgo.com\/iu\/?u=https%3A%2F%2Ftse4.mm.bing.net%2Fth%3Fid%3DOIP.RUf6peQn_3OPrIL2lcJleAHaCC%26pid%3DApi&amp;f=1\" alt=\"Fichier:Logo Universit\u00e9 de Franche-Comt\u00e9 2018.png \u2014 Wikip\u00e9dia\" data-src=\"\/\/external-content.duckduckgo.com\/iu\/?u=https%3A%2F%2Ftse4.mm.bing.net%2Fth%3Fid%3DOIP.RUf6peQn_3OPrIL2lcJleAHaCC%26pid%3DApi&amp;f=1\" \/><\/p>\n","protected":false},"excerpt":{"rendered":"<p>Gr\u00e2ce au programme \u00ab\u00a0Chrysalide\u00a0\u00bb financ\u00e9 par l&rsquo;Universit\u00e9 de Franche-Comt\u00e9, quatre membres de l&rsquo;\u00e9quipe Ai\u00f4n travaillent sur le projet de comparaison de plusieurs loisirs alternatifs, dans une optique internationale. L\u2019objectif de cette recherche est de r\u00e9aliser une \u00e9tude sociologique comparative entre la France, la Belgique et l&rsquo;Irlande, portant sur ces loisirs. Quatre objets forment le c\u0153ur [&hellip;]<\/p>\n","protected":false},"author":1,"featured_media":0,"parent":443,"menu_order":0,"comment_status":"closed","ping_status":"closed","template":"","meta":{"footnotes":""},"class_list":["post-786","page","type-page","status-publish","hentry"],"_links":{"self":[{"href":"https:\/\/aion-project.org\/blog\/index.php?rest_route=\/wp\/v2\/pages\/786","targetHints":{"allow":["GET"]}}],"collection":[{"href":"https:\/\/aion-project.org\/blog\/index.php?rest_route=\/wp\/v2\/pages"}],"about":[{"href":"https:\/\/aion-project.org\/blog\/index.php?rest_route=\/wp\/v2\/types\/page"}],"author":[{"embeddable":true,"href":"https:\/\/aion-project.org\/blog\/index.php?rest_route=\/wp\/v2\/users\/1"}],"replies":[{"embeddable":true,"href":"https:\/\/aion-project.org\/blog\/index.php?rest_route=%2Fwp%2Fv2%2Fcomments&post=786"}],"version-history":[{"count":6,"href":"https:\/\/aion-project.org\/blog\/index.php?rest_route=\/wp\/v2\/pages\/786\/revisions"}],"predecessor-version":[{"id":1199,"href":"https:\/\/aion-project.org\/blog\/index.php?rest_route=\/wp\/v2\/pages\/786\/revisions\/1199"}],"up":[{"embeddable":true,"href":"https:\/\/aion-project.org\/blog\/index.php?rest_route=\/wp\/v2\/pages\/443"}],"wp:attachment":[{"href":"https:\/\/aion-project.org\/blog\/index.php?rest_route=%2Fwp%2Fv2%2Fmedia&parent=786"}],"curies":[{"name":"wp","href":"https:\/\/api.w.org\/{rel}","templated":true}]}}