{"id":726,"date":"2021-05-06T17:47:08","date_gmt":"2021-05-06T17:47:08","guid":{"rendered":"https:\/\/aion-project.org\/blog\/?page_id=726"},"modified":"2022-04-11T09:09:33","modified_gmt":"2022-04-11T09:09:33","slug":"imaginaires-du-temps-post-apocalyptique-et-reorganisation-des-rapports-sociaux","status":"publish","type":"page","link":"https:\/\/aion-project.org\/blog\/?page_id=726","title":{"rendered":"Imaginaires du temps post-apocalyptique et (r\u00e9)organisation des rapports sociaux"},"content":{"rendered":"<h1 style=\"text-align: center;\"><span style=\"font-size: 18pt; font-family: book antiqua, palatino, serif;\">Journ\u00e9e d&rsquo;\u00e9tude organis\u00e9e par Ai\u00f4n \u00e0 Besan\u00e7on, le 8 avril 2022<\/span><\/h1>\n<h1 style=\"text-align: center;\"><a href=\"https:\/\/aion-project.org\/blog\/wp-content\/uploads\/2022\/02\/programme-numerique.pdf\" target=\"_blank\" rel=\"noopener\"><span style=\"font-family: book antiqua, palatino, serif;\"><span style=\"color: #ff0000;\"><span style=\"font-size: 24pt;\">Programme \u00ab\u00a0Imaginaires du temps post-apocalyptique et (r\u00e9)organisation des rapports sociaux\u00a0\u00bb<\/span><\/span><\/span><\/a><\/h1>\n<p><img loading=\"lazy\" decoding=\"async\" class=\"size-full wp-image-1315 aligncenter\" src=\"https:\/\/aion-project.org\/blog\/wp-content\/uploads\/2022\/01\/image-JE.jpg\" alt=\"\" width=\"566\" height=\"800\" srcset=\"https:\/\/aion-project.org\/blog\/wp-content\/uploads\/2022\/01\/image-JE.jpg 566w, https:\/\/aion-project.org\/blog\/wp-content\/uploads\/2022\/01\/image-JE-212x300.jpg 212w\" sizes=\"auto, (max-width: 566px) 100vw, 566px\" \/><\/p>\n<h1 style=\"text-align: center;\" align=\"justify\"><span style=\"font-family: book antiqua, palatino, serif; font-size: 18pt; color: #ff0000;\">Quelques clich\u00e9s de la journ\u00e9e<\/span><\/h1>\n<p><img loading=\"lazy\" decoding=\"async\" class=\"alignnone size-large wp-image-1388\" src=\"https:\/\/aion-project.org\/blog\/wp-content\/uploads\/2022\/04\/Nicolas-1024x768.jpg\" alt=\"\" width=\"525\" height=\"394\" srcset=\"https:\/\/aion-project.org\/blog\/wp-content\/uploads\/2022\/04\/Nicolas-1024x768.jpg 1024w, https:\/\/aion-project.org\/blog\/wp-content\/uploads\/2022\/04\/Nicolas-300x225.jpg 300w, https:\/\/aion-project.org\/blog\/wp-content\/uploads\/2022\/04\/Nicolas-768x576.jpg 768w, https:\/\/aion-project.org\/blog\/wp-content\/uploads\/2022\/04\/Nicolas-1536x1152.jpg 1536w, https:\/\/aion-project.org\/blog\/wp-content\/uploads\/2022\/04\/Nicolas-2048x1536.jpg 2048w\" sizes=\"auto, (max-width: 525px) 100vw, 525px\" \/><\/p>\n<h1 align=\"justify\"><img loading=\"lazy\" decoding=\"async\" class=\"alignnone size-large wp-image-1390\" src=\"https:\/\/aion-project.org\/blog\/wp-content\/uploads\/2022\/04\/Joseph-1024x768.jpg\" alt=\"\" width=\"525\" height=\"394\" srcset=\"https:\/\/aion-project.org\/blog\/wp-content\/uploads\/2022\/04\/Joseph-1024x768.jpg 1024w, https:\/\/aion-project.org\/blog\/wp-content\/uploads\/2022\/04\/Joseph-300x225.jpg 300w, https:\/\/aion-project.org\/blog\/wp-content\/uploads\/2022\/04\/Joseph-768x576.jpg 768w, https:\/\/aion-project.org\/blog\/wp-content\/uploads\/2022\/04\/Joseph-1536x1152.jpg 1536w, https:\/\/aion-project.org\/blog\/wp-content\/uploads\/2022\/04\/Joseph-2048x1536.jpg 2048w\" sizes=\"auto, (max-width: 525px) 100vw, 525px\" \/><\/h1>\n<h1 align=\"justify\"><img loading=\"lazy\" decoding=\"async\" class=\"size-large wp-image-1386 aligncenter\" src=\"https:\/\/aion-project.org\/blog\/wp-content\/uploads\/2022\/04\/Celia-1024x768.jpg\" alt=\"\" width=\"525\" height=\"394\" srcset=\"https:\/\/aion-project.org\/blog\/wp-content\/uploads\/2022\/04\/Celia-1024x768.jpg 1024w, https:\/\/aion-project.org\/blog\/wp-content\/uploads\/2022\/04\/Celia-300x225.jpg 300w, https:\/\/aion-project.org\/blog\/wp-content\/uploads\/2022\/04\/Celia-768x576.jpg 768w, https:\/\/aion-project.org\/blog\/wp-content\/uploads\/2022\/04\/Celia-1536x1152.jpg 1536w, https:\/\/aion-project.org\/blog\/wp-content\/uploads\/2022\/04\/Celia-2048x1536.jpg 2048w\" sizes=\"auto, (max-width: 525px) 100vw, 525px\" \/><\/h1>\n<h1 class=\"western\" style=\"text-align: center;\" align=\"justify\"><span style=\"color: #ff0000; font-family: book antiqua, palatino, serif;\"><a style=\"color: #ff0000;\" href=\"https:\/\/aion-project.org\/blog\/wp-content\/uploads\/2021\/07\/AAC_JE-Temps-postapo-VF-2.pdf\">Appel \u00e0 communications<\/a><\/span><\/h1>\n<div id=\"sdfootnote1\">\n<p class=\"sdfootnote\"><span style=\"font-family: book antiqua, palatino, serif;\"><a class=\"sdfootnotesym\" href=\"#sdfootnote1anc\" name=\"sdfootnote1sym\"><\/a><\/span><\/p>\n<\/div>\n","protected":false},"excerpt":{"rendered":"<p>Journ\u00e9e d&rsquo;\u00e9tude organis\u00e9e par Ai\u00f4n \u00e0 Besan\u00e7on, le 8 avril 2022 Programme \u00ab\u00a0Imaginaires du temps post-apocalyptique et (r\u00e9)organisation des rapports sociaux\u00a0\u00bb Quelques clich\u00e9s de la journ\u00e9e Appel \u00e0 communications<\/p>\n","protected":false},"author":1,"featured_media":0,"parent":22,"menu_order":0,"comment_status":"closed","ping_status":"closed","template":"","meta":{"footnotes":""},"class_list":["post-726","page","type-page","status-publish","hentry"],"_links":{"self":[{"href":"https:\/\/aion-project.org\/blog\/index.php?rest_route=\/wp\/v2\/pages\/726","targetHints":{"allow":["GET"]}}],"collection":[{"href":"https:\/\/aion-project.org\/blog\/index.php?rest_route=\/wp\/v2\/pages"}],"about":[{"href":"https:\/\/aion-project.org\/blog\/index.php?rest_route=\/wp\/v2\/types\/page"}],"author":[{"embeddable":true,"href":"https:\/\/aion-project.org\/blog\/index.php?rest_route=\/wp\/v2\/users\/1"}],"replies":[{"embeddable":true,"href":"https:\/\/aion-project.org\/blog\/index.php?rest_route=%2Fwp%2Fv2%2Fcomments&post=726"}],"version-history":[{"count":19,"href":"https:\/\/aion-project.org\/blog\/index.php?rest_route=\/wp\/v2\/pages\/726\/revisions"}],"predecessor-version":[{"id":1391,"href":"https:\/\/aion-project.org\/blog\/index.php?rest_route=\/wp\/v2\/pages\/726\/revisions\/1391"}],"up":[{"embeddable":true,"href":"https:\/\/aion-project.org\/blog\/index.php?rest_route=\/wp\/v2\/pages\/22"}],"wp:attachment":[{"href":"https:\/\/aion-project.org\/blog\/index.php?rest_route=%2Fwp%2Fv2%2Fmedia&parent=726"}],"curies":[{"name":"wp","href":"https:\/\/api.w.org\/{rel}","templated":true}]}}