{"id":640,"date":"2021-04-05T09:16:39","date_gmt":"2021-04-05T09:16:39","guid":{"rendered":"https:\/\/aion-project.org\/blog\/?page_id=640"},"modified":"2026-02-10T18:15:47","modified_gmt":"2026-02-10T18:15:47","slug":"les-axes-de-recherche","status":"publish","type":"page","link":"https:\/\/aion-project.org\/blog\/?page_id=640","title":{"rendered":"Les axes de recherche"},"content":{"rendered":"<p style=\"text-align: justify;\"><span style=\"font-size: 24pt; font-family: book antiqua, palatino, serif;\">Le programme Ai\u00f4n est organis\u00e9 autour de grands axes de recherche qui encadrent mais ne contraignent pas les travaux men\u00e9s en son sein. Ils permettent d&rsquo;identifier et de sp\u00e9cifier des th\u00e9matiques afin d&rsquo;appr\u00e9hender l&rsquo;imaginaire du temps sous diff\u00e9rentes facettes. Cet onglet d\u00e9taille ces axes, actuellement en vigueur.\u00a0<\/span><\/p>\n","protected":false},"excerpt":{"rendered":"<p>Le programme Ai\u00f4n est organis\u00e9 autour de grands axes de recherche qui encadrent mais ne contraignent pas les travaux men\u00e9s en son sein. Ils permettent d&rsquo;identifier et de sp\u00e9cifier des th\u00e9matiques afin d&rsquo;appr\u00e9hender l&rsquo;imaginaire du temps sous diff\u00e9rentes facettes. Cet onglet d\u00e9taille ces axes, actuellement en vigueur.\u00a0<\/p>\n","protected":false},"author":1,"featured_media":0,"parent":0,"menu_order":0,"comment_status":"closed","ping_status":"closed","template":"","meta":{"footnotes":""},"class_list":["post-640","page","type-page","status-publish","hentry"],"_links":{"self":[{"href":"https:\/\/aion-project.org\/blog\/index.php?rest_route=\/wp\/v2\/pages\/640","targetHints":{"allow":["GET"]}}],"collection":[{"href":"https:\/\/aion-project.org\/blog\/index.php?rest_route=\/wp\/v2\/pages"}],"about":[{"href":"https:\/\/aion-project.org\/blog\/index.php?rest_route=\/wp\/v2\/types\/page"}],"author":[{"embeddable":true,"href":"https:\/\/aion-project.org\/blog\/index.php?rest_route=\/wp\/v2\/users\/1"}],"replies":[{"embeddable":true,"href":"https:\/\/aion-project.org\/blog\/index.php?rest_route=%2Fwp%2Fv2%2Fcomments&post=640"}],"version-history":[{"count":11,"href":"https:\/\/aion-project.org\/blog\/index.php?rest_route=\/wp\/v2\/pages\/640\/revisions"}],"predecessor-version":[{"id":1906,"href":"https:\/\/aion-project.org\/blog\/index.php?rest_route=\/wp\/v2\/pages\/640\/revisions\/1906"}],"wp:attachment":[{"href":"https:\/\/aion-project.org\/blog\/index.php?rest_route=%2Fwp%2Fv2%2Fmedia&parent=640"}],"curies":[{"name":"wp","href":"https:\/\/api.w.org\/{rel}","templated":true}]}}