{"id":624,"date":"2021-04-03T09:43:45","date_gmt":"2021-04-03T09:43:45","guid":{"rendered":"https:\/\/aion-project.org\/blog\/?page_id=624"},"modified":"2026-02-07T12:59:39","modified_gmt":"2026-02-07T12:59:39","slug":"partenariats","status":"publish","type":"page","link":"https:\/\/aion-project.org\/blog\/?page_id=624","title":{"rendered":"Partenariats"},"content":{"rendered":"<p class=\"has-background has-light-green-cyan-background-color\" style=\"text-align: justify;\"><span style=\"font-family: book antiqua, palatino, serif; font-size: 18pt;\">Le programme Ai\u00f4n ne peut exister sans des \u00e9changes scientifiques et humains. Cette page regroupe les partenariats tiss\u00e9s avec d&rsquo;autres structures pour des projets communs (colloques, rencontres acad\u00e9miques, activit\u00e9s de m\u00e9diation, etc.) :<\/span><\/p>\n<p style=\"text-align: left;\"><span style=\"font-size: 18pt; font-family: book antiqua, palatino, serif; color: #000000;\">Le centre d&rsquo;histoire vivante d&rsquo;Autun : <a href=\"https:\/\/chv-autun.fr\" target=\"_blank\" rel=\"noopener\">https:\/\/chv-autun.fr<\/a><\/span><\/p>\n<p style=\"text-align: left;\"><span style=\"font-size: 18pt; font-family: book antiqua, palatino, serif; color: #000000;\">La compagnie Rebonds d&rsquo;histoires : <a href=\"http:\/\/www.rebonds-histoires.net\" target=\"_blank\" rel=\"noopener\">http:\/\/www.rebonds-histoires.net<\/a><\/span><\/p>\n<p style=\"text-align: left;\"><span style=\"font-size: 18pt; font-family: book antiqua, palatino, serif; color: #000000;\">Le laboratoire CREM (Metz) : <a href=\"https:\/\/crem.univ-lorraine.fr\" target=\"_blank\" rel=\"noopener\">https:\/\/crem.univ-lorraine.fr<\/a><\/span><\/p>\n<p><span style=\"font-size: 18pt; font-family: book antiqua, palatino, serif;\"><span style=\"color: #000000;\">L&rsquo;ESAC de Cambrai :<\/span> http:\/\/ras.esac-cambrai.net\/<\/span><\/p>\n<p style=\"text-align: left;\"><span style=\"font-family: book antiqua, palatino, serif; font-size: 18pt;\">La r\u00e9gion Bourgogne-Franche-Comt\u00e9<\/span><\/p>\n<h3 style=\"text-align: center;\"><span style=\"font-size: 24pt; font-family: book antiqua, palatino, serif;\"><span style=\"color: #3366ff;\">Autres liens en relation avec le programme Ai\u00f4n :<\/span> <\/span><\/h3>\n<p>&nbsp;<\/p>\n<p style=\"text-align: left;\"><span style=\"font-size: 18pt; font-family: book antiqua, palatino, serif; color: #000000;\">Rencontres universitaires &#8211; La science \u00e0 travers la fiction : <a style=\"color: #000000;\" href=\"http:\/\/fiction-science.com\">http:\/\/fiction-science.com<\/a><\/span><\/p>\n<p style=\"text-align: left;\"><span style=\"font-size: 18pt; font-family: book antiqua, palatino, serif; color: #000000;\">Carnet Hypoth\u00e8ses Mundus Fabula : <a style=\"color: #000000;\" href=\"https:\/\/mf.hypotheses.org\">https:\/\/mf.hypotheses.org<\/a><\/span><\/p>\n<p style=\"text-align: left;\"><span style=\"font-size: 18pt; font-family: book antiqua, palatino, serif; color: #000000;\">Revue Interrogations : <a style=\"color: #000000;\" href=\"http:\/\/www.revue-interrogations.org\">http:\/\/www.revue-interrogations.org<\/a><\/span><\/p>\n<p style=\"text-align: left;\">\n","protected":false},"excerpt":{"rendered":"<p>Le programme Ai\u00f4n ne peut exister sans des \u00e9changes scientifiques et humains. Cette page regroupe les partenariats tiss\u00e9s avec d&rsquo;autres structures pour des projets communs (colloques, rencontres acad\u00e9miques, activit\u00e9s de m\u00e9diation, etc.) : Le centre d&rsquo;histoire vivante d&rsquo;Autun : https:\/\/chv-autun.fr La compagnie Rebonds d&rsquo;histoires : http:\/\/www.rebonds-histoires.net Le laboratoire CREM (Metz) : https:\/\/crem.univ-lorraine.fr L&rsquo;ESAC de Cambrai [&hellip;]<\/p>\n","protected":false},"author":1,"featured_media":0,"parent":0,"menu_order":0,"comment_status":"closed","ping_status":"closed","template":"","meta":{"footnotes":""},"class_list":["post-624","page","type-page","status-publish","hentry"],"_links":{"self":[{"href":"https:\/\/aion-project.org\/blog\/index.php?rest_route=\/wp\/v2\/pages\/624","targetHints":{"allow":["GET"]}}],"collection":[{"href":"https:\/\/aion-project.org\/blog\/index.php?rest_route=\/wp\/v2\/pages"}],"about":[{"href":"https:\/\/aion-project.org\/blog\/index.php?rest_route=\/wp\/v2\/types\/page"}],"author":[{"embeddable":true,"href":"https:\/\/aion-project.org\/blog\/index.php?rest_route=\/wp\/v2\/users\/1"}],"replies":[{"embeddable":true,"href":"https:\/\/aion-project.org\/blog\/index.php?rest_route=%2Fwp%2Fv2%2Fcomments&post=624"}],"version-history":[{"count":25,"href":"https:\/\/aion-project.org\/blog\/index.php?rest_route=\/wp\/v2\/pages\/624\/revisions"}],"predecessor-version":[{"id":1920,"href":"https:\/\/aion-project.org\/blog\/index.php?rest_route=\/wp\/v2\/pages\/624\/revisions\/1920"}],"wp:attachment":[{"href":"https:\/\/aion-project.org\/blog\/index.php?rest_route=%2Fwp%2Fv2%2Fmedia&parent=624"}],"curies":[{"name":"wp","href":"https:\/\/api.w.org\/{rel}","templated":true}]}}