{"id":598,"date":"2021-02-11T14:07:26","date_gmt":"2021-02-11T14:07:26","guid":{"rendered":"https:\/\/aion-project.org\/blog\/?page_id=598"},"modified":"2021-07-17T09:30:49","modified_gmt":"2021-07-17T09:30:49","slug":"jeux-sports-et-espaces-mundus-fabula","status":"publish","type":"page","link":"https:\/\/aion-project.org\/blog\/?page_id=598","title":{"rendered":"Jeux, sports et espaces &#8211; Mundus Fabula"},"content":{"rendered":"<p style=\"text-align: center;\"><span style=\"font-family: book antiqua, palatino, serif; color: #ff6600; font-size: 24pt;\"><strong>Dossier <em>Mundus Fabula<\/em> : \u00ab\u00a0Jeux, sports et espaces\u00a0\u00bb<\/strong><\/span><\/p>\n<p><span style=\"font-family: book antiqua, palatino, serif; font-size: 18pt;\"><img loading=\"lazy\" decoding=\"async\" class=\"attachment-thumb-large wp-post-image aligncenter\" draggable=\"false\" src=\"https:\/\/f-origin.hypotheses.org\/wp-content\/blogs.dir\/3013\/files\/2021\/01\/IMG_20190908_202554-720x340.jpg\" sizes=\"auto, (max-width: 720px) 100vw, 720px\" srcset=\"https:\/\/f-origin.hypotheses.org\/wp-content\/blogs.dir\/3013\/files\/2021\/01\/IMG_20190908_202554-720x340.jpg 720w, https:\/\/f-origin.hypotheses.org\/wp-content\/blogs.dir\/3013\/files\/2021\/01\/IMG_20190908_202554-520x245.jpg 520w\" alt=\"\" width=\"618\" height=\"292\" \/><\/span><\/p>\n<p style=\"text-align: justify;\"><span style=\"font-family: book antiqua, palatino, serif; font-size: 18pt;\">Actes du second atelier-s\u00e9minaire \u00ab\u00a0Loisirs et imaginaires\u00a0\u00bb qui prenait pour th\u00e8me la notion d&rsquo;espace dans ses liens avec les jeux et les sports. La publication est disponible en libre acc\u00e8s sur le carnet hypoth\u00e8ses.org <em>Mundus Fabula<\/em> <a href=\"https:\/\/mf.hypotheses.org\/1271\">ici<\/a>.<\/span><\/p>\n","protected":false},"excerpt":{"rendered":"<p>Dossier Mundus Fabula : \u00ab\u00a0Jeux, sports et espaces\u00a0\u00bb Actes du second atelier-s\u00e9minaire \u00ab\u00a0Loisirs et imaginaires\u00a0\u00bb qui prenait pour th\u00e8me la notion d&rsquo;espace dans ses liens avec les jeux et les sports. La publication est disponible en libre acc\u00e8s sur le carnet hypoth\u00e8ses.org Mundus Fabula ici.<\/p>\n","protected":false},"author":1,"featured_media":0,"parent":20,"menu_order":0,"comment_status":"closed","ping_status":"closed","template":"","meta":{"footnotes":""},"class_list":["post-598","page","type-page","status-publish","hentry"],"_links":{"self":[{"href":"https:\/\/aion-project.org\/blog\/index.php?rest_route=\/wp\/v2\/pages\/598","targetHints":{"allow":["GET"]}}],"collection":[{"href":"https:\/\/aion-project.org\/blog\/index.php?rest_route=\/wp\/v2\/pages"}],"about":[{"href":"https:\/\/aion-project.org\/blog\/index.php?rest_route=\/wp\/v2\/types\/page"}],"author":[{"embeddable":true,"href":"https:\/\/aion-project.org\/blog\/index.php?rest_route=\/wp\/v2\/users\/1"}],"replies":[{"embeddable":true,"href":"https:\/\/aion-project.org\/blog\/index.php?rest_route=%2Fwp%2Fv2%2Fcomments&post=598"}],"version-history":[{"count":5,"href":"https:\/\/aion-project.org\/blog\/index.php?rest_route=\/wp\/v2\/pages\/598\/revisions"}],"predecessor-version":[{"id":1017,"href":"https:\/\/aion-project.org\/blog\/index.php?rest_route=\/wp\/v2\/pages\/598\/revisions\/1017"}],"up":[{"embeddable":true,"href":"https:\/\/aion-project.org\/blog\/index.php?rest_route=\/wp\/v2\/pages\/20"}],"wp:attachment":[{"href":"https:\/\/aion-project.org\/blog\/index.php?rest_route=%2Fwp%2Fv2%2Fmedia&parent=598"}],"curies":[{"name":"wp","href":"https:\/\/api.w.org\/{rel}","templated":true}]}}