{"id":568,"date":"2020-11-25T15:17:56","date_gmt":"2020-11-25T15:17:56","guid":{"rendered":"https:\/\/aion-project.org\/blog\/?page_id=568"},"modified":"2021-07-17T09:15:49","modified_gmt":"2021-07-17T09:15:49","slug":"matthieu-epp","status":"publish","type":"page","link":"https:\/\/aion-project.org\/blog\/?page_id=568","title":{"rendered":"Matthieu Epp"},"content":{"rendered":"<p class=\"moz-quote-pre\" style=\"text-align: justify;\"><span style=\"font-family: book antiqua, palatino, serif; font-size: 18pt;\">Matthieu Epp est conteur professionnel depuis une douzaine d\u2019ann\u00e9es \u00e0 l\u2019\u00e9chelle de la francophonie, \u00e0 la fois sur des sc\u00e8nes de th\u00e9\u00e2tre mais aussi dans les festivals de conte, les m\u00e9diath\u00e8ques, les maisons de retraite et les \u00e9tablissements scolaires. Une r\u00e9sidence de territoire de 4 ann\u00e9es de 2013 \u00e0 2018, soutenue par la DRAC et la R\u00e9gion Grand Est au relais culturel Espace Rohan de Saverne lui a permis de d\u00e9velopper le projet de science-fiction transm\u00e9dia collaborative \u00ab Il y a des portes \u00bb : spectacle vivant, podcast, jeu vid\u00e9o, \u00e9criture num\u00e9rique et improvisation. Laur\u00e9at du dispositif Tango\/Scan avec le studio Alm\u00e9dia, puis laur\u00e9at de l\u2019appel \u00e0 r\u00e9sidence num\u00e9rique du Shadok, il m\u00e8ne depuis 2017 des ateliers de cr\u00e9ation de jeu vid\u00e9o dans des coll\u00e8ges (Sedan, Grenoble et Saverne) et a \u00e9t\u00e9 accueilli \u00e0 l\u2019automne 2020 au Hublot (sc\u00e8ne de cr\u00e9ation art num\u00e9rique de Nice) pour une r\u00e9sidence num\u00e9rique soutenue par la DRAC PACA. <\/span><\/p>\n<p>&nbsp;<\/p>\n<p class=\"moz-quote-pre\"><span style=\"font-family: book antiqua, palatino, serif; font-size: 18pt;\"><strong>Sitographie<\/strong> <\/span><\/p>\n<p class=\"moz-quote-pre\"><span style=\"font-family: book antiqua, palatino, serif; font-size: 18pt;\"><a href=\"http:\/\/www.rebonds-histoires.net\">www.rebonds-histoires.net <\/a><\/span><\/p>\n<p class=\"moz-quote-pre\"><span style=\"font-family: book antiqua, palatino, serif; font-size: 18pt;\"><a href=\"https:\/\/www.facebook.com\/conteurepp\">https:\/\/www.facebook.com\/conteurepp<\/a> <\/span><\/p>\n<p class=\"moz-quote-pre\"><span style=\"font-family: book antiqua, palatino, serif; font-size: 18pt;\"><a href=\"https:\/\/www.youtube.com\/channel\/UCsMIfCaLzx-y0hwDVcGTvMQ\">https:\/\/www.youtube.com\/channel\/UCsMIfCaLzx-y0hwDVcGTvMQ<\/a><\/span><\/p>\n","protected":false},"excerpt":{"rendered":"<p>Matthieu Epp est conteur professionnel depuis une douzaine d\u2019ann\u00e9es \u00e0 l\u2019\u00e9chelle de la francophonie, \u00e0 la fois sur des sc\u00e8nes de th\u00e9\u00e2tre mais aussi dans les festivals de conte, les m\u00e9diath\u00e8ques, les maisons de retraite et les \u00e9tablissements scolaires. Une r\u00e9sidence de territoire de 4 ann\u00e9es de 2013 \u00e0 2018, soutenue par la DRAC et [&hellip;]<\/p>\n","protected":false},"author":1,"featured_media":0,"parent":9,"menu_order":0,"comment_status":"closed","ping_status":"closed","template":"","meta":{"footnotes":""},"class_list":["post-568","page","type-page","status-publish","hentry"],"_links":{"self":[{"href":"https:\/\/aion-project.org\/blog\/index.php?rest_route=\/wp\/v2\/pages\/568","targetHints":{"allow":["GET"]}}],"collection":[{"href":"https:\/\/aion-project.org\/blog\/index.php?rest_route=\/wp\/v2\/pages"}],"about":[{"href":"https:\/\/aion-project.org\/blog\/index.php?rest_route=\/wp\/v2\/types\/page"}],"author":[{"embeddable":true,"href":"https:\/\/aion-project.org\/blog\/index.php?rest_route=\/wp\/v2\/users\/1"}],"replies":[{"embeddable":true,"href":"https:\/\/aion-project.org\/blog\/index.php?rest_route=%2Fwp%2Fv2%2Fcomments&post=568"}],"version-history":[{"count":6,"href":"https:\/\/aion-project.org\/blog\/index.php?rest_route=\/wp\/v2\/pages\/568\/revisions"}],"predecessor-version":[{"id":980,"href":"https:\/\/aion-project.org\/blog\/index.php?rest_route=\/wp\/v2\/pages\/568\/revisions\/980"}],"up":[{"embeddable":true,"href":"https:\/\/aion-project.org\/blog\/index.php?rest_route=\/wp\/v2\/pages\/9"}],"wp:attachment":[{"href":"https:\/\/aion-project.org\/blog\/index.php?rest_route=%2Fwp%2Fv2%2Fmedia&parent=568"}],"curies":[{"name":"wp","href":"https:\/\/api.w.org\/{rel}","templated":true}]}}