{"id":515,"date":"2020-07-10T10:27:23","date_gmt":"2020-07-10T10:27:23","guid":{"rendered":"https:\/\/aion-project.org\/blog\/?page_id=515"},"modified":"2021-07-17T09:17:10","modified_gmt":"2021-07-17T09:17:10","slug":"sidney-grospretre","status":"publish","type":"page","link":"https:\/\/aion-project.org\/blog\/?page_id=515","title":{"rendered":"Sidney Grospr\u00eatre"},"content":{"rendered":"<p style=\"text-align: justify;\"><span style=\"font-family: book antiqua, palatino, serif; font-size: 18pt;\"><span class=\"mx_MTextBody mx_EventTile_content\"><span class=\"mx_EventTile_body\" dir=\"auto\">Sidney Grospr\u00eatre est Ma\u00eetre de conf\u00e9rences en STAPS, sp\u00e9cialiste en neurosciences. <\/span><\/span><span class=\"mx_MTextBody mx_EventTile_content\"><span class=\"mx_EventTile_body\" dir=\"auto\">Ses th\u00e9matiques de recherche portent sur l&rsquo;impact de l&rsquo;activit\u00e9 physique sur le cerveau et la moelle \u00e9pini\u00e8re, et sur la mise au point de m\u00e9thodes d\u2019entra\u00eenement visant sp\u00e9cifiquement \u00e0 induire des adaptations nerveuses. <\/span><\/span><\/span><\/p>\n<p style=\"text-align: justify;\"><span class=\"mx_MTextBody mx_EventTile_content\" style=\"font-family: book antiqua, palatino, serif; font-size: 18pt;\"><span class=\"mx_EventTile_body\" dir=\"auto\">En tant que pratiquant, enseignant et pr\u00e9sident de la f\u00e9d\u00e9ration de Parkour, Sidney s&rsquo;int\u00e9resse \u00e9galement aux pratiques sportives alternatives. <\/span><\/span><\/p>\n<p style=\"text-align: justify;\"><span class=\"mx_MTextBody mx_EventTile_content\" style=\"font-family: book antiqua, palatino, serif; font-size: 18pt;\"><span class=\"mx_EventTile_body\" dir=\"auto\">Par ailleurs, il consid\u00e8re la vulgarisation scientifique comme partie int\u00e9grante du m\u00e9tier de chercheur. Pour cette raison, il prend part \u00e0 de nombreux \u00e9v\u00e9nements grand public, tout comme il en organise. A ce titre, il participe \u00e0 la mise en \u0153uvre, avec Audrey Tuaillon Dem\u00e9sy, des rencontres universitaires \u00ab\u00a0La science \u00e0 travers la fiction\u00a0\u00bb.<\/span><\/span><\/p>\n<p style=\"text-align: justify;\">\n<p style=\"text-align: justify;\"><span style=\"font-family: book antiqua, palatino, serif; font-size: 18pt;\"><strong>Bibliographie et communications en lien avec Ai\u00f4n<br \/>\n<\/strong><\/span><\/p>\n<p style=\"text-align: justify;\"><span style=\"font-family: book antiqua, palatino, serif; font-size: 18pt;\">Tuaillon Dem\u00e9sy Audrey et\u00a0 Grospr\u00eatre Sidney (dir.) (2020),<em> Zombie : mythe ou r\u00e9alit\u00e9 ?<\/em>, Paris, ActuSF.<\/span><\/p>\n<p style=\"text-align: justify;\"><span class=\"mx_MTextBody mx_EventTile_content\" style=\"font-family: book antiqua, palatino, serif; font-size: 18pt;\"><span class=\"mx_EventTile_body markdown-body\" dir=\"auto\">Grospr\u00eatre Sidney, \u00ab Marcher sans t\u00eate et penser sans corps : est-ce possible ? \u00bb, communication lors des Rencontres Universitaires <em>La science \u00e0 travers la fiction<\/em>, Besan\u00e7on, mai 2017.<\/span><\/span><\/p>\n<p style=\"text-align: justify;\"><span class=\"mx_MTextBody mx_EventTile_content\" style=\"font-family: book antiqua, palatino, serif; font-size: 18pt;\"><span class=\"mx_EventTile_body markdown-body\" dir=\"auto\">Grospr\u00eatre Sidney, \u00ab Entra\u00eenement et technologie : tout le monde peut-il \u00eatre un super-h\u00e9ros ? \u00bb, communication lors des Rencontres Universitaires <em>La science \u00e0 travers la fiction<\/em>, Besan\u00e7on, mai 2018.<\/span><\/span><\/p>\n<p style=\"text-align: justify;\"><span class=\"mx_MTextBody mx_EventTile_content\" style=\"font-family: book antiqua, palatino, serif; font-size: 18pt;\"><span class=\"mx_EventTile_body markdown-body\" dir=\"auto\">Grospr\u00eatre Sidney, \u00ab\u00a0Le syst\u00e8me nerveux : le circuit \u00e9lectronique de l\u2019homme\u00a0\u00bb, communication lors des Rencontres Universitaires <em>La science \u00e0 travers la fiction<\/em>, Besan\u00e7on, mai 2019.<\/span><\/span><\/p>\n<p style=\"text-align: justify;\"><span style=\"font-family: book antiqua, palatino, serif; font-size: 18pt;\"><strong>Bibliographie g\u00e9n\u00e9rale<\/strong><\/span><\/p>\n<p style=\"text-align: justify;\"><span class=\"mx_MTextBody mx_EventTile_content\" style=\"font-family: book antiqua, palatino, serif; font-size: 18pt;\"><span class=\"mx_EventTile_body\" dir=\"auto\">Grospr\u00eatre S, Lepers R (2016), Performance characteristics of Parkour practitioners: Who are the traceurs? Eur J Sport Sci. 16(5):526-35.<\/span><\/span><\/p>\n<p style=\"text-align: justify;\"><span class=\"mx_MTextBody mx_EventTile_content\" style=\"font-family: book antiqua, palatino, serif; font-size: 18pt;\"><span class=\"mx_EventTile_body\" dir=\"auto\">Grospr\u00eatre S, Lebon F, Papaxanthis C, Martin A. (2018) Spinal plasticity with motor imagery practice. J Physiol. 2018;597(3):921-934. <\/span><\/span><\/p>\n<p style=\"text-align: justify;\"><span class=\"mx_MTextBody mx_EventTile_content\" style=\"font-family: book antiqua, palatino, serif; font-size: 18pt;\"><span class=\"mx_EventTile_body\" dir=\"auto\">Grospr\u00eatre S, Gimenez P, Martin A. (2018) Neuromuscular and electromechanical properties of ultra-power athletes: the traceurs. Eur J Appl Physiol. 118(7):1361-1371. doi: 10.1007\/s00421-018-3868-1.<\/span><\/span><\/p>\n","protected":false},"excerpt":{"rendered":"<p>Sidney Grospr\u00eatre est Ma\u00eetre de conf\u00e9rences en STAPS, sp\u00e9cialiste en neurosciences. Ses th\u00e9matiques de recherche portent sur l&rsquo;impact de l&rsquo;activit\u00e9 physique sur le cerveau et la moelle \u00e9pini\u00e8re, et sur la mise au point de m\u00e9thodes d\u2019entra\u00eenement visant sp\u00e9cifiquement \u00e0 induire des adaptations nerveuses. En tant que pratiquant, enseignant et pr\u00e9sident de la f\u00e9d\u00e9ration de [&hellip;]<\/p>\n","protected":false},"author":1,"featured_media":0,"parent":9,"menu_order":0,"comment_status":"closed","ping_status":"closed","template":"","meta":{"footnotes":""},"class_list":["post-515","page","type-page","status-publish","hentry"],"_links":{"self":[{"href":"https:\/\/aion-project.org\/blog\/index.php?rest_route=\/wp\/v2\/pages\/515","targetHints":{"allow":["GET"]}}],"collection":[{"href":"https:\/\/aion-project.org\/blog\/index.php?rest_route=\/wp\/v2\/pages"}],"about":[{"href":"https:\/\/aion-project.org\/blog\/index.php?rest_route=\/wp\/v2\/types\/page"}],"author":[{"embeddable":true,"href":"https:\/\/aion-project.org\/blog\/index.php?rest_route=\/wp\/v2\/users\/1"}],"replies":[{"embeddable":true,"href":"https:\/\/aion-project.org\/blog\/index.php?rest_route=%2Fwp%2Fv2%2Fcomments&post=515"}],"version-history":[{"count":11,"href":"https:\/\/aion-project.org\/blog\/index.php?rest_route=\/wp\/v2\/pages\/515\/revisions"}],"predecessor-version":[{"id":985,"href":"https:\/\/aion-project.org\/blog\/index.php?rest_route=\/wp\/v2\/pages\/515\/revisions\/985"}],"up":[{"embeddable":true,"href":"https:\/\/aion-project.org\/blog\/index.php?rest_route=\/wp\/v2\/pages\/9"}],"wp:attachment":[{"href":"https:\/\/aion-project.org\/blog\/index.php?rest_route=%2Fwp%2Fv2%2Fmedia&parent=515"}],"curies":[{"name":"wp","href":"https:\/\/api.w.org\/{rel}","templated":true}]}}