{"id":508,"date":"2020-07-10T10:25:01","date_gmt":"2020-07-10T10:25:01","guid":{"rendered":"https:\/\/aion-project.org\/blog\/?page_id=508"},"modified":"2021-07-17T09:31:32","modified_gmt":"2021-07-17T09:31:32","slug":"zombie-mythe-ou-realite","status":"publish","type":"page","link":"https:\/\/aion-project.org\/blog\/?page_id=508","title":{"rendered":"Zombie : mythe ou r\u00e9alit\u00e9 ?"},"content":{"rendered":"<p style=\"text-align: justify;\"><span style=\"font-family: book antiqua, palatino, serif; font-size: 18pt;\"><img loading=\"lazy\" decoding=\"async\" class=\"size-large wp-image-896 aligncenter\" src=\"https:\/\/aion-project.org\/blog\/wp-content\/uploads\/2021\/07\/zombieRUMOR-717x1024.jpg\" alt=\"\" width=\"717\" height=\"1024\" srcset=\"https:\/\/aion-project.org\/blog\/wp-content\/uploads\/2021\/07\/zombieRUMOR-717x1024.jpg 717w, https:\/\/aion-project.org\/blog\/wp-content\/uploads\/2021\/07\/zombieRUMOR-210x300.jpg 210w, https:\/\/aion-project.org\/blog\/wp-content\/uploads\/2021\/07\/zombieRUMOR-768x1097.jpg 768w\" sizes=\"auto, (max-width: 717px) 100vw, 717px\" \/><\/span><\/p>\n<p>&nbsp;<\/p>\n<p style=\"text-align: justify;\"><span style=\"font-family: book antiqua, palatino, serif; font-size: 18pt;\">Ce livre fait suite \u00e0 la premi\u00e8re \u00e9dition des <span style=\"color: #800000;\"><a style=\"color: #800000;\" href=\"http:\/\/fiction-science.com\/\"><strong><em>Rencontres universitaires La science \u00e0 travers la fiction<\/em><\/strong><\/a><\/span>, \u00e0 laquelle plusieurs membres de l&rsquo;\u00e9quipe Ai\u00f4n ont particip\u00e9. <\/span><\/p>\n<p style=\"text-align: justify;\"><span style=\"font-family: book antiqua, palatino, serif;\"><span style=\"font-size: 18pt;\">I<\/span><span style=\"font-size: 18pt;\">l pr\u00e9sente diff\u00e9rents regards de chercheurs sur le ph\u00e9nom\u00e8ne \u00ab\u00a0zombie\u00a0\u00bb, selon une approche pluridisciplinaire (\u00e9tudes cin\u00e9matographiques, g\u00e9ographie, biologie, neurosciences, litt\u00e9rature, sciences de l&rsquo;information et de la communication, etc.).<\/span><\/span><\/p>\n<p style=\"text-align: justify;\"><span style=\"font-family: book antiqua, palatino, serif; font-size: 18pt;\">Plus d&rsquo;informations : <a href=\"https:\/\/www.editions-actusf.fr\/a\/collectif\/zombie-mythe-ou-realite\" target=\"_blank\" rel=\"nofollow noopener noreferrer\">https:\/\/www.editions-actusf.fr\/a\/collectif\/zombie-mythe-ou-realite<\/a><\/span><\/p>\n<div class=\"moz-signature\">\n<p style=\"text-align: justify;\">\n<\/div>\n","protected":false},"excerpt":{"rendered":"<p>&nbsp; Ce livre fait suite \u00e0 la premi\u00e8re \u00e9dition des Rencontres universitaires La science \u00e0 travers la fiction, \u00e0 laquelle plusieurs membres de l&rsquo;\u00e9quipe Ai\u00f4n ont particip\u00e9. Il pr\u00e9sente diff\u00e9rents regards de chercheurs sur le ph\u00e9nom\u00e8ne \u00ab\u00a0zombie\u00a0\u00bb, selon une approche pluridisciplinaire (\u00e9tudes cin\u00e9matographiques, g\u00e9ographie, biologie, neurosciences, litt\u00e9rature, sciences de l&rsquo;information et de la communication, etc.). [&hellip;]<\/p>\n","protected":false},"author":1,"featured_media":0,"parent":20,"menu_order":0,"comment_status":"closed","ping_status":"closed","template":"","meta":{"footnotes":""},"class_list":["post-508","page","type-page","status-publish","hentry"],"_links":{"self":[{"href":"https:\/\/aion-project.org\/blog\/index.php?rest_route=\/wp\/v2\/pages\/508","targetHints":{"allow":["GET"]}}],"collection":[{"href":"https:\/\/aion-project.org\/blog\/index.php?rest_route=\/wp\/v2\/pages"}],"about":[{"href":"https:\/\/aion-project.org\/blog\/index.php?rest_route=\/wp\/v2\/types\/page"}],"author":[{"embeddable":true,"href":"https:\/\/aion-project.org\/blog\/index.php?rest_route=\/wp\/v2\/users\/1"}],"replies":[{"embeddable":true,"href":"https:\/\/aion-project.org\/blog\/index.php?rest_route=%2Fwp%2Fv2%2Fcomments&post=508"}],"version-history":[{"count":8,"href":"https:\/\/aion-project.org\/blog\/index.php?rest_route=\/wp\/v2\/pages\/508\/revisions"}],"predecessor-version":[{"id":1021,"href":"https:\/\/aion-project.org\/blog\/index.php?rest_route=\/wp\/v2\/pages\/508\/revisions\/1021"}],"up":[{"embeddable":true,"href":"https:\/\/aion-project.org\/blog\/index.php?rest_route=\/wp\/v2\/pages\/20"}],"wp:attachment":[{"href":"https:\/\/aion-project.org\/blog\/index.php?rest_route=%2Fwp%2Fv2%2Fmedia&parent=508"}],"curies":[{"name":"wp","href":"https:\/\/api.w.org\/{rel}","templated":true}]}}