{"id":471,"date":"2020-03-30T09:09:09","date_gmt":"2020-03-30T09:09:09","guid":{"rendered":"https:\/\/aion-project.org\/blog\/?page_id=471"},"modified":"2021-07-17T09:28:14","modified_gmt":"2021-07-17T09:28:14","slug":"temporalites-et-imaginaires-du-jeu","status":"publish","type":"page","link":"https:\/\/aion-project.org\/blog\/?page_id=471","title":{"rendered":"Temporalit\u00e9s et imaginaires du jeu"},"content":{"rendered":"<p>&nbsp;<\/p>\n<p style=\"text-align: center;\"><span style=\"font-family: book antiqua, palatino, serif; font-size: 18pt;\"><strong>Ce colloque, \u00e0 l\u2019initiative d&rsquo;Ai\u00f4n, est en collaboration avec le CREM de Lorraine. <\/strong><strong>Il s&rsquo;est d\u00e9roul\u00e9 en hybride \u00e0 Metz, les 9 et 10 juin 2021.<\/strong><br \/>\n<\/span><\/p>\n<p>&nbsp;<\/p>\n<p><span style=\"font-family: book antiqua, palatino, serif; font-size: 18pt;\"><img loading=\"lazy\" decoding=\"async\" class=\"size-large wp-image-740 aligncenter\" src=\"https:\/\/aion-project.org\/blog\/wp-content\/uploads\/2021\/05\/210609_temporalites-et-imaginaires-du-jeu-affiche-722x1024.jpg\" alt=\"\" width=\"722\" height=\"1024\" srcset=\"https:\/\/aion-project.org\/blog\/wp-content\/uploads\/2021\/05\/210609_temporalites-et-imaginaires-du-jeu-affiche-722x1024.jpg 722w, https:\/\/aion-project.org\/blog\/wp-content\/uploads\/2021\/05\/210609_temporalites-et-imaginaires-du-jeu-affiche-211x300.jpg 211w, https:\/\/aion-project.org\/blog\/wp-content\/uploads\/2021\/05\/210609_temporalites-et-imaginaires-du-jeu-affiche-768x1090.jpg 768w, https:\/\/aion-project.org\/blog\/wp-content\/uploads\/2021\/05\/210609_temporalites-et-imaginaires-du-jeu-affiche.jpg 874w\" sizes=\"auto, (max-width: 722px) 100vw, 722px\" \/><\/span><\/p>\n<p>&nbsp;<\/p>\n<p>&nbsp;<\/p>\n<p style=\"text-align: center;\"><span style=\"color: #993366; font-family: book antiqua, palatino, serif; font-size: 18pt;\"><a style=\"color: #993366;\" href=\"https:\/\/aion-project.org\/blog\/wp-content\/uploads\/2021\/05\/210609_temporalites-et-imaginaires-du-jeu_programme-web_VFinale.pdf\"><span style=\"color: #800080;\">Programme \u00ab\u00a0Temporalit\u00e9s et imaginaires du jeu\u00a0\u00bb<\/span><\/a><\/span><\/p>\n<p style=\"text-align: center;\"><span style=\"color: #800080; font-family: book antiqua, palatino, serif; font-size: 18pt;\"><a style=\"color: #800080;\" href=\"https:\/\/aion-project.org\/blog\/wp-content\/uploads\/2020\/04\/AAC-Temporalites-et-imaginaires-du-jeu.pdf\"> Appel \u00e0\u00a0 communications \u00ab\u00a0Temporalit\u00e9s et imaginaires du jeu\u00a0\u00bb<\/a><\/span><\/p>\n<p>&nbsp;<\/p>\n<p style=\"text-align: center;\"><span style=\"font-family: book antiqua, palatino, serif; font-size: 18pt;\"><strong><span style=\"color: #800080;\">Les vid\u00e9os de chaque pr\u00e9sentation sont disponibles <a href=\"https:\/\/videos.univ-lorraine.fr\/index.php?act=view&amp;id_col=869\">ici <\/a><\/span><\/strong><\/span><\/p>\n<p>&nbsp;<\/p>\n<p style=\"text-align: center;\"><span style=\"font-family: book antiqua, palatino, serif; font-size: 18pt;\"><strong><span style=\"color: #800080;\">Quelques photos <span style=\"color: #800080;\">souvenirs<\/span> du colloque. Un grand merci \u00e0 tous les participants <\/span><\/strong><\/span><\/p>\n<p><span style=\"font-family: book antiqua, palatino, serif; font-size: 18pt;\"><img loading=\"lazy\" decoding=\"async\" class=\"size-large wp-image-745 aligncenter\" src=\"https:\/\/aion-project.org\/blog\/wp-content\/uploads\/2021\/06\/20210609_091015-1024x498.jpg\" alt=\"\" width=\"960\" height=\"467\" srcset=\"https:\/\/aion-project.org\/blog\/wp-content\/uploads\/2021\/06\/20210609_091015-1024x498.jpg 1024w, https:\/\/aion-project.org\/blog\/wp-content\/uploads\/2021\/06\/20210609_091015-300x146.jpg 300w, https:\/\/aion-project.org\/blog\/wp-content\/uploads\/2021\/06\/20210609_091015-768x373.jpg 768w, https:\/\/aion-project.org\/blog\/wp-content\/uploads\/2021\/06\/20210609_091015-1536x747.jpg 1536w, https:\/\/aion-project.org\/blog\/wp-content\/uploads\/2021\/06\/20210609_091015-2048x996.jpg 2048w, https:\/\/aion-project.org\/blog\/wp-content\/uploads\/2021\/06\/20210609_091015-1140x554.jpg 1140w\" sizes=\"auto, (max-width: 960px) 100vw, 960px\" \/> <img loading=\"lazy\" decoding=\"async\" class=\"size-large wp-image-747 aligncenter\" src=\"https:\/\/aion-project.org\/blog\/wp-content\/uploads\/2021\/06\/20210609_122929-1024x498.jpg\" alt=\"\" width=\"960\" height=\"467\" srcset=\"https:\/\/aion-project.org\/blog\/wp-content\/uploads\/2021\/06\/20210609_122929-1024x498.jpg 1024w, https:\/\/aion-project.org\/blog\/wp-content\/uploads\/2021\/06\/20210609_122929-300x146.jpg 300w, https:\/\/aion-project.org\/blog\/wp-content\/uploads\/2021\/06\/20210609_122929-768x373.jpg 768w, https:\/\/aion-project.org\/blog\/wp-content\/uploads\/2021\/06\/20210609_122929-1536x747.jpg 1536w, https:\/\/aion-project.org\/blog\/wp-content\/uploads\/2021\/06\/20210609_122929-2048x996.jpg 2048w, https:\/\/aion-project.org\/blog\/wp-content\/uploads\/2021\/06\/20210609_122929-1140x554.jpg 1140w\" sizes=\"auto, (max-width: 960px) 100vw, 960px\" \/> <img loading=\"lazy\" decoding=\"async\" class=\"size-large wp-image-750 aligncenter\" src=\"https:\/\/aion-project.org\/blog\/wp-content\/uploads\/2021\/06\/20210610_114702-1024x498.jpg\" alt=\"\" width=\"960\" height=\"467\" srcset=\"https:\/\/aion-project.org\/blog\/wp-content\/uploads\/2021\/06\/20210610_114702-1024x498.jpg 1024w, https:\/\/aion-project.org\/blog\/wp-content\/uploads\/2021\/06\/20210610_114702-300x146.jpg 300w, https:\/\/aion-project.org\/blog\/wp-content\/uploads\/2021\/06\/20210610_114702-768x373.jpg 768w, https:\/\/aion-project.org\/blog\/wp-content\/uploads\/2021\/06\/20210610_114702-1536x747.jpg 1536w, https:\/\/aion-project.org\/blog\/wp-content\/uploads\/2021\/06\/20210610_114702-2048x996.jpg 2048w, https:\/\/aion-project.org\/blog\/wp-content\/uploads\/2021\/06\/20210610_114702-1140x554.jpg 1140w\" sizes=\"auto, (max-width: 960px) 100vw, 960px\" \/> <img loading=\"lazy\" decoding=\"async\" class=\"size-large wp-image-751 aligncenter\" src=\"https:\/\/aion-project.org\/blog\/wp-content\/uploads\/2021\/06\/20210610_173006-1024x498.jpg\" alt=\"\" width=\"960\" height=\"467\" srcset=\"https:\/\/aion-project.org\/blog\/wp-content\/uploads\/2021\/06\/20210610_173006-1024x498.jpg 1024w, https:\/\/aion-project.org\/blog\/wp-content\/uploads\/2021\/06\/20210610_173006-300x146.jpg 300w, https:\/\/aion-project.org\/blog\/wp-content\/uploads\/2021\/06\/20210610_173006-768x373.jpg 768w, https:\/\/aion-project.org\/blog\/wp-content\/uploads\/2021\/06\/20210610_173006-1536x747.jpg 1536w, https:\/\/aion-project.org\/blog\/wp-content\/uploads\/2021\/06\/20210610_173006-2048x996.jpg 2048w, https:\/\/aion-project.org\/blog\/wp-content\/uploads\/2021\/06\/20210610_173006-1140x554.jpg 1140w\" sizes=\"auto, (max-width: 960px) 100vw, 960px\" \/> <img loading=\"lazy\" decoding=\"async\" class=\"size-large wp-image-752 aligncenter\" src=\"https:\/\/aion-project.org\/blog\/wp-content\/uploads\/2021\/06\/E3clKL2XIAIr6Hs-1024x768.jpg\" alt=\"\" width=\"960\" height=\"720\" srcset=\"https:\/\/aion-project.org\/blog\/wp-content\/uploads\/2021\/06\/E3clKL2XIAIr6Hs-1024x768.jpg 1024w, https:\/\/aion-project.org\/blog\/wp-content\/uploads\/2021\/06\/E3clKL2XIAIr6Hs-300x225.jpg 300w, https:\/\/aion-project.org\/blog\/wp-content\/uploads\/2021\/06\/E3clKL2XIAIr6Hs-768x576.jpg 768w, https:\/\/aion-project.org\/blog\/wp-content\/uploads\/2021\/06\/E3clKL2XIAIr6Hs-1536x1152.jpg 1536w, https:\/\/aion-project.org\/blog\/wp-content\/uploads\/2021\/06\/E3clKL2XIAIr6Hs-2048x1536.jpg 2048w, https:\/\/aion-project.org\/blog\/wp-content\/uploads\/2021\/06\/E3clKL2XIAIr6Hs-1140x855.jpg 1140w\" sizes=\"auto, (max-width: 960px) 100vw, 960px\" \/><\/span><\/p>\n<p><span style=\"font-family: book antiqua, palatino, serif; font-size: 18pt;\"><img loading=\"lazy\" decoding=\"async\" class=\"size-large wp-image-754 aligncenter\" src=\"https:\/\/aion-project.org\/blog\/wp-content\/uploads\/2021\/06\/IMG_20210609_190405-1024x768.jpg\" alt=\"\" width=\"960\" height=\"720\" srcset=\"https:\/\/aion-project.org\/blog\/wp-content\/uploads\/2021\/06\/IMG_20210609_190405-1024x768.jpg 1024w, https:\/\/aion-project.org\/blog\/wp-content\/uploads\/2021\/06\/IMG_20210609_190405-300x225.jpg 300w, https:\/\/aion-project.org\/blog\/wp-content\/uploads\/2021\/06\/IMG_20210609_190405-768x576.jpg 768w\" sizes=\"auto, (max-width: 960px) 100vw, 960px\" \/> <img loading=\"lazy\" decoding=\"async\" class=\"size-large wp-image-748 aligncenter\" src=\"https:\/\/aion-project.org\/blog\/wp-content\/uploads\/2021\/06\/20210609_184110-1024x498.jpg\" alt=\"\" width=\"960\" height=\"467\" srcset=\"https:\/\/aion-project.org\/blog\/wp-content\/uploads\/2021\/06\/20210609_184110-1024x498.jpg 1024w, https:\/\/aion-project.org\/blog\/wp-content\/uploads\/2021\/06\/20210609_184110-300x146.jpg 300w, https:\/\/aion-project.org\/blog\/wp-content\/uploads\/2021\/06\/20210609_184110-768x373.jpg 768w, https:\/\/aion-project.org\/blog\/wp-content\/uploads\/2021\/06\/20210609_184110-1536x747.jpg 1536w, https:\/\/aion-project.org\/blog\/wp-content\/uploads\/2021\/06\/20210609_184110-2048x996.jpg 2048w, https:\/\/aion-project.org\/blog\/wp-content\/uploads\/2021\/06\/20210609_184110-1140x554.jpg 1140w\" sizes=\"auto, (max-width: 960px) 100vw, 960px\" \/> <img loading=\"lazy\" decoding=\"async\" class=\"size-large wp-image-749 aligncenter\" src=\"https:\/\/aion-project.org\/blog\/wp-content\/uploads\/2021\/06\/20210609_190541-1024x498.jpg\" alt=\"\" width=\"960\" height=\"467\" srcset=\"https:\/\/aion-project.org\/blog\/wp-content\/uploads\/2021\/06\/20210609_190541-1024x498.jpg 1024w, https:\/\/aion-project.org\/blog\/wp-content\/uploads\/2021\/06\/20210609_190541-300x146.jpg 300w, https:\/\/aion-project.org\/blog\/wp-content\/uploads\/2021\/06\/20210609_190541-768x373.jpg 768w, https:\/\/aion-project.org\/blog\/wp-content\/uploads\/2021\/06\/20210609_190541-1536x747.jpg 1536w, https:\/\/aion-project.org\/blog\/wp-content\/uploads\/2021\/06\/20210609_190541-2048x996.jpg 2048w, https:\/\/aion-project.org\/blog\/wp-content\/uploads\/2021\/06\/20210609_190541-1140x554.jpg 1140w\" sizes=\"auto, (max-width: 960px) 100vw, 960px\" \/><\/span><\/p>\n<p><span style=\"font-family: book antiqua, palatino, serif; font-size: 18pt;\"><img loading=\"lazy\" decoding=\"async\" class=\"size-large wp-image-760 aligncenter\" src=\"https:\/\/aion-project.org\/blog\/wp-content\/uploads\/2021\/06\/IMG_20210609_190647-1024x768.jpg\" alt=\"\" width=\"960\" height=\"720\" srcset=\"https:\/\/aion-project.org\/blog\/wp-content\/uploads\/2021\/06\/IMG_20210609_190647-1024x768.jpg 1024w, https:\/\/aion-project.org\/blog\/wp-content\/uploads\/2021\/06\/IMG_20210609_190647-300x225.jpg 300w, https:\/\/aion-project.org\/blog\/wp-content\/uploads\/2021\/06\/IMG_20210609_190647-768x576.jpg 768w\" sizes=\"auto, (max-width: 960px) 100vw, 960px\" \/><\/span><\/p>\n","protected":false},"excerpt":{"rendered":"<p>&nbsp; Ce colloque, \u00e0 l\u2019initiative d&rsquo;Ai\u00f4n, est en collaboration avec le CREM de Lorraine. Il s&rsquo;est d\u00e9roul\u00e9 en hybride \u00e0 Metz, les 9 et 10 juin 2021. &nbsp; &nbsp; &nbsp; Programme \u00ab\u00a0Temporalit\u00e9s et imaginaires du jeu\u00a0\u00bb Appel \u00e0\u00a0 communications \u00ab\u00a0Temporalit\u00e9s et imaginaires du jeu\u00a0\u00bb &nbsp; Les vid\u00e9os de chaque pr\u00e9sentation sont disponibles ici &nbsp; Quelques [&hellip;]<\/p>\n","protected":false},"author":1,"featured_media":0,"parent":22,"menu_order":0,"comment_status":"closed","ping_status":"closed","template":"","meta":{"footnotes":""},"class_list":["post-471","page","type-page","status-publish","hentry"],"_links":{"self":[{"href":"https:\/\/aion-project.org\/blog\/index.php?rest_route=\/wp\/v2\/pages\/471","targetHints":{"allow":["GET"]}}],"collection":[{"href":"https:\/\/aion-project.org\/blog\/index.php?rest_route=\/wp\/v2\/pages"}],"about":[{"href":"https:\/\/aion-project.org\/blog\/index.php?rest_route=\/wp\/v2\/types\/page"}],"author":[{"embeddable":true,"href":"https:\/\/aion-project.org\/blog\/index.php?rest_route=\/wp\/v2\/users\/1"}],"replies":[{"embeddable":true,"href":"https:\/\/aion-project.org\/blog\/index.php?rest_route=%2Fwp%2Fv2%2Fcomments&post=471"}],"version-history":[{"count":16,"href":"https:\/\/aion-project.org\/blog\/index.php?rest_route=\/wp\/v2\/pages\/471\/revisions"}],"predecessor-version":[{"id":1005,"href":"https:\/\/aion-project.org\/blog\/index.php?rest_route=\/wp\/v2\/pages\/471\/revisions\/1005"}],"up":[{"embeddable":true,"href":"https:\/\/aion-project.org\/blog\/index.php?rest_route=\/wp\/v2\/pages\/22"}],"wp:attachment":[{"href":"https:\/\/aion-project.org\/blog\/index.php?rest_route=%2Fwp%2Fv2%2Fmedia&parent=471"}],"curies":[{"name":"wp","href":"https:\/\/api.w.org\/{rel}","templated":true}]}}