{"id":429,"date":"2020-02-18T13:09:25","date_gmt":"2020-02-18T13:09:25","guid":{"rendered":"https:\/\/aion-project.org\/blog\/?page_id=429"},"modified":"2021-10-15T14:48:48","modified_gmt":"2021-10-15T14:48:48","slug":"documentaire-chez-narcisse","status":"publish","type":"page","link":"https:\/\/aion-project.org\/blog\/?page_id=429","title":{"rendered":"Documentaire Chez Narcisse"},"content":{"rendered":"<p style=\"text-align: justify;\"><span style=\"font-family: book antiqua, palatino, serif; font-size: 18pt;\">Co-\u00e9crit par Audrey Tuaillon Dem\u00e9sy et H\u00e9l\u00e8ne Michel-B\u00e9chet, r\u00e9alis\u00e9 par H\u00e9l\u00e8ne Michel-B\u00e9chet et produit par <a href=\"https:\/\/www.sanchoetcompagnie.fr\">Sancho &amp; Co <\/a>, le documentaire <em>Chez Narcisse <\/em>pr\u00e9sente le quotidien de ce lieu de culture alternative en milieu rural. Il raconte l&rsquo;histoire de <em>Chez Narcisse<\/em>, entre bistrot de village et haut lieu de la sc\u00e8ne musicale alternative fran\u00e7aise.<\/span><\/p>\n<p><span style=\"font-family: book antiqua, palatino, serif; font-size: 18pt;\">Un article de journal, \u00e9crit par Cyprien Rome sur le projet :\u00a0<a href=\"https:\/\/aion-project.org\/blog\/wp-content\/uploads\/2020\/02\/vosgesterredepunk.pdf\">vosgesterredepunk<\/a><\/span><\/p>\n<p>&nbsp;<\/p>\n<p style=\"text-align: center;\"><span style=\"font-family: book antiqua, palatino, serif; font-size: 18pt;\"><strong>Plus d&rsquo;informations <a href=\"https:\/\/www.sanchoetcompagnie.fr\/film\/chez-narcisse\">ici<\/a>.<\/strong><\/span><\/p>\n<p style=\"text-align: center;\"><span style=\"font-family: book antiqua, palatino, serif; font-size: 18pt;\"><strong>Diffusion publique programm\u00e9e prochainement\u00a0 <a href=\"http:\/\/cheznarcisse.com\">Chez Narcisse.<\/a><br \/>\n<\/strong><\/span><\/p>\n<p style=\"text-align: center;\"><span style=\"font-family: book antiqua, palatino, serif; font-size: 18pt;\"><strong><img decoding=\"async\" class=\"zoomImg\" role=\"presentation\" src=\"https:\/\/www.sanchoetcompagnie.fr\/wp-content\/uploads\/2020\/05\/couv-Narc.jpg\" alt=\"\" \/><\/strong><\/span><\/p>\n<p style=\"text-align: justify;\">\n","protected":false},"excerpt":{"rendered":"<p>Co-\u00e9crit par Audrey Tuaillon Dem\u00e9sy et H\u00e9l\u00e8ne Michel-B\u00e9chet, r\u00e9alis\u00e9 par H\u00e9l\u00e8ne Michel-B\u00e9chet et produit par Sancho &amp; Co , le documentaire Chez Narcisse pr\u00e9sente le quotidien de ce lieu de culture alternative en milieu rural. Il raconte l&rsquo;histoire de Chez Narcisse, entre bistrot de village et haut lieu de la sc\u00e8ne musicale alternative fran\u00e7aise. Un [&hellip;]<\/p>\n","protected":false},"author":1,"featured_media":0,"parent":1144,"menu_order":0,"comment_status":"closed","ping_status":"closed","template":"","meta":{"footnotes":""},"class_list":["post-429","page","type-page","status-publish","hentry"],"_links":{"self":[{"href":"https:\/\/aion-project.org\/blog\/index.php?rest_route=\/wp\/v2\/pages\/429","targetHints":{"allow":["GET"]}}],"collection":[{"href":"https:\/\/aion-project.org\/blog\/index.php?rest_route=\/wp\/v2\/pages"}],"about":[{"href":"https:\/\/aion-project.org\/blog\/index.php?rest_route=\/wp\/v2\/types\/page"}],"author":[{"embeddable":true,"href":"https:\/\/aion-project.org\/blog\/index.php?rest_route=\/wp\/v2\/users\/1"}],"replies":[{"embeddable":true,"href":"https:\/\/aion-project.org\/blog\/index.php?rest_route=%2Fwp%2Fv2%2Fcomments&post=429"}],"version-history":[{"count":16,"href":"https:\/\/aion-project.org\/blog\/index.php?rest_route=\/wp\/v2\/pages\/429\/revisions"}],"predecessor-version":[{"id":436,"href":"https:\/\/aion-project.org\/blog\/index.php?rest_route=\/wp\/v2\/pages\/429\/revisions\/436"}],"up":[{"embeddable":true,"href":"https:\/\/aion-project.org\/blog\/index.php?rest_route=\/wp\/v2\/pages\/1144"}],"wp:attachment":[{"href":"https:\/\/aion-project.org\/blog\/index.php?rest_route=%2Fwp%2Fv2%2Fmedia&parent=429"}],"curies":[{"name":"wp","href":"https:\/\/api.w.org\/{rel}","templated":true}]}}