{"id":37,"date":"2019-09-30T18:35:11","date_gmt":"2019-09-30T18:35:11","guid":{"rendered":"https:\/\/aion-project.org\/blog\/?page_id=37"},"modified":"2021-07-17T09:13:50","modified_gmt":"2021-07-17T09:13:50","slug":"sebastien-haissat","status":"publish","type":"page","link":"https:\/\/aion-project.org\/blog\/?page_id=37","title":{"rendered":"S\u00e9bastien Haissat"},"content":{"rendered":"<p align=\"justify\"><span style=\"font-size: 18pt; font-family: book antiqua, palatino, serif;\">S\u00e9bastien Haissat est Ma\u00eetre de conf\u00e9rences, docteur en sociologie \u00e0 l\u2019Universit\u00e9 de Franche-Comt\u00e9. Ses th\u00e9matiques de recherche portent sur les repr\u00e9sentations de l\u2019id\u00e9al f\u00e9minin dans l\u2019imaginaire collectif. L\u2019int\u00e9r\u00eat de son travail r\u00e9side actuellement dans l\u2019analyse des formes d\u2019excellence f\u00e9minines \u00e0 travers le cin\u00e9ma et les s\u00e9ries t\u00e9l\u00e9vis\u00e9es am\u00e9ricaines. Ainsi, selon une approche comparative et socio-historique, il \u00e9tudie la fa\u00e7on dont ces repr\u00e9sentations de l\u2019excellence sont construites.<\/span><\/p>\n<p align=\"justify\"><span style=\"font-family: book antiqua, palatino, serif; font-size: 18pt;\"><strong>Bibliographie<\/strong><\/span><\/p>\n<p align=\"justify\"><span style=\"font-family: book antiqua, palatino, serif; font-size: 18pt;\">Haissat S. \u00ab Les personnages de fiction dans les m\u00e9dias de masse. Expression d\u2019un imaginaire social\u00bb, <em>Carnet hypoth\u00e8ses.org Mundus Fabula<\/em>, mars 2019, en ligne :<a href=\"https:\/\/mf.hypotheses.org\/940\"> https:\/\/mf.hypotheses.org\/940<\/a><\/span><\/p>\n<p align=\"justify\"><span style=\"font-family: book antiqua, palatino, serif; font-size: 18pt;\">Tuaillon Dem\u00e9sy A. et Haissat S. \u00ab\u00a0Quels usages aujourd\u2019hui de la notion d\u2019imaginaire ?\u00a0\u00bb, <em>Carnet hypoth\u00e8ses.org Mundus Fabula<\/em>, mars 2019, en ligne : <span style=\"color: #0000ff;\"><u><a href=\"https:\/\/mf.hypotheses.org\/933\" target=\"_blank\" rel=\"noopener noreferrer\">https:\/\/mf.hypotheses.org\/933<\/a><\/u><\/span>.<\/span><\/p>\n<p align=\"justify\"><span style=\"font-size: 18pt; font-family: book antiqua, palatino, serif;\">Haissat S. \u00ab\u00a0Beaut\u00e9, jugements et r\u00e9ussite\u00a0\u00bb, <em>Interrogations<\/em>, n\u00b0 14, juin 2012, pp. 126-136.<\/span><\/p>\n<p align=\"justify\"><span style=\"font-size: 18pt; font-family: book antiqua, palatino, serif;\">Travaillot Y. et Haissat S. \u00ab\u00a0Corps sportifs : corps \u00e0 la mode au f\u00e9minin depuis les ann\u00e9es soixante ?\u00a0\u00bb, <em>Corps<\/em>, n\u00b0 2, octobre 2006, pp. 19-24. <\/span><\/p>\n<p align=\"justify\">\n","protected":false},"excerpt":{"rendered":"<p>S\u00e9bastien Haissat est Ma\u00eetre de conf\u00e9rences, docteur en sociologie \u00e0 l\u2019Universit\u00e9 de Franche-Comt\u00e9. Ses th\u00e9matiques de recherche portent sur les repr\u00e9sentations de l\u2019id\u00e9al f\u00e9minin dans l\u2019imaginaire collectif. L\u2019int\u00e9r\u00eat de son travail r\u00e9side actuellement dans l\u2019analyse des formes d\u2019excellence f\u00e9minines \u00e0 travers le cin\u00e9ma et les s\u00e9ries t\u00e9l\u00e9vis\u00e9es am\u00e9ricaines. Ainsi, selon une approche comparative et socio-historique, [&hellip;]<\/p>\n","protected":false},"author":1,"featured_media":0,"parent":9,"menu_order":-1,"comment_status":"closed","ping_status":"closed","template":"","meta":{"footnotes":""},"class_list":["post-37","page","type-page","status-publish","hentry"],"_links":{"self":[{"href":"https:\/\/aion-project.org\/blog\/index.php?rest_route=\/wp\/v2\/pages\/37","targetHints":{"allow":["GET"]}}],"collection":[{"href":"https:\/\/aion-project.org\/blog\/index.php?rest_route=\/wp\/v2\/pages"}],"about":[{"href":"https:\/\/aion-project.org\/blog\/index.php?rest_route=\/wp\/v2\/types\/page"}],"author":[{"embeddable":true,"href":"https:\/\/aion-project.org\/blog\/index.php?rest_route=\/wp\/v2\/users\/1"}],"replies":[{"embeddable":true,"href":"https:\/\/aion-project.org\/blog\/index.php?rest_route=%2Fwp%2Fv2%2Fcomments&post=37"}],"version-history":[{"count":8,"href":"https:\/\/aion-project.org\/blog\/index.php?rest_route=\/wp\/v2\/pages\/37\/revisions"}],"predecessor-version":[{"id":971,"href":"https:\/\/aion-project.org\/blog\/index.php?rest_route=\/wp\/v2\/pages\/37\/revisions\/971"}],"up":[{"embeddable":true,"href":"https:\/\/aion-project.org\/blog\/index.php?rest_route=\/wp\/v2\/pages\/9"}],"wp:attachment":[{"href":"https:\/\/aion-project.org\/blog\/index.php?rest_route=%2Fwp%2Fv2%2Fmedia&parent=37"}],"curies":[{"name":"wp","href":"https:\/\/api.w.org\/{rel}","templated":true}]}}