{"id":237,"date":"2019-10-02T11:43:11","date_gmt":"2019-10-02T11:43:11","guid":{"rendered":"https:\/\/aion-project.org\/blog\/?page_id=237"},"modified":"2021-07-17T09:16:15","modified_gmt":"2021-07-17T09:16:15","slug":"olivier-caira","status":"publish","type":"page","link":"https:\/\/aion-project.org\/blog\/?page_id=237","title":{"rendered":"Olivier Ca\u00efra"},"content":{"rendered":"<p align=\"justify\"><span style=\"font-family: book antiqua, palatino, serif; font-size: 18pt;\">Olivier Ca\u00efra est Ma\u00eetre de Conf\u00e9rences \u00e0 l&rsquo;IUT d&rsquo;Evry (Universit\u00e9 Paris-Saclay). Il conduit ses recherches au Centre Pierre Naville (Evry) et au CRAL (EHESS Paris) sur les exp\u00e9riences de la fiction, la sc\u00e9narisation interactive et les industries de loisir.<\/span><\/p>\n<p align=\"justify\"><span style=\"font-family: book antiqua, palatino, serif; font-size: 18pt;\">Outre ses recherches, il est \u00e9galement auteur de jeux de r\u00f4le et de jeux de soci\u00e9t\u00e9.<\/span><\/p>\n<p align=\"justify\"><span style=\"font-family: book antiqua, palatino, serif; font-size: 18pt;\"><strong>Bibliographie <\/strong><\/span><\/p>\n<p align=\"justify\"><span style=\"font-family: book antiqua, palatino, serif; font-size: 18pt;\">Ca\u00efra O., <em>Hollywood face \u00e0 la censure<\/em>, 2005, Paris, CNRS \u00c9ditions.<\/span><\/p>\n<p align=\"justify\"><span style=\"font-family: book antiqua, palatino, serif; font-size: 18pt;\">Ca\u00efra O., <em>Jeux de r\u00f4le : les forges de la fiction<\/em>, 2007, Paris, CNRS \u00c9ditions.<\/span><\/p>\n<p align=\"justify\"><span style=\"font-family: book antiqua, palatino, serif; font-size: 18pt;\">Ca\u00efra O., <em>D\u00e9finir la fiction<\/em>, 2011, Paris, \u00c9ditions de l&rsquo;EHESS.<\/span><\/p>\n<p align=\"justify\"><span style=\"font-family: book antiqua, palatino, serif; font-size: 18pt;\">Ca\u00efra O., <em>Le Cerveau comme machine<\/em>, 2019, Ch\u00eane-Bourg, Georg.<\/span><\/p>\n<p align=\"justify\"><span style=\"font-family: book antiqua, palatino, serif; font-size: 18pt;\">Ca\u00efra O. et Hamus-Vall\u00e9e R., <em>Le Goof au cin\u00e9ma<\/em>, 2019, Paris, L&rsquo;Harmattan.<\/span><\/p>\n","protected":false},"excerpt":{"rendered":"<p>Olivier Ca\u00efra est Ma\u00eetre de Conf\u00e9rences \u00e0 l&rsquo;IUT d&rsquo;Evry (Universit\u00e9 Paris-Saclay). Il conduit ses recherches au Centre Pierre Naville (Evry) et au CRAL (EHESS Paris) sur les exp\u00e9riences de la fiction, la sc\u00e9narisation interactive et les industries de loisir. Outre ses recherches, il est \u00e9galement auteur de jeux de r\u00f4le et de jeux de soci\u00e9t\u00e9. [&hellip;]<\/p>\n","protected":false},"author":1,"featured_media":0,"parent":9,"menu_order":0,"comment_status":"closed","ping_status":"closed","template":"","meta":{"footnotes":""},"class_list":["post-237","page","type-page","status-publish","hentry"],"_links":{"self":[{"href":"https:\/\/aion-project.org\/blog\/index.php?rest_route=\/wp\/v2\/pages\/237","targetHints":{"allow":["GET"]}}],"collection":[{"href":"https:\/\/aion-project.org\/blog\/index.php?rest_route=\/wp\/v2\/pages"}],"about":[{"href":"https:\/\/aion-project.org\/blog\/index.php?rest_route=\/wp\/v2\/types\/page"}],"author":[{"embeddable":true,"href":"https:\/\/aion-project.org\/blog\/index.php?rest_route=\/wp\/v2\/users\/1"}],"replies":[{"embeddable":true,"href":"https:\/\/aion-project.org\/blog\/index.php?rest_route=%2Fwp%2Fv2%2Fcomments&post=237"}],"version-history":[{"count":6,"href":"https:\/\/aion-project.org\/blog\/index.php?rest_route=\/wp\/v2\/pages\/237\/revisions"}],"predecessor-version":[{"id":982,"href":"https:\/\/aion-project.org\/blog\/index.php?rest_route=\/wp\/v2\/pages\/237\/revisions\/982"}],"up":[{"embeddable":true,"href":"https:\/\/aion-project.org\/blog\/index.php?rest_route=\/wp\/v2\/pages\/9"}],"wp:attachment":[{"href":"https:\/\/aion-project.org\/blog\/index.php?rest_route=%2Fwp%2Fv2%2Fmedia&parent=237"}],"curies":[{"name":"wp","href":"https:\/\/api.w.org\/{rel}","templated":true}]}}