{"id":228,"date":"2019-10-02T11:37:15","date_gmt":"2019-10-02T11:37:15","guid":{"rendered":"https:\/\/aion-project.org\/blog\/?page_id=228"},"modified":"2026-02-07T12:11:45","modified_gmt":"2026-02-07T12:11:45","slug":"orlane-messey","status":"publish","type":"page","link":"https:\/\/aion-project.org\/blog\/?page_id=228","title":{"rendered":"Orlane Messey"},"content":{"rendered":"<p style=\"text-align: justify;\"><span style=\"font-family: book antiqua, palatino, serif; font-size: 18pt;\">Orlane Messey est Ma\u00eetre de conf\u00e9rences en STAPS, \u00e0 l&rsquo;Universit\u00e9 Marie et Louis Pasteur, laboratoire C3S, UR 4660). Sa th\u00e8se, soutenue en janvier 2024, portait sur le roller derby :<em> \u00ab C&rsquo;est du sport, tu t&rsquo;attendais \u00e0 quoi ?<\/em><\/span><span style=\"font-size: 18pt;\">\u00bb <\/span><span style=\"font-family: book antiqua, palatino, serif; font-size: 18pt;\"><em>D&rsquo;un entre-soi permissif \u00e0 un sport inclusif : le cas du roller derby fran\u00e7ais.\u00a0<\/em>Ses recherches actuelles portent sur les imaginaires de la pilosit\u00e9.\u00a0<\/span><\/p>\n<p style=\"text-align: justify;\"><span style=\"font-family: book antiqua, palatino, serif; font-size: 18pt;\">\u00a0<\/span><\/p>\n","protected":false},"excerpt":{"rendered":"<p>Orlane Messey est Ma\u00eetre de conf\u00e9rences en STAPS, \u00e0 l&rsquo;Universit\u00e9 Marie et Louis Pasteur, laboratoire C3S, UR 4660). Sa th\u00e8se, soutenue en janvier 2024, portait sur le roller derby : \u00ab C&rsquo;est du sport, tu t&rsquo;attendais \u00e0 quoi ?\u00bb D&rsquo;un entre-soi permissif \u00e0 un sport inclusif : le cas du roller derby fran\u00e7ais.\u00a0Ses recherches actuelles [&hellip;]<\/p>\n","protected":false},"author":1,"featured_media":0,"parent":9,"menu_order":0,"comment_status":"closed","ping_status":"closed","template":"","meta":{"footnotes":""},"class_list":["post-228","page","type-page","status-publish","hentry"],"_links":{"self":[{"href":"https:\/\/aion-project.org\/blog\/index.php?rest_route=\/wp\/v2\/pages\/228","targetHints":{"allow":["GET"]}}],"collection":[{"href":"https:\/\/aion-project.org\/blog\/index.php?rest_route=\/wp\/v2\/pages"}],"about":[{"href":"https:\/\/aion-project.org\/blog\/index.php?rest_route=\/wp\/v2\/types\/page"}],"author":[{"embeddable":true,"href":"https:\/\/aion-project.org\/blog\/index.php?rest_route=\/wp\/v2\/users\/1"}],"replies":[{"embeddable":true,"href":"https:\/\/aion-project.org\/blog\/index.php?rest_route=%2Fwp%2Fv2%2Fcomments&post=228"}],"version-history":[{"count":9,"href":"https:\/\/aion-project.org\/blog\/index.php?rest_route=\/wp\/v2\/pages\/228\/revisions"}],"predecessor-version":[{"id":956,"href":"https:\/\/aion-project.org\/blog\/index.php?rest_route=\/wp\/v2\/pages\/228\/revisions\/956"}],"up":[{"embeddable":true,"href":"https:\/\/aion-project.org\/blog\/index.php?rest_route=\/wp\/v2\/pages\/9"}],"wp:attachment":[{"href":"https:\/\/aion-project.org\/blog\/index.php?rest_route=%2Fwp%2Fv2%2Fmedia&parent=228"}],"curies":[{"name":"wp","href":"https:\/\/api.w.org\/{rel}","templated":true}]}}