{"id":226,"date":"2019-10-02T11:35:14","date_gmt":"2019-10-02T11:35:14","guid":{"rendered":"https:\/\/aion-project.org\/blog\/?page_id=226"},"modified":"2026-02-07T12:17:48","modified_gmt":"2026-02-07T12:17:48","slug":"audrey-tuaillon-demesy","status":"publish","type":"page","link":"https:\/\/aion-project.org\/blog\/?page_id=226","title":{"rendered":"Audrey Tuaillon Dem\u00e9sy"},"content":{"rendered":"<p style=\"text-align: justify;\"><span style=\"font-family: book antiqua, palatino, serif; font-size: 18pt;\"><span style=\"color: #000000;\">Audrey Tuaillon Dem\u00e9sy est socio-anthropologue, professeure des universit\u00e9s en STAPS \u00e0 l\u2019Universit\u00e9 Marie et Louis Pasteur (labora<span style=\"font-family: book antiqua, palatino, serif; font-size: 18pt;\">toire C3S, UR 4660). Ses travaux portent sur les cultures alternatives (sports subculturels, reconstitutions historiques, culture punk) et les imaginaires du temps qui les entourent.<\/span><\/span> <span style=\"color: #000000;\">Plus sp\u00e9cifiquement, <\/span><span style=\"color: #000000;\">s<\/span><span style=\"color: #000000;\">es recherches visent \u00e0 comprendre <\/span><span style=\"color: #000000;\">comment <\/span><span style=\"color: #000000;\">sont \u00e9labor\u00e9s et v\u00e9cus des modes de r\u00e9sistance,<\/span> <span style=\"color: #000000;\">p\u00e9rennes ou \u00e9ph\u00e9m\u00e8res, d<\/span><span style=\"color: #000000;\"><span style=\"font-family: book antiqua, palatino, serif;\">ans<\/span> <\/span><span style=\"color: #000000;\">diverses<\/span><span style=\"color: #000000;\"> situations ludiques.\u00a0<\/span><\/span><\/p>\n<p style=\"text-align: justify;\"><span style=\"font-family: book antiqua, palatino, serif; font-size: 18pt;\">\u00a0<\/span><\/p>\n<p><span style=\"font-family: book antiqua, palatino, serif; font-size: 18pt;\"><strong>Bibliographie<\/strong><\/span><\/p>\n<p class=\"western\" lang=\"it-IT\" align=\"justify\"><span style=\"font-family: book antiqua, palatino, serif; font-size: 18pt;\"><span lang=\"fr-FR\">Tuaillon Dem\u00e9sy A. <\/span><span lang=\"fr-FR\">\u00ab\u00a0&lsquo;Il ne faut jamais tuer l\u2019enfant&rsquo;<\/span><span lang=\"fr-FR\">. L\u2019expression du temps dans la culture punk \u00e0 travers l\u2019exemple de Chez Narcisse\u00a0\u00bb<\/span><span lang=\"fr-FR\">, <\/span><span lang=\"fr-FR\"><i>Temporalit\u00e9s<\/i><\/span><span lang=\"fr-FR\">, <\/span><span lang=\"fr-FR\">n\u00b0<\/span><span lang=\"fr-FR\"> 33, 2021, <\/span><span lang=\"fr-FR\">en ligne\u00a0: <\/span><a href=\"https:\/\/journals.openedition.org\/temporalites\/8493\">https:\/\/journals.openedition.org\/temporalites\/8493<\/a><span lang=\"fr-FR\">.<\/span><\/span><\/p>\n<p lang=\"it-IT\"><span style=\"font-family: book antiqua, palatino, serif; font-size: 18pt;\">Tuaillon Dem\u00e9sy A. \u00ab\u00a0\u00catre quiddkid : l&rsquo;engagement des joueurs dans une pratique alternative\u00a0\u00bb, <em>Sciences du jeu<\/em>, n\u00b0 10, 2018, en ligne : <a href=\"https:\/\/journals.openedition.org\/sdj\/1291\">https:\/\/journals.openedition.org\/sdj\/1291<\/a><\/span><\/p>\n<p class=\"western\" lang=\"it-IT\" style=\"text-align: justify;\"><span style=\"font-family: book antiqua, palatino, serif; font-size: 18pt;\">Tuaillon Dem\u00e9sy A. \u00ab\u00a0Passer un costume pour se glisser dans le pass\u00e9. Savoir-faire et apparence corporelle en reconstitution historique\u00a0\u00bb, <em>Ethnologies<\/em>, vol. 40, n\u00b0 1, 2018, pp. 27-48.<\/span><\/p>\n<p class=\"western\" lang=\"it-IT\" style=\"text-align: justify;\"><span style=\"font-family: book antiqua, palatino, serif; font-size: 18pt;\">Tuaillon Dem\u00e9sy A. \u00ab\u00a0La cuisine des reconstitutions historiques : r\u00e9inventer l\u2019alimentation du pass\u00e9\u00a0\u00bb,<em> Anthropologie et soci\u00e9t\u00e9<\/em>, vol. 42, n\u00b0 1, 2018, pp. 289-309.<\/span><\/p>\n<p class=\"western\" lang=\"it-IT\" style=\"text-align: justify;\"><span style=\"font-family: book antiqua, palatino, serif; font-size: 18pt;\">Tuaillon Dem\u00e9sy A. \u00ab\u00a0Le quidditch moldu. De l\u2019imaginaire \u00e0 la r\u00e9alit\u00e9\u00a0\u00bb, <em>Questions de communication<\/em>, vol. 31, 2017, pp. 393-413.<\/span><\/p>\n<p class=\"western\" lang=\"it-IT\" style=\"text-align: justify;\"><span style=\"font-family: book antiqua, palatino, serif; font-size: 18pt;\">Tuaillon Dem\u00e9sy A. \u00ab\u00a0L&rsquo;histoire vivante m\u00e9di\u00e9vale : pour une ethnographie du \u00ab\u00a0pass\u00e9 contemporain\u00a0\u00bb\u00a0\u00bb, <em>Ethnologie fran\u00e7aise<\/em>, vol. 44, n\u00b0 4, 2014, pp. 725-736<\/span><\/p>\n","protected":false},"excerpt":{"rendered":"<p>Audrey Tuaillon Dem\u00e9sy est socio-anthropologue, professeure des universit\u00e9s en STAPS \u00e0 l\u2019Universit\u00e9 Marie et Louis Pasteur (laboratoire C3S, UR 4660). Ses travaux portent sur les cultures alternatives (sports subculturels, reconstitutions historiques, culture punk) et les imaginaires du temps qui les entourent. Plus sp\u00e9cifiquement, ses recherches visent \u00e0 comprendre comment sont \u00e9labor\u00e9s et v\u00e9cus des modes [&hellip;]<\/p>\n","protected":false},"author":1,"featured_media":0,"parent":9,"menu_order":0,"comment_status":"closed","ping_status":"closed","template":"","meta":{"footnotes":""},"class_list":["post-226","page","type-page","status-publish","hentry"],"_links":{"self":[{"href":"https:\/\/aion-project.org\/blog\/index.php?rest_route=\/wp\/v2\/pages\/226","targetHints":{"allow":["GET"]}}],"collection":[{"href":"https:\/\/aion-project.org\/blog\/index.php?rest_route=\/wp\/v2\/pages"}],"about":[{"href":"https:\/\/aion-project.org\/blog\/index.php?rest_route=\/wp\/v2\/types\/page"}],"author":[{"embeddable":true,"href":"https:\/\/aion-project.org\/blog\/index.php?rest_route=\/wp\/v2\/users\/1"}],"replies":[{"embeddable":true,"href":"https:\/\/aion-project.org\/blog\/index.php?rest_route=%2Fwp%2Fv2%2Fcomments&post=226"}],"version-history":[{"count":9,"href":"https:\/\/aion-project.org\/blog\/index.php?rest_route=\/wp\/v2\/pages\/226\/revisions"}],"predecessor-version":[{"id":1918,"href":"https:\/\/aion-project.org\/blog\/index.php?rest_route=\/wp\/v2\/pages\/226\/revisions\/1918"}],"up":[{"embeddable":true,"href":"https:\/\/aion-project.org\/blog\/index.php?rest_route=\/wp\/v2\/pages\/9"}],"wp:attachment":[{"href":"https:\/\/aion-project.org\/blog\/index.php?rest_route=%2Fwp%2Fv2%2Fmedia&parent=226"}],"curies":[{"name":"wp","href":"https:\/\/api.w.org\/{rel}","templated":true}]}}