{"id":222,"date":"2019-10-02T11:21:30","date_gmt":"2019-10-02T11:21:30","guid":{"rendered":"https:\/\/aion-project.org\/blog\/?page_id=222"},"modified":"2021-07-17T09:16:01","modified_gmt":"2021-07-17T09:16:01","slug":"noemie-budin","status":"publish","type":"page","link":"https:\/\/aion-project.org\/blog\/?page_id=222","title":{"rendered":"No\u00e9mie Budin"},"content":{"rendered":"<p align=\"justify\"><span style=\"font-family: book antiqua, palatino, serif; font-size: 18pt;\">No\u00e9mie Budin est docteure en Langue et Litt\u00e9rature fran\u00e7aises (9<sup>e<\/sup> section) et chercheuse associ\u00e9e au laboratoire LIS (Universit\u00e9 de Lorraine) et \u00e0 l\u2019UMR Litt&amp;Arts (Universit\u00e9 Grenoble Alpes). Sp\u00e9cialiste de l\u2019imaginaire, elle s\u2019int\u00e9resse plus particuli\u00e8rement aux fictions pour adolescents et jeunes adultes ainsi qu\u2019\u00e0 l\u2019imaginaire f\u00e9erique \u00e0 travers la construction de ses mondes et de ses personnages\u00a0tels que les f\u00e9es, les lutins, les licornes, etc.<\/span><\/p>\n<p align=\"justify\"><span style=\"font-family: book antiqua, palatino, serif; font-size: 18pt;\"><strong>Bibliographie<\/strong><\/span><\/p>\n<p align=\"justify\"><span style=\"font-family: book antiqua, palatino, serif; font-size: 18pt;\">Budin N., \u00ab\u00a0Comment le Petit Peuple f\u00e9erique subvertit les adolescents\u00a0\u00bb,<b> <\/b><em>in<\/em> Chelebourg C. et Marcoin F. (dir.), <i>Civiliser\u00a0la jeunesse, Cahiers Robinson<\/i> n\u00b0 38, 2015.<i>\u00a0<\/i><\/span><\/p>\n<p align=\"justify\"><span style=\"font-family: book antiqua, palatino, serif; font-size: 18pt;\">Budin N., \u00ab\u00a0Petit Peuple\u00a0\u00bb, <em>in<\/em> Besson A. (dir.), <i>Dictionnaire de la Fantasy<\/i>, Paris, Vend\u00e9miaire, 2018, pp.316-319.<\/span><\/p>\n<p align=\"justify\"><span style=\"font-family: book antiqua, palatino, serif; font-size: 18pt;\">Budin N., \u00ab\u00a0Il \u00e9tait mi-ours, mi-scorpion et remi-ours derri\u00e8re. Dr\u00f4les de b\u00eates \u00e0 la table ronde\u00a0\u00bb, <em>in<\/em> Besson F. et Breton J. (dir.), <i>Kaamelott, un livre d&rsquo;histoire<\/i>, 2018, Paris, Vend\u00e9miaire, p p.77-85<\/span><\/p>\n<p align=\"justify\"><span style=\"font-family: book antiqua, palatino, serif; font-size: 18pt;\">Chelebourg C. et <span style=\"text-decoration: underline;\">Budin N.<\/span> (dir.), <i>Le Grand Lifting des F\u00e9es : avatars postmodernes du merveilleux, <\/i><em>i quaderni di m@gm@<\/em>, n\u00b0 9, 2018, Rome, Aracne editrice.<\/span><\/p>\n<p align=\"justify\">\n","protected":false},"excerpt":{"rendered":"<p>No\u00e9mie Budin est docteure en Langue et Litt\u00e9rature fran\u00e7aises (9e section) et chercheuse associ\u00e9e au laboratoire LIS (Universit\u00e9 de Lorraine) et \u00e0 l\u2019UMR Litt&amp;Arts (Universit\u00e9 Grenoble Alpes). Sp\u00e9cialiste de l\u2019imaginaire, elle s\u2019int\u00e9resse plus particuli\u00e8rement aux fictions pour adolescents et jeunes adultes ainsi qu\u2019\u00e0 l\u2019imaginaire f\u00e9erique \u00e0 travers la construction de ses mondes et de ses [&hellip;]<\/p>\n","protected":false},"author":1,"featured_media":0,"parent":9,"menu_order":0,"comment_status":"closed","ping_status":"closed","template":"","meta":{"footnotes":""},"class_list":["post-222","page","type-page","status-publish","hentry"],"_links":{"self":[{"href":"https:\/\/aion-project.org\/blog\/index.php?rest_route=\/wp\/v2\/pages\/222","targetHints":{"allow":["GET"]}}],"collection":[{"href":"https:\/\/aion-project.org\/blog\/index.php?rest_route=\/wp\/v2\/pages"}],"about":[{"href":"https:\/\/aion-project.org\/blog\/index.php?rest_route=\/wp\/v2\/types\/page"}],"author":[{"embeddable":true,"href":"https:\/\/aion-project.org\/blog\/index.php?rest_route=\/wp\/v2\/users\/1"}],"replies":[{"embeddable":true,"href":"https:\/\/aion-project.org\/blog\/index.php?rest_route=%2Fwp%2Fv2%2Fcomments&post=222"}],"version-history":[{"count":3,"href":"https:\/\/aion-project.org\/blog\/index.php?rest_route=\/wp\/v2\/pages\/222\/revisions"}],"predecessor-version":[{"id":981,"href":"https:\/\/aion-project.org\/blog\/index.php?rest_route=\/wp\/v2\/pages\/222\/revisions\/981"}],"up":[{"embeddable":true,"href":"https:\/\/aion-project.org\/blog\/index.php?rest_route=\/wp\/v2\/pages\/9"}],"wp:attachment":[{"href":"https:\/\/aion-project.org\/blog\/index.php?rest_route=%2Fwp%2Fv2%2Fmedia&parent=222"}],"curies":[{"name":"wp","href":"https:\/\/api.w.org\/{rel}","templated":true}]}}