{"id":218,"date":"2019-10-02T07:52:17","date_gmt":"2019-10-02T07:52:17","guid":{"rendered":"https:\/\/aion-project.org\/blog\/?page_id=218"},"modified":"2021-07-17T09:15:37","modified_gmt":"2021-07-17T09:15:37","slug":"manouk-borzakian","status":"publish","type":"page","link":"https:\/\/aion-project.org\/blog\/?page_id=218","title":{"rendered":"Manouk Borzakian"},"content":{"rendered":"<p style=\"text-align: justify;\"><span style=\"font-family: book antiqua, palatino, serif; font-size: 18pt;\">Manouk Borzakian est docteur en G\u00e9ographie et enseigne actuellement dans le secondaire. Ses premiers travaux ont concern\u00e9 la dimension spatiale des pratiques sportives et ludiques, <i>i.e.<\/i> le r\u00f4le de l&rsquo;espace comme d\u00e9terminant des pratiques. Ses recherches actuelles portent sur les id\u00e9ologies spatiales v\u00e9hicul\u00e9es par le cin\u00e9ma et les s\u00e9ries t\u00e9l\u00e9vis\u00e9es. En particulier, il s&rsquo;int\u00e9resse aux repr\u00e9sentations \u00e0 l&rsquo;\u00e9cran de l&rsquo;alt\u00e9rit\u00e9 (g\u00e9ographique) et de l&rsquo;ordre socio-spatial &#8211; et des modalit\u00e9s de sa possible transgression.<\/span><\/p>\n<p>&nbsp;<\/p>\n<p style=\"text-align: justify;\"><span style=\"font-family: book antiqua, palatino, serif; font-size: 18pt;\"><strong>Bibliographie<\/strong><\/span><\/p>\n<p style=\"text-align: justify;\"><span style=\"font-family: book antiqua, palatino, serif; font-size: 18pt;\">Borzakian M.,<i> G\u00e9ographie zombie, les ruines du capitalisme<\/i>, 2019, Paris, Playlist Society.<\/span><\/p>\n<p style=\"text-align: justify;\"><span style=\"font-family: book antiqua, palatino, serif; font-size: 18pt;\">Borzakian M., \u00ab\u00a0Une g\u00e9ographie de la France ludique. La dimension spatiale des pratiques culturelles\u00a0\u00bb, <i>Annales de g\u00e9ographie<\/i>, n\u00b0 701, 2015, en ligne.<\/span><\/p>\n<p style=\"text-align: justify;\"><span style=\"font-family: book antiqua, palatino, serif; font-size: 18pt;\">Borzakian M., \u00ab\u00a0G\u00e9ographie morte-vivante. Les espaces ind\u00e9termin\u00e9s des zombies\u00a0\u00bb, <i>Annales de g\u00e9ographie<\/i>, n\u00b0 695-696, 2014, en ligne.<\/span><\/p>\n","protected":false},"excerpt":{"rendered":"<p>Manouk Borzakian est docteur en G\u00e9ographie et enseigne actuellement dans le secondaire. Ses premiers travaux ont concern\u00e9 la dimension spatiale des pratiques sportives et ludiques, i.e. le r\u00f4le de l&rsquo;espace comme d\u00e9terminant des pratiques. Ses recherches actuelles portent sur les id\u00e9ologies spatiales v\u00e9hicul\u00e9es par le cin\u00e9ma et les s\u00e9ries t\u00e9l\u00e9vis\u00e9es. En particulier, il s&rsquo;int\u00e9resse aux [&hellip;]<\/p>\n","protected":false},"author":1,"featured_media":0,"parent":9,"menu_order":0,"comment_status":"closed","ping_status":"closed","template":"","meta":{"footnotes":""},"class_list":["post-218","page","type-page","status-publish","hentry"],"_links":{"self":[{"href":"https:\/\/aion-project.org\/blog\/index.php?rest_route=\/wp\/v2\/pages\/218","targetHints":{"allow":["GET"]}}],"collection":[{"href":"https:\/\/aion-project.org\/blog\/index.php?rest_route=\/wp\/v2\/pages"}],"about":[{"href":"https:\/\/aion-project.org\/blog\/index.php?rest_route=\/wp\/v2\/types\/page"}],"author":[{"embeddable":true,"href":"https:\/\/aion-project.org\/blog\/index.php?rest_route=\/wp\/v2\/users\/1"}],"replies":[{"embeddable":true,"href":"https:\/\/aion-project.org\/blog\/index.php?rest_route=%2Fwp%2Fv2%2Fcomments&post=218"}],"version-history":[{"count":4,"href":"https:\/\/aion-project.org\/blog\/index.php?rest_route=\/wp\/v2\/pages\/218\/revisions"}],"predecessor-version":[{"id":979,"href":"https:\/\/aion-project.org\/blog\/index.php?rest_route=\/wp\/v2\/pages\/218\/revisions\/979"}],"up":[{"embeddable":true,"href":"https:\/\/aion-project.org\/blog\/index.php?rest_route=\/wp\/v2\/pages\/9"}],"wp:attachment":[{"href":"https:\/\/aion-project.org\/blog\/index.php?rest_route=%2Fwp%2Fv2%2Fmedia&parent=218"}],"curies":[{"name":"wp","href":"https:\/\/api.w.org\/{rel}","templated":true}]}}