{"id":213,"date":"2019-10-02T07:45:05","date_gmt":"2019-10-02T07:45:05","guid":{"rendered":"https:\/\/aion-project.org\/blog\/?page_id=213"},"modified":"2021-07-17T09:15:11","modified_gmt":"2021-07-17T09:15:11","slug":"laurent-sebastien-fournier","status":"publish","type":"page","link":"https:\/\/aion-project.org\/blog\/?page_id=213","title":{"rendered":"Laurent S\u00e9bastien Fournier"},"content":{"rendered":"<p style=\"text-align: justify;\"><span style=\"font-family: book antiqua, palatino, serif; font-size: 18pt;\">Laurent S\u00e9bastien Fournier est Professeur des Universit\u00e9s \u00e0 l&rsquo;Universit\u00e9 Nice. Ses recherches concernent l\u2019anthropologie des jeux et sports traditionnels, l\u2019anthropologie des f\u00eates et des rites \u00e0 travers leurs revitalisations et transformations sociales, et la valorisation du patrimoine culturel immat\u00e9riel.<\/span><\/p>\n<p style=\"text-align: justify;\"><span style=\"color: #0563c1; font-family: book antiqua, palatino, serif; font-size: 18pt;\"><u><a href=\"http:\/\/www.idemec.cnrs.fr\/spip.php?article201\">http:\/\/www.idemec.cnrs.fr\/spip.php?article201<\/a><\/u><\/span><\/p>\n<p>&nbsp;<\/p>\n<p style=\"text-align: justify;\"><span style=\"font-family: book antiqua, palatino, serif; font-size: 18pt;\"><strong>Bibliographie<\/strong><\/span><\/p>\n<p style=\"text-align: justify;\"><span style=\"font-family: book antiqua, palatino, serif; font-size: 18pt;\">Crozat, D. et <u>Fournier L. S.<\/u> \u00ab\u00a0De la f\u00eate aux loisirs : \u00e9v\u00e9nement, marchandisation et invention des lieux\u00a0\u00bb, in <i>Annales de G\u00e9ographie<\/i>, n\u00b0 643, 2005, pp. 307-328.<\/span><\/p>\n<p style=\"text-align: justify;\"><span style=\"font-family: book antiqua, palatino, serif; font-size: 18pt;\"><u>Fournier, L. S.<\/u> \u00ab\u00a0Le jeu de soule en France aujourd\u2019hui : un revivalisme sans patrimonialisation\u00a0\u00bb, <i>Ethnologie fran\u00e7aise<\/i>, tome XXXIX, vol. 3, n\u00b0 3, 2009, pp. 471-481.<\/span><\/p>\n<p style=\"text-align: justify;\"><span style=\"font-family: book antiqua, palatino, serif; font-size: 18pt;\"><u>Fournier, L. S.<\/u>, \u00ab\u00a0Les temporalit\u00e9s multiples de l\u2019anthropologie : conceptions culturelles et usages sociaux du temps\u00a0\u00bb, <em>in<\/em> Dubar C. et Thoemmes J. (dir.), <i>Les temporalit\u00e9s dans les sciences sociales<\/i>, 2013, Toulouse, Editions Octar\u00e8s, pp. 99-106.<\/span><\/p>\n<p style=\"text-align: justify;\"><span style=\"font-family: book antiqua, palatino, serif; font-size: 18pt;\"><u>Fournier, L. S.<\/u>, 2019, \u201cTraditional Festivals. <span lang=\"en-US\">From European Ethnology to Festive Studies\u201d, <\/span><span lang=\"en-US\"><i>Journal of Festive Studies<\/i><\/span><span lang=\"en-US\">, vol. 1, n\u00b0 1, 11-26, en ligne : <\/span><span style=\"color: #0563c1;\"><u><a href=\"https:\/\/doi.org\/10.33823\/jfs.2019.1.1.21\"><span lang=\"en-US\">https:\/\/doi.org\/10.33823\/jfs.2019.1.1.21<\/span><\/a><\/u><\/span><span lang=\"en-US\">). <\/span><\/span><\/p>\n<p style=\"text-align: justify;\">\n","protected":false},"excerpt":{"rendered":"<p>Laurent S\u00e9bastien Fournier est Professeur des Universit\u00e9s \u00e0 l&rsquo;Universit\u00e9 Nice. Ses recherches concernent l\u2019anthropologie des jeux et sports traditionnels, l\u2019anthropologie des f\u00eates et des rites \u00e0 travers leurs revitalisations et transformations sociales, et la valorisation du patrimoine culturel immat\u00e9riel. http:\/\/www.idemec.cnrs.fr\/spip.php?article201 &nbsp; Bibliographie Crozat, D. et Fournier L. S. \u00ab\u00a0De la f\u00eate aux loisirs : \u00e9v\u00e9nement, [&hellip;]<\/p>\n","protected":false},"author":1,"featured_media":0,"parent":9,"menu_order":0,"comment_status":"closed","ping_status":"closed","template":"","meta":{"footnotes":""},"class_list":["post-213","page","type-page","status-publish","hentry"],"_links":{"self":[{"href":"https:\/\/aion-project.org\/blog\/index.php?rest_route=\/wp\/v2\/pages\/213","targetHints":{"allow":["GET"]}}],"collection":[{"href":"https:\/\/aion-project.org\/blog\/index.php?rest_route=\/wp\/v2\/pages"}],"about":[{"href":"https:\/\/aion-project.org\/blog\/index.php?rest_route=\/wp\/v2\/types\/page"}],"author":[{"embeddable":true,"href":"https:\/\/aion-project.org\/blog\/index.php?rest_route=\/wp\/v2\/users\/1"}],"replies":[{"embeddable":true,"href":"https:\/\/aion-project.org\/blog\/index.php?rest_route=%2Fwp%2Fv2%2Fcomments&post=213"}],"version-history":[{"count":4,"href":"https:\/\/aion-project.org\/blog\/index.php?rest_route=\/wp\/v2\/pages\/213\/revisions"}],"predecessor-version":[{"id":948,"href":"https:\/\/aion-project.org\/blog\/index.php?rest_route=\/wp\/v2\/pages\/213\/revisions\/948"}],"up":[{"embeddable":true,"href":"https:\/\/aion-project.org\/blog\/index.php?rest_route=\/wp\/v2\/pages\/9"}],"wp:attachment":[{"href":"https:\/\/aion-project.org\/blog\/index.php?rest_route=%2Fwp%2Fv2%2Fmedia&parent=213"}],"curies":[{"name":"wp","href":"https:\/\/api.w.org\/{rel}","templated":true}]}}