{"id":199,"date":"2019-10-02T06:57:21","date_gmt":"2019-10-02T06:57:21","guid":{"rendered":"https:\/\/aion-project.org\/blog\/?page_id=199"},"modified":"2021-07-17T09:14:42","modified_gmt":"2021-07-17T09:14:42","slug":"jim-donaghey","status":"publish","type":"page","link":"https:\/\/aion-project.org\/blog\/?page_id=199","title":{"rendered":"Jim Donaghey"},"content":{"rendered":"<p style=\"text-align: justify;\"><span style=\"font-family: book antiqua, palatino, serif; font-size: 18pt;\"><span lang=\"fr-FR\">Jim Donaghey est chercheur \u00e0 l&rsquo;Universit\u00e9 d&rsquo;Ulster, en Irlande du Nord. Il fait partie du comit\u00e9 \u00e9ditorial de la revue <\/span><span lang=\"fr-FR\"><i>Punk &amp; Post-Punk<\/i><\/span><span lang=\"fr-FR\"> et est l\u2019\u00e9diteur du blog de recherche <a href=\"http:\/\/www.AnarchistStudies.blog\">www.AnarchistStudies.blog<\/a>. Ses recherches concernent les relations entre la culture punk contemporaine et l\u2019anarchisme, dans des contextes incluant l\u2019Indon\u00e9sie, la Royaume Uni, la Pologne et l\u2019Irlande du Nord.<\/span><\/span><\/p>\n<p><span style=\"font-family: book antiqua, palatino, serif; font-size: 18pt;\"><a href=\"https:\/\/qub.academia.edu\/JimDonaghey\"><span lang=\"fr-FR\">https:\/\/qub.academia.edu\/JimDonaghey<\/span><\/a><\/span><\/p>\n<p>&nbsp;<\/p>\n<p><span lang=\"fr-FR\" style=\"font-family: book antiqua, palatino, serif; font-size: 18pt;\"><strong>Bibliographie<\/strong><br \/>\n<\/span><\/p>\n<p><span style=\"font-family: book antiqua, palatino, serif; font-size: 18pt;\"><span lang=\"fr-FR\">Donaghey, J., \u00ab\u00a0Punk en Indon\u00e9sie\u00a0\u00bb, <\/span><span lang=\"fr-FR\"><i>Punkulture, <\/i>n\u00b0<\/span><span lang=\"fr-FR\"> 5, 2018, pp. 60-63.<\/span><\/span><\/p>\n<p><span style=\"font-family: book antiqua, palatino, serif; font-size: 18pt;\">Donaghey, J., \u00ab\u00a0Bakunin Brand Vodka. An exploration into anarchist-punk and punk-anarchism\u00a0\u00bb, <i>Anarchist Developments in Cultural Studies<\/i>, n\u00b0 1, 2013 pp. 138-170.<\/span><\/p>\n<p><span style=\"font-family: book antiqua, palatino, serif; font-size: 18pt;\">Donaghey, J., \u00ab\u00a0\u201cShariah Don&rsquo;t Like It &#8230;?\u201d\u00a0 Punk and Religion in Indonesia\u00a0\u00bb, <i>Punk &amp; Post-Punk<\/i>, vol. 4, n\u00b0 1, 2015, pp. 29-52.<\/span><\/p>\n<p><span style=\"font-family: book antiqua, palatino, serif; font-size: 18pt;\">Donaghey, J., \u00ab\u00a0Dances with Agitators: What is \u201cAnarchist Music\u201d?\u00a0\u00bb, <em>in<\/em> Ruth Kinna and Uri Gordon (eds.), <i>Routledge Handbook of Radical Politics<\/i>, 2019, New York, Routledge, p. 433-452.<\/span><\/p>\n<p>&nbsp;<\/p>\n","protected":false},"excerpt":{"rendered":"<p>Jim Donaghey est chercheur \u00e0 l&rsquo;Universit\u00e9 d&rsquo;Ulster, en Irlande du Nord. Il fait partie du comit\u00e9 \u00e9ditorial de la revue Punk &amp; Post-Punk et est l\u2019\u00e9diteur du blog de recherche www.AnarchistStudies.blog. Ses recherches concernent les relations entre la culture punk contemporaine et l\u2019anarchisme, dans des contextes incluant l\u2019Indon\u00e9sie, la Royaume Uni, la Pologne et l\u2019Irlande [&hellip;]<\/p>\n","protected":false},"author":1,"featured_media":0,"parent":9,"menu_order":0,"comment_status":"closed","ping_status":"closed","template":"","meta":{"footnotes":""},"class_list":["post-199","page","type-page","status-publish","hentry"],"_links":{"self":[{"href":"https:\/\/aion-project.org\/blog\/index.php?rest_route=\/wp\/v2\/pages\/199","targetHints":{"allow":["GET"]}}],"collection":[{"href":"https:\/\/aion-project.org\/blog\/index.php?rest_route=\/wp\/v2\/pages"}],"about":[{"href":"https:\/\/aion-project.org\/blog\/index.php?rest_route=\/wp\/v2\/types\/page"}],"author":[{"embeddable":true,"href":"https:\/\/aion-project.org\/blog\/index.php?rest_route=\/wp\/v2\/users\/1"}],"replies":[{"embeddable":true,"href":"https:\/\/aion-project.org\/blog\/index.php?rest_route=%2Fwp%2Fv2%2Fcomments&post=199"}],"version-history":[{"count":7,"href":"https:\/\/aion-project.org\/blog\/index.php?rest_route=\/wp\/v2\/pages\/199\/revisions"}],"predecessor-version":[{"id":975,"href":"https:\/\/aion-project.org\/blog\/index.php?rest_route=\/wp\/v2\/pages\/199\/revisions\/975"}],"up":[{"embeddable":true,"href":"https:\/\/aion-project.org\/blog\/index.php?rest_route=\/wp\/v2\/pages\/9"}],"wp:attachment":[{"href":"https:\/\/aion-project.org\/blog\/index.php?rest_route=%2Fwp%2Fv2%2Fmedia&parent=199"}],"curies":[{"name":"wp","href":"https:\/\/api.w.org\/{rel}","templated":true}]}}