{"id":1930,"date":"2026-03-09T09:26:42","date_gmt":"2026-03-09T09:26:42","guid":{"rendered":"https:\/\/aion-project.org\/blog\/?page_id=1930"},"modified":"2026-03-09T17:34:52","modified_gmt":"2026-03-09T17:34:52","slug":"socio-anthropologie-de-limaginaire-du-temps-25-03-26","status":"publish","type":"page","link":"https:\/\/aion-project.org\/blog\/?page_id=1930","title":{"rendered":"Socio-anthropologie de l&rsquo;imaginaire du temps 25\/03\/26"},"content":{"rendered":"<p style=\"text-align: justify;\">Ce s\u00e9minaire est conjointement organis\u00e9 \u00e0 Metz par l&rsquo;AJC CREM et la LPCM. 3 membres de l&rsquo;\u00e9quipe (Justine Breton, Laurent Di Filippo, Audrey Tuaillon Dem\u00e9sy) ont pr\u00e9sent\u00e9 Ai\u00f4n : son d\u00e9roulement, ses enjeux th\u00e9oriques et m\u00e9thodologiques, ses questionnements et les suites envisag\u00e9es. L&rsquo;enjeu est est de proposer une restitution du programme de recherche, dans une perspective r\u00e9flexive.<\/p>\n<p style=\"text-align: justify;\"><img loading=\"lazy\" decoding=\"async\" class=\"img-responsive aligncenter\" src=\"https:\/\/www.crem.univ-lorraine.fr\/sites\/default\/files\/users\/images\/260325-seminaire-lpcm-AFFICHE.png\" alt=\"*\" width=\"500\" height=\"706\" \/><\/p>\n<p style=\"text-align: center;\">Plus d&rsquo;information : https:\/\/crem.univ-lorraine.fr\/recherche\/evenements\/socio-anthropologie-de-limaginaire-du-temps<\/p>\n<p>&nbsp;<\/p>\n","protected":false},"excerpt":{"rendered":"<p>Ce s\u00e9minaire est conjointement organis\u00e9 \u00e0 Metz par l&rsquo;AJC CREM et la LPCM. 3 membres de l&rsquo;\u00e9quipe (Justine Breton, Laurent Di Filippo, Audrey Tuaillon Dem\u00e9sy) ont pr\u00e9sent\u00e9 Ai\u00f4n : son d\u00e9roulement, ses enjeux th\u00e9oriques et m\u00e9thodologiques, ses questionnements et les suites envisag\u00e9es. L&rsquo;enjeu est est de proposer une restitution du programme de recherche, dans une [&hellip;]<\/p>\n","protected":false},"author":1,"featured_media":0,"parent":22,"menu_order":0,"comment_status":"closed","ping_status":"closed","template":"","meta":{"footnotes":""},"class_list":["post-1930","page","type-page","status-publish","hentry"],"_links":{"self":[{"href":"https:\/\/aion-project.org\/blog\/index.php?rest_route=\/wp\/v2\/pages\/1930","targetHints":{"allow":["GET"]}}],"collection":[{"href":"https:\/\/aion-project.org\/blog\/index.php?rest_route=\/wp\/v2\/pages"}],"about":[{"href":"https:\/\/aion-project.org\/blog\/index.php?rest_route=\/wp\/v2\/types\/page"}],"author":[{"embeddable":true,"href":"https:\/\/aion-project.org\/blog\/index.php?rest_route=\/wp\/v2\/users\/1"}],"replies":[{"embeddable":true,"href":"https:\/\/aion-project.org\/blog\/index.php?rest_route=%2Fwp%2Fv2%2Fcomments&post=1930"}],"version-history":[{"count":5,"href":"https:\/\/aion-project.org\/blog\/index.php?rest_route=\/wp\/v2\/pages\/1930\/revisions"}],"predecessor-version":[{"id":1936,"href":"https:\/\/aion-project.org\/blog\/index.php?rest_route=\/wp\/v2\/pages\/1930\/revisions\/1936"}],"up":[{"embeddable":true,"href":"https:\/\/aion-project.org\/blog\/index.php?rest_route=\/wp\/v2\/pages\/22"}],"wp:attachment":[{"href":"https:\/\/aion-project.org\/blog\/index.php?rest_route=%2Fwp%2Fv2%2Fmedia&parent=1930"}],"curies":[{"name":"wp","href":"https:\/\/api.w.org\/{rel}","templated":true}]}}