{"id":1922,"date":"2026-02-27T14:34:28","date_gmt":"2026-02-27T14:34:28","guid":{"rendered":"https:\/\/aion-project.org\/blog\/?page_id=1922"},"modified":"2026-02-27T14:37:11","modified_gmt":"2026-02-27T14:37:11","slug":"creer-et-incarner-des-creatures-fantastiques-mundus-fabula","status":"publish","type":"page","link":"https:\/\/aion-project.org\/blog\/?page_id=1922","title":{"rendered":"Cr\u00e9er et incarner des cr\u00e9atures fantastiques &#8211; Mundus Fabula"},"content":{"rendered":"<p style=\"text-align: center;\"><span style=\"font-size: 18pt; font-family: arial, helvetica, sans-serif; color: #ff6600;\"><strong>Dossier <em>Mundus Fabula<\/em> : <\/strong><strong>\u00ab\u00a0Cr\u00e9er et incarner des cr\u00e9atures fantastiques\u00a0\u00bb<\/strong><\/span><\/p>\n<p style=\"text-align: justify;\"><img decoding=\"async\" class=\"featherlight-image featherlight-inner\" src=\"https:\/\/mf.hypotheses.org\/files\/2023\/07\/Lucha_libre_mascaras-scaled.jpg\" alt=\"\" \/><img decoding=\"async\" class=\"featherlight-image featherlight-inner\" src=\"https:\/\/mf.hypotheses.org\/files\/2023\/07\/Lucha_libre_mascaras-scaled.jpg\" alt=\"\" \/><img decoding=\"async\" class=\"featherlight-image featherlight-inner\" src=\"https:\/\/mf.hypotheses.org\/files\/2023\/07\/Lucha_libre_mascaras-scaled.jpg\" alt=\"\" \/><img loading=\"lazy\" decoding=\"async\" class=\"size-large wp-image-1923 aligncenter\" src=\"https:\/\/aion-project.org\/blog\/wp-content\/uploads\/2026\/02\/Lucha_libre_mascaras-scaled-1-1024x678.jpg\" alt=\"\" width=\"525\" height=\"348\" srcset=\"https:\/\/aion-project.org\/blog\/wp-content\/uploads\/2026\/02\/Lucha_libre_mascaras-scaled-1-1024x678.jpg 1024w, https:\/\/aion-project.org\/blog\/wp-content\/uploads\/2026\/02\/Lucha_libre_mascaras-scaled-1-300x199.jpg 300w, https:\/\/aion-project.org\/blog\/wp-content\/uploads\/2026\/02\/Lucha_libre_mascaras-scaled-1-768x509.jpg 768w, https:\/\/aion-project.org\/blog\/wp-content\/uploads\/2026\/02\/Lucha_libre_mascaras-scaled-1-1536x1018.jpg 1536w, https:\/\/aion-project.org\/blog\/wp-content\/uploads\/2026\/02\/Lucha_libre_mascaras-scaled-1-2048x1357.jpg 2048w\" sizes=\"auto, (max-width: 525px) 100vw, 525px\" \/><\/p>\n<p style=\"text-align: justify;\"><span style=\"font-family: arial, helvetica, sans-serif;\">Ce dossier th\u00e9matique de <i>Mundus Fabula<\/i>, pilot\u00e9 par Audrey Tuaillon Dem\u00e9sy et Anne Besson fait suite au colloque \u00e9ponyme qui s&rsquo;est tenu en 2022 et 2023, \u00e0 l&rsquo;Universit\u00e9 d&rsquo;Artois. Ces rencontres \u00e9taient conjointement port\u00e9es par le programme Ai\u00f4n\u00a0et le laboratoire Textes et Cultures (<a href=\"http:\/\/textesetcultures.univ-artois.fr\/\">http:\/\/textesetcultures.univ-artois.fr<\/a>).<\/span><\/p>\n<p><span style=\"font-family: arial, helvetica, sans-serif;\">L&rsquo;ensemble des textes est en libre acc\u00e8s <a href=\"https:\/\/mf.hypotheses.org\/2638\" target=\"_blank\" rel=\"noopener\">ici<\/a>.<\/span><\/p>\n","protected":false},"excerpt":{"rendered":"<p>Dossier Mundus Fabula : \u00ab\u00a0Cr\u00e9er et incarner des cr\u00e9atures fantastiques\u00a0\u00bb Ce dossier th\u00e9matique de Mundus Fabula, pilot\u00e9 par Audrey Tuaillon Dem\u00e9sy et Anne Besson fait suite au colloque \u00e9ponyme qui s&rsquo;est tenu en 2022 et 2023, \u00e0 l&rsquo;Universit\u00e9 d&rsquo;Artois. Ces rencontres \u00e9taient conjointement port\u00e9es par le programme Ai\u00f4n\u00a0et le laboratoire Textes et Cultures (http:\/\/textesetcultures.univ-artois.fr). L&rsquo;ensemble [&hellip;]<\/p>\n","protected":false},"author":1,"featured_media":0,"parent":20,"menu_order":0,"comment_status":"closed","ping_status":"closed","template":"","meta":{"footnotes":""},"class_list":["post-1922","page","type-page","status-publish","hentry"],"_links":{"self":[{"href":"https:\/\/aion-project.org\/blog\/index.php?rest_route=\/wp\/v2\/pages\/1922","targetHints":{"allow":["GET"]}}],"collection":[{"href":"https:\/\/aion-project.org\/blog\/index.php?rest_route=\/wp\/v2\/pages"}],"about":[{"href":"https:\/\/aion-project.org\/blog\/index.php?rest_route=\/wp\/v2\/types\/page"}],"author":[{"embeddable":true,"href":"https:\/\/aion-project.org\/blog\/index.php?rest_route=\/wp\/v2\/users\/1"}],"replies":[{"embeddable":true,"href":"https:\/\/aion-project.org\/blog\/index.php?rest_route=%2Fwp%2Fv2%2Fcomments&post=1922"}],"version-history":[{"count":3,"href":"https:\/\/aion-project.org\/blog\/index.php?rest_route=\/wp\/v2\/pages\/1922\/revisions"}],"predecessor-version":[{"id":1926,"href":"https:\/\/aion-project.org\/blog\/index.php?rest_route=\/wp\/v2\/pages\/1922\/revisions\/1926"}],"up":[{"embeddable":true,"href":"https:\/\/aion-project.org\/blog\/index.php?rest_route=\/wp\/v2\/pages\/20"}],"wp:attachment":[{"href":"https:\/\/aion-project.org\/blog\/index.php?rest_route=%2Fwp%2Fv2%2Fmedia&parent=1922"}],"curies":[{"name":"wp","href":"https:\/\/api.w.org\/{rel}","templated":true}]}}