{"id":1863,"date":"2025-06-23T17:51:29","date_gmt":"2025-06-23T17:51:29","guid":{"rendered":"https:\/\/aion-project.org\/blog\/?page_id=1863"},"modified":"2025-07-17T10:03:55","modified_gmt":"2025-07-17T10:03:55","slug":"capas-seminar-2025","status":"publish","type":"page","link":"https:\/\/aion-project.org\/blog\/?page_id=1863","title":{"rendered":"CAPAS Seminar 2025"},"content":{"rendered":"<p style=\"text-align: justify;\"><span style=\"font-family: book antiqua, palatino, serif; font-size: 18pt;\">Dans le cadre des s\u00e9minaires organis\u00e9s par le <a href=\"https:\/\/www.capas.uni-heidelberg.de\/en\/research\" target=\"_blank\" rel=\"noopener\">CAPAS<\/a> (Universit\u00e9 d&rsquo;Heidelberg), Audrey Tuaillon Dem\u00e9sy est intervenue pour une conf\u00e9rence durant la semaine du 7 juillet sur la th\u00e9matique suivante : <em>From imaginaries of time to socio-anthropology of post-apocalyptic leisure activities. <\/em>L&rsquo;ensemble de la semaine, organis\u00e9e par Jim Donaghey (Fellow au CAPAS pour l&rsquo;ann\u00e9e 2025), mettait l&rsquo;accent sur les loisirs post-apocalyptiques.\u00a0<\/span><\/p>\n<p><img loading=\"lazy\" decoding=\"async\" class=\"size-full wp-image-1870 aligncenter\" src=\"https:\/\/aion-project.org\/blog\/wp-content\/uploads\/2025\/07\/Image-collee.png\" alt=\"\" width=\"594\" height=\"752\" srcset=\"https:\/\/aion-project.org\/blog\/wp-content\/uploads\/2025\/07\/Image-collee.png 594w, https:\/\/aion-project.org\/blog\/wp-content\/uploads\/2025\/07\/Image-collee-237x300.png 237w\" sizes=\"auto, (max-width: 594px) 100vw, 594px\" \/><\/p>\n","protected":false},"excerpt":{"rendered":"<p>Dans le cadre des s\u00e9minaires organis\u00e9s par le CAPAS (Universit\u00e9 d&rsquo;Heidelberg), Audrey Tuaillon Dem\u00e9sy est intervenue pour une conf\u00e9rence durant la semaine du 7 juillet sur la th\u00e9matique suivante : From imaginaries of time to socio-anthropology of post-apocalyptic leisure activities. L&rsquo;ensemble de la semaine, organis\u00e9e par Jim Donaghey (Fellow au CAPAS pour l&rsquo;ann\u00e9e 2025), mettait [&hellip;]<\/p>\n","protected":false},"author":1,"featured_media":0,"parent":450,"menu_order":0,"comment_status":"closed","ping_status":"closed","template":"","meta":{"footnotes":""},"class_list":["post-1863","page","type-page","status-publish","hentry"],"_links":{"self":[{"href":"https:\/\/aion-project.org\/blog\/index.php?rest_route=\/wp\/v2\/pages\/1863","targetHints":{"allow":["GET"]}}],"collection":[{"href":"https:\/\/aion-project.org\/blog\/index.php?rest_route=\/wp\/v2\/pages"}],"about":[{"href":"https:\/\/aion-project.org\/blog\/index.php?rest_route=\/wp\/v2\/types\/page"}],"author":[{"embeddable":true,"href":"https:\/\/aion-project.org\/blog\/index.php?rest_route=\/wp\/v2\/users\/1"}],"replies":[{"embeddable":true,"href":"https:\/\/aion-project.org\/blog\/index.php?rest_route=%2Fwp%2Fv2%2Fcomments&post=1863"}],"version-history":[{"count":8,"href":"https:\/\/aion-project.org\/blog\/index.php?rest_route=\/wp\/v2\/pages\/1863\/revisions"}],"predecessor-version":[{"id":1874,"href":"https:\/\/aion-project.org\/blog\/index.php?rest_route=\/wp\/v2\/pages\/1863\/revisions\/1874"}],"up":[{"embeddable":true,"href":"https:\/\/aion-project.org\/blog\/index.php?rest_route=\/wp\/v2\/pages\/450"}],"wp:attachment":[{"href":"https:\/\/aion-project.org\/blog\/index.php?rest_route=%2Fwp%2Fv2%2Fmedia&parent=1863"}],"curies":[{"name":"wp","href":"https:\/\/api.w.org\/{rel}","templated":true}]}}