{"id":1848,"date":"2025-05-07T12:54:41","date_gmt":"2025-05-07T12:54:41","guid":{"rendered":"https:\/\/aion-project.org\/blog\/?page_id=1848"},"modified":"2025-05-07T12:55:52","modified_gmt":"2025-05-07T12:55:52","slug":"sief-2025-unwriting","status":"publish","type":"page","link":"https:\/\/aion-project.org\/blog\/?page_id=1848","title":{"rendered":"SIEF 2025 &#8211; Unwriting"},"content":{"rendered":"<p><span style=\"font-family: book antiqua, palatino, serif; font-size: 18pt;\">Le congr\u00e8s 2025 de la SIEF (Soci\u00e9t\u00e9 internationale d&rsquo;Ethnologie et de Folklore) qui s&rsquo;est tenu \u00e0 Aberdeen (\u00c9cosse) du 3 au 6 juin 2025, a permis \u00e0 plusieurs membres d&rsquo;Ai\u00f4n de pr\u00e9senter leurs travaux.\u00a0<\/span><\/p>\n<p><img decoding=\"async\" class=\"full sief2025-logo\" src=\"https:\/\/www.siefhome.org\/images\/congresses\/sief2025\/sief2025-logo.svg\" alt=\"sief2025 logo\" \/><\/p>\n<p><span style=\"font-family: book antiqua, palatino, serif; font-size: 18pt;\">Audrey Tuaillon Dem\u00e9sy et Jim Donagney : <a title=\"browse to Paper\" href=\"https:\/\/nomadit.co.uk\/conference\/sief2025\/paper\/88569\" data-paperid=\"88569\" data-anchor=\"16200\">Drawing out the symbolic imaginaries of social space: Dialectogram as participatory\/creative methodology, in Belfast, Northern Ireland and Val d\u2019Ajol, France<\/a> <\/span><br \/>\n<span style=\"font-family: book antiqua, palatino, serif; font-size: 18pt;\">(Panel Meth07: Writing and unwriting territories: participative, multimedia, and alternative methodologies)\u00a0<\/span><\/p>\n<p><span style=\"font-family: book antiqua, palatino, serif; font-size: 18pt;\">Orlane Messey et Sacha Thi\u00e9baud : <a title=\"browse to Paper\" href=\"https:\/\/nomadit.co.uk\/conference\/sief2025\/paper\/88695\" data-paperid=\"88695\" data-anchor=\"16224\">When alternatives bring bodies together The story of two young researchers returning from the field<\/a> <\/span><br \/>\n<span style=\"font-family: book antiqua, palatino, serif; font-size: 18pt;\">(Panel Body09: Exploring play communities) <\/span><\/p>\n<p><span style=\"font-family: book antiqua, palatino, serif; font-size: 18pt;\">Laurent S\u00e9bastien Fournier : <a title=\"browse to Paper\" href=\"https:\/\/nomadit.co.uk\/conference\/sief2025\/paper\/88548\" data-paperid=\"88548\" data-anchor=\"16110\">Communiquer avec l\u2019invisible: concepts et m\u00e9thodes<\/a> <\/span><br \/>\n<span style=\"font-family: book antiqua, palatino, serif; font-size: 18pt;\">(Panel Body03: H\u00e9t\u00e9rocritures et formes de communication du non-visible).\u00a0Laurent S\u00e9bastien Fournier est \u00e9galement Panel Convenor (<a title=\"Browse to Panel\" href=\"https:\/\/nomadit.co.uk\/conference\/sief2025\/p\/16110\" data-anchor=\"16110\">Body03: H\u00e9t\u00e9rocritures et formes de communication du non-visible) <\/a>et Panel Discussant<small> (<\/small><a title=\"Browse to Panel\" href=\"https:\/\/nomadit.co.uk\/conference\/sief2025\/p\/16173\" data-anchor=\"16173\">Perf03: Writing and Unwriting Rituals).<\/a><\/span><\/p>\n<p><span style=\"font-family: book antiqua, palatino, serif; font-size: 18pt;\">Plus d&rsquo;informations : https:\/\/www.siefhome.org\/congresses\/sief2025\/programme#timetable.<\/span><\/p>\n","protected":false},"excerpt":{"rendered":"<p>Le congr\u00e8s 2025 de la SIEF (Soci\u00e9t\u00e9 internationale d&rsquo;Ethnologie et de Folklore) qui s&rsquo;est tenu \u00e0 Aberdeen (\u00c9cosse) du 3 au 6 juin 2025, a permis \u00e0 plusieurs membres d&rsquo;Ai\u00f4n de pr\u00e9senter leurs travaux.\u00a0 Audrey Tuaillon Dem\u00e9sy et Jim Donagney : Drawing out the symbolic imaginaries of social space: Dialectogram as participatory\/creative methodology, in Belfast, [&hellip;]<\/p>\n","protected":false},"author":1,"featured_media":0,"parent":450,"menu_order":0,"comment_status":"closed","ping_status":"closed","template":"","meta":{"footnotes":""},"class_list":["post-1848","page","type-page","status-publish","hentry"],"_links":{"self":[{"href":"https:\/\/aion-project.org\/blog\/index.php?rest_route=\/wp\/v2\/pages\/1848","targetHints":{"allow":["GET"]}}],"collection":[{"href":"https:\/\/aion-project.org\/blog\/index.php?rest_route=\/wp\/v2\/pages"}],"about":[{"href":"https:\/\/aion-project.org\/blog\/index.php?rest_route=\/wp\/v2\/types\/page"}],"author":[{"embeddable":true,"href":"https:\/\/aion-project.org\/blog\/index.php?rest_route=\/wp\/v2\/users\/1"}],"replies":[{"embeddable":true,"href":"https:\/\/aion-project.org\/blog\/index.php?rest_route=%2Fwp%2Fv2%2Fcomments&post=1848"}],"version-history":[{"count":3,"href":"https:\/\/aion-project.org\/blog\/index.php?rest_route=\/wp\/v2\/pages\/1848\/revisions"}],"predecessor-version":[{"id":1853,"href":"https:\/\/aion-project.org\/blog\/index.php?rest_route=\/wp\/v2\/pages\/1848\/revisions\/1853"}],"up":[{"embeddable":true,"href":"https:\/\/aion-project.org\/blog\/index.php?rest_route=\/wp\/v2\/pages\/450"}],"wp:attachment":[{"href":"https:\/\/aion-project.org\/blog\/index.php?rest_route=%2Fwp%2Fv2%2Fmedia&parent=1848"}],"curies":[{"name":"wp","href":"https:\/\/api.w.org\/{rel}","templated":true}]}}