{"id":1835,"date":"2025-02-21T12:44:54","date_gmt":"2025-02-21T12:44:54","guid":{"rendered":"https:\/\/aion-project.org\/blog\/?page_id=1835"},"modified":"2025-02-21T12:44:54","modified_gmt":"2025-02-21T12:44:54","slug":"les-langues-anciennes-et-leurs-imaginaires","status":"publish","type":"page","link":"https:\/\/aion-project.org\/blog\/?page_id=1835","title":{"rendered":"Les langues anciennes et leurs imaginaires"},"content":{"rendered":"<p>Dans la continuit\u00e9 du colloque men\u00e9 \u00e0 Autun en 2023 pour le 4e rendez-vous international \u00ab\u00a0Autun, capitale des langues anciennes\u00a0\u00bb, a \u00e9t\u00e9 publi\u00e9 l&rsquo;ouvrage<\/p>\n<p><em>Les langues anciennes et leurs imaginaires<\/em>, sous la direction de Justine Breton et Audrey Tuaillon Dem\u00e9sy, Autun, VIII \u00e9dition, 2024.<\/p>\n<p><img loading=\"lazy\" decoding=\"async\" class=\"alignnone wp-image-1837 size-large\" src=\"https:\/\/aion-project.org\/blog\/wp-content\/uploads\/2025\/02\/couv-languesanciennes-e1740141784677-746x1024.jpg\" alt=\"\" width=\"525\" height=\"721\" srcset=\"https:\/\/aion-project.org\/blog\/wp-content\/uploads\/2025\/02\/couv-languesanciennes-e1740141784677-746x1024.jpg 746w, https:\/\/aion-project.org\/blog\/wp-content\/uploads\/2025\/02\/couv-languesanciennes-e1740141784677-218x300.jpg 218w, https:\/\/aion-project.org\/blog\/wp-content\/uploads\/2025\/02\/couv-languesanciennes-e1740141784677-768x1055.jpg 768w, https:\/\/aion-project.org\/blog\/wp-content\/uploads\/2025\/02\/couv-languesanciennes-e1740141784677.jpg 986w\" sizes=\"auto, (max-width: 525px) 100vw, 525px\" \/><img loading=\"lazy\" decoding=\"async\" class=\"alignnone size-full wp-image-1836\" src=\"https:\/\/aion-project.org\/blog\/wp-content\/uploads\/2025\/02\/Capture-decran-du-2025-02-21-13-30-08.png\" alt=\"\" width=\"617\" height=\"848\" srcset=\"https:\/\/aion-project.org\/blog\/wp-content\/uploads\/2025\/02\/Capture-decran-du-2025-02-21-13-30-08.png 617w, https:\/\/aion-project.org\/blog\/wp-content\/uploads\/2025\/02\/Capture-decran-du-2025-02-21-13-30-08-218x300.png 218w\" sizes=\"auto, (max-width: 617px) 100vw, 617px\" \/><\/p>\n<p>&nbsp;<\/p>\n","protected":false},"excerpt":{"rendered":"<p>Dans la continuit\u00e9 du colloque men\u00e9 \u00e0 Autun en 2023 pour le 4e rendez-vous international \u00ab\u00a0Autun, capitale des langues anciennes\u00a0\u00bb, a \u00e9t\u00e9 publi\u00e9 l&rsquo;ouvrage Les langues anciennes et leurs imaginaires, sous la direction de Justine Breton et Audrey Tuaillon Dem\u00e9sy, Autun, VIII \u00e9dition, 2024. &nbsp;<\/p>\n","protected":false},"author":1,"featured_media":0,"parent":20,"menu_order":0,"comment_status":"closed","ping_status":"closed","template":"","meta":{"footnotes":""},"class_list":["post-1835","page","type-page","status-publish","hentry"],"_links":{"self":[{"href":"https:\/\/aion-project.org\/blog\/index.php?rest_route=\/wp\/v2\/pages\/1835","targetHints":{"allow":["GET"]}}],"collection":[{"href":"https:\/\/aion-project.org\/blog\/index.php?rest_route=\/wp\/v2\/pages"}],"about":[{"href":"https:\/\/aion-project.org\/blog\/index.php?rest_route=\/wp\/v2\/types\/page"}],"author":[{"embeddable":true,"href":"https:\/\/aion-project.org\/blog\/index.php?rest_route=\/wp\/v2\/users\/1"}],"replies":[{"embeddable":true,"href":"https:\/\/aion-project.org\/blog\/index.php?rest_route=%2Fwp%2Fv2%2Fcomments&post=1835"}],"version-history":[{"count":1,"href":"https:\/\/aion-project.org\/blog\/index.php?rest_route=\/wp\/v2\/pages\/1835\/revisions"}],"predecessor-version":[{"id":1838,"href":"https:\/\/aion-project.org\/blog\/index.php?rest_route=\/wp\/v2\/pages\/1835\/revisions\/1838"}],"up":[{"embeddable":true,"href":"https:\/\/aion-project.org\/blog\/index.php?rest_route=\/wp\/v2\/pages\/20"}],"wp:attachment":[{"href":"https:\/\/aion-project.org\/blog\/index.php?rest_route=%2Fwp%2Fv2%2Fmedia&parent=1835"}],"curies":[{"name":"wp","href":"https:\/\/api.w.org\/{rel}","templated":true}]}}