{"id":1828,"date":"2024-12-06T09:41:35","date_gmt":"2024-12-06T09:41:35","guid":{"rendered":"https:\/\/aion-project.org\/blog\/?page_id=1828"},"modified":"2024-12-06T09:41:35","modified_gmt":"2024-12-06T09:41:35","slug":"aurore-deramond","status":"publish","type":"page","link":"https:\/\/aion-project.org\/blog\/?page_id=1828","title":{"rendered":"Aurore Deramond"},"content":{"rendered":"<p align=\"justify\"><span style=\"font-family: Times New Roman, serif;\"><span style=\"font-size: medium;\"><span style=\"font-family: Book Antiqua, serif;\"><span style=\"font-size: large;\">Aurore Deramond est actuellement post-doctorante \u00e0 l\u2019Universit\u00e9 Bourgogne-Franche-Comt\u00e9 pour le projet ANR Ai\u00f4n, et chercheuse associ\u00e9e aux laboratoires EXPERICE et LISST-CERS. <\/span><\/span><\/span><\/span><\/p>\n<p align=\"justify\"><span style=\"font-family: Times New Roman, serif;\"><span style=\"font-size: medium;\"><span style=\"font-family: Book Antiqua, serif;\"><span style=\"font-size: large;\">Elle a soutenu une th\u00e8se en sociologie intitul\u00e9e\u00a0\u00ab\u00a0G\u00e9n\u00e9rer des fanfictions en ligne\u00a0: exp\u00e9riences sociales et relations\u00a0\u00bb qui s\u2019int\u00e9resse \u00e0 la fa\u00e7on dont les individus parviennent, via le num\u00e9rique, \u00e0 construire des exp\u00e9riences collectives bas\u00e9es sur des univers fictionnels communs. <\/span><\/span><\/span><\/span><\/p>\n<p align=\"justify\"><span style=\"font-family: Times New Roman, serif;\"><span style=\"font-size: medium;\"><span style=\"font-family: Book Antiqua, serif;\"><span style=\"font-size: large;\">Elle a r\u00e9alis\u00e9 son doctorat sous la direction de B\u00e9atrice Milard, Professeure au LISST-CERS, Universit\u00e9 Toulouse Jean-Jaur\u00e8s.<\/span><\/span><\/span><\/span><\/p>\n<p align=\"justify\"><span style=\"font-family: Times New Roman, serif;\"><span style=\"font-size: medium;\"><span style=\"font-family: Book Antiqua, serif;\"><span style=\"font-size: large;\">Ses recherches portent principalement sur les relations, les fans, les loisirs et le num\u00e9rique. Elle s\u2019int\u00e9resse \u00e9galement \u00e0 la r\u00e9gulation sociale ainsi qu\u2019aux questions relatives aux processus d\u2019apprentissage et leur lien avec l\u2019\u00e9conomie m\u00e9diatique et les industries culturelles.<\/span><\/span><\/span><\/span><\/p>\n<p align=\"justify\"><strong><span style=\"font-family: Book Antiqua, serif;\"><span style=\"font-size: large;\">Bibliographie<\/span><\/span><\/strong><\/p>\n<p align=\"justify\"><span style=\"font-family: Book Antiqua, serif;\"><span style=\"font-size: large;\">Deramond, A. (2024). \u00ab\u00a0G\u00e9n\u00e9rer des r\u00e9ponses collectives \u00e0 des besoins individuels gr\u00e2ce au num\u00e9rique ? : L\u2019exemple de l\u2019\u00e9criture et de fanfictions comme activit\u00e9 de bien-\u00eatre\u00a0\u00bb, Revue <\/span><\/span><span style=\"font-family: Book Antiqua, serif;\"><span style=\"font-size: large;\"><i>Interfaces Num\u00e9riques<\/i><\/span><\/span><span style=\"font-family: Book Antiqua, serif;\"><span style=\"font-size: large;\">, dossier th\u00e9matique \u00ab\u00a0Bien-\u00eatre, num\u00e9rique et technologies\u00a0\u00bb (Dir.) Gobert, T. et <\/span><\/span><span style=\"font-family: Book Antiqua, serif;\"><span style=\"font-size: large;\">Amato E-A<\/span><\/span><span style=\"font-family: Book Antiqua, serif;\"><span style=\"font-size: large;\">. (Accept\u00e9, \u00e0 para\u00eetre)<\/span><\/span><\/p>\n<p align=\"justify\"><span style=\"font-family: Book Antiqua, serif;\"><span style=\"font-size: large;\">Deramond, A. (2024). \u00ab\u00a0La num\u00e9risation de l\u2019activit\u00e9 d\u2019auteur de fanfictions\u00a0: Un exemple du r\u00f4le jou\u00e9 par le num\u00e9rique dans la construction individuelle et collective des valeurs\u00a0\u00bb, Revue <\/span><\/span><span style=\"font-family: Book Antiqua, serif;\"><span style=\"font-size: large;\"><i>Interfaces Num\u00e9riques<\/i><\/span><\/span><span style=\"font-family: Book Antiqua, serif;\"><span style=\"font-size: large;\">, dossier th\u00e9matique \u00ab\u00a0\u00c9thique et num\u00e9rique\u00a0\u00bb (Dir.) Domenget, J-C. et Roelens, C. <\/span><\/span><\/p>\n<p align=\"justify\"><span style=\"font-family: Book Antiqua, serif;\"><span style=\"font-size: large;\">Deramond, A. (2023). <\/span><\/span><span style=\"font-family: Book Antiqua, serif;\"><span style=\"font-size: large;\">\u00ab\u00a0Devenir cr\u00e9ateur de contenus\u00a0: les sp\u00e9cificit\u00e9s de la publication de fanfictions en ligne\u00a0\u00bb, \u00e9crit pour le XXIII\u00e8 congr\u00e8s de la SFSIC\u00a0: La num\u00e9risation des soci\u00e9t\u00e9s des 14, 15 et 16 juin 2023 \u00e0 Bordeaux. Actes de colloque publi\u00e9s le site de l\u2019association.<\/span><\/span><\/p>\n<p align=\"justify\"><a name=\"_GoBack\"><\/a><strong> <span style=\"font-family: Book Antiqua, serif;\"><span style=\"font-size: large;\">Deramond, A. (2022). \u00ab\u00a0Le r\u00e9cit comme dispositif d\u2019\u00e9changes : le cas des publications de fanfictions\u00a0\u00bb, <\/span><\/span><\/strong><span style=\"font-family: Book Antiqua, serif;\"><span style=\"font-size: large;\"><i>Mettre en r\u00e9cit\u00a0: enjeux contemporains des formes de narration<\/i><\/span><\/span><span style=\"font-family: Book Antiqua, serif;\"><span style=\"font-size: large;\">, (Dir.) Blanchemanche P., Kouassi Kouassi O., Ngom K-G., Tomaszewski M., Rosinsk F., l\u2019Harmattan, Collection \u00ab\u00a0Questions contemporaines\u00a0\u00bb, S\u00e9rie \u00ab\u00a0Questions de communication\u00a0\u00bb.<\/span><\/span><\/p>\n<p align=\"justify\">\n<p align=\"justify\">\n","protected":false},"excerpt":{"rendered":"<p>Aurore Deramond est actuellement post-doctorante \u00e0 l\u2019Universit\u00e9 Bourgogne-Franche-Comt\u00e9 pour le projet ANR Ai\u00f4n, et chercheuse associ\u00e9e aux laboratoires EXPERICE et LISST-CERS. Elle a soutenu une th\u00e8se en sociologie intitul\u00e9e\u00a0\u00ab\u00a0G\u00e9n\u00e9rer des fanfictions en ligne\u00a0: exp\u00e9riences sociales et relations\u00a0\u00bb qui s\u2019int\u00e9resse \u00e0 la fa\u00e7on dont les individus parviennent, via le num\u00e9rique, \u00e0 construire des exp\u00e9riences collectives bas\u00e9es [&hellip;]<\/p>\n","protected":false},"author":1,"featured_media":0,"parent":9,"menu_order":0,"comment_status":"closed","ping_status":"closed","template":"","meta":{"footnotes":""},"class_list":["post-1828","page","type-page","status-publish","hentry"],"_links":{"self":[{"href":"https:\/\/aion-project.org\/blog\/index.php?rest_route=\/wp\/v2\/pages\/1828","targetHints":{"allow":["GET"]}}],"collection":[{"href":"https:\/\/aion-project.org\/blog\/index.php?rest_route=\/wp\/v2\/pages"}],"about":[{"href":"https:\/\/aion-project.org\/blog\/index.php?rest_route=\/wp\/v2\/types\/page"}],"author":[{"embeddable":true,"href":"https:\/\/aion-project.org\/blog\/index.php?rest_route=\/wp\/v2\/users\/1"}],"replies":[{"embeddable":true,"href":"https:\/\/aion-project.org\/blog\/index.php?rest_route=%2Fwp%2Fv2%2Fcomments&post=1828"}],"version-history":[{"count":1,"href":"https:\/\/aion-project.org\/blog\/index.php?rest_route=\/wp\/v2\/pages\/1828\/revisions"}],"predecessor-version":[{"id":1829,"href":"https:\/\/aion-project.org\/blog\/index.php?rest_route=\/wp\/v2\/pages\/1828\/revisions\/1829"}],"up":[{"embeddable":true,"href":"https:\/\/aion-project.org\/blog\/index.php?rest_route=\/wp\/v2\/pages\/9"}],"wp:attachment":[{"href":"https:\/\/aion-project.org\/blog\/index.php?rest_route=%2Fwp%2Fv2%2Fmedia&parent=1828"}],"curies":[{"name":"wp","href":"https:\/\/api.w.org\/{rel}","templated":true}]}}