{"id":1819,"date":"2024-11-17T18:47:56","date_gmt":"2024-11-17T18:47:56","guid":{"rendered":"https:\/\/aion-project.org\/blog\/?page_id=1819"},"modified":"2025-11-28T13:21:34","modified_gmt":"2025-11-28T13:21:34","slug":"dictionnaire-dissident-du-temps","status":"publish","type":"page","link":"https:\/\/aion-project.org\/blog\/?page_id=1819","title":{"rendered":"Dictionnaire dissident du temps"},"content":{"rendered":"<p>L&rsquo;ouvrage collectif <i>Dictionnaire <\/i><i>dissident <\/i><i>du temps <\/i>est paru (2024) aux \u00e9ditions Riveneuve. Il regroupe au total 91 notices, r\u00e9dig\u00e9es par 76 contributeurs d&rsquo;horizons disciplinaires divers.<\/p>\n<p><img loading=\"lazy\" decoding=\"async\" class=\"size-full wp-image-1820 aligncenter\" src=\"https:\/\/aion-project.org\/blog\/wp-content\/uploads\/2024\/11\/Dictionnaire_couv.jpg\" alt=\"\" width=\"354\" height=\"539\" srcset=\"https:\/\/aion-project.org\/blog\/wp-content\/uploads\/2024\/11\/Dictionnaire_couv.jpg 354w, https:\/\/aion-project.org\/blog\/wp-content\/uploads\/2024\/11\/Dictionnaire_couv-197x300.jpg 197w\" sizes=\"auto, (max-width: 354px) 100vw, 354px\" \/><\/p>\n<p>Ce dictionnaire invite \u00e0 penser les espaces, objets ou notions qui proposent une alternative au temps lin\u00e9aire et chronologique, ou sugg\u00e8rent des br\u00e8ches dans l&rsquo;ordre temporel. Il s&rsquo;int\u00e9resse ainsi aux usages et aux imaginaires du temps tels qu\u2019ils peuvent \u00eatre saisis en ce d\u00e9but du XXI<sup>e<\/sup> si\u00e8cle.<\/p>\n<p>Initi\u00e9 au sein du collectif Ai\u00f4n, cet ouvrage s&rsquo;inscrit dans la continuit\u00e9 du travail men\u00e9 sur les imaginaires depuis 2019.<\/p>\n<p>Plus d&rsquo;informations sur le site de l&rsquo;\u00e9diteur : <a class=\"moz-txt-link-freetext\" href=\"https:\/\/www.riveneuve.com\/catalogue\/dictionnaire-dissident-du-temps\/\"><span style=\"color: #000000;\">https:\/\/www.riveneuve.com\/catalogue\/dictionnaire-dissident-du-temps<\/span><\/a><\/p>\n<p>Une <strong>pr\u00e9sentation<\/strong> dans le magazine <em>Mutation<\/em> : <a href=\"https:\/\/mutation-magazine.com\/audrey-tuaillon-demesy-et-clementine-hougue-dictionnaire-dissident-du-temps\/\" target=\"_blank\" rel=\"noopener\"><span style=\"color: #000000;\">https:\/\/mutation-magazine.com\/audrey-tuaillon-demesy-et-clementine-hougue-dictionnaire-dissident-du-temps\/<\/span><\/a><\/p>\n<p>Une petite <strong>chronique<\/strong> parue dans <em>Le Monde des livres<\/em>, le 29 novembre 2024 :<\/p>\n<p><img loading=\"lazy\" decoding=\"async\" class=\"size-full wp-image-1826 aligncenter\" src=\"https:\/\/aion-project.org\/blog\/wp-content\/uploads\/2024\/12\/Capture-decran-du-2024-12-05-11-31-33.png\" alt=\"\" width=\"308\" height=\"715\" srcset=\"https:\/\/aion-project.org\/blog\/wp-content\/uploads\/2024\/12\/Capture-decran-du-2024-12-05-11-31-33.png 308w, https:\/\/aion-project.org\/blog\/wp-content\/uploads\/2024\/12\/Capture-decran-du-2024-12-05-11-31-33-129x300.png 129w\" sizes=\"auto, (max-width: 308px) 100vw, 308px\" \/><\/p>\n<p>Une <strong>note de lecture<\/strong>, parue dans <em>Fragments sur les temps pr\u00e9sents<\/em> : https:\/\/tempspresents.com\/2025\/11\/27\/dictionnaire-dissident-du-temps-ou-comment-prendre-des-chemins-de-traverse<\/p>\n","protected":false},"excerpt":{"rendered":"<p>L&rsquo;ouvrage collectif Dictionnaire dissident du temps est paru (2024) aux \u00e9ditions Riveneuve. Il regroupe au total 91 notices, r\u00e9dig\u00e9es par 76 contributeurs d&rsquo;horizons disciplinaires divers. Ce dictionnaire invite \u00e0 penser les espaces, objets ou notions qui proposent une alternative au temps lin\u00e9aire et chronologique, ou sugg\u00e8rent des br\u00e8ches dans l&rsquo;ordre temporel. Il s&rsquo;int\u00e9resse ainsi aux [&hellip;]<\/p>\n","protected":false},"author":1,"featured_media":0,"parent":20,"menu_order":0,"comment_status":"closed","ping_status":"closed","template":"","meta":{"footnotes":""},"class_list":["post-1819","page","type-page","status-publish","hentry"],"_links":{"self":[{"href":"https:\/\/aion-project.org\/blog\/index.php?rest_route=\/wp\/v2\/pages\/1819","targetHints":{"allow":["GET"]}}],"collection":[{"href":"https:\/\/aion-project.org\/blog\/index.php?rest_route=\/wp\/v2\/pages"}],"about":[{"href":"https:\/\/aion-project.org\/blog\/index.php?rest_route=\/wp\/v2\/types\/page"}],"author":[{"embeddable":true,"href":"https:\/\/aion-project.org\/blog\/index.php?rest_route=\/wp\/v2\/users\/1"}],"replies":[{"embeddable":true,"href":"https:\/\/aion-project.org\/blog\/index.php?rest_route=%2Fwp%2Fv2%2Fcomments&post=1819"}],"version-history":[{"count":7,"href":"https:\/\/aion-project.org\/blog\/index.php?rest_route=\/wp\/v2\/pages\/1819\/revisions"}],"predecessor-version":[{"id":1894,"href":"https:\/\/aion-project.org\/blog\/index.php?rest_route=\/wp\/v2\/pages\/1819\/revisions\/1894"}],"up":[{"embeddable":true,"href":"https:\/\/aion-project.org\/blog\/index.php?rest_route=\/wp\/v2\/pages\/20"}],"wp:attachment":[{"href":"https:\/\/aion-project.org\/blog\/index.php?rest_route=%2Fwp%2Fv2%2Fmedia&parent=1819"}],"curies":[{"name":"wp","href":"https:\/\/api.w.org\/{rel}","templated":true}]}}