{"id":1805,"date":"2024-10-12T13:53:51","date_gmt":"2024-10-12T13:53:51","guid":{"rendered":"https:\/\/aion-project.org\/blog\/?page_id=1805"},"modified":"2026-01-17T11:22:36","modified_gmt":"2026-01-17T11:22:36","slug":"creations-ludiques","status":"publish","type":"page","link":"https:\/\/aion-project.org\/blog\/?page_id=1805","title":{"rendered":"Cr\u00e9ations ludiques"},"content":{"rendered":"<p>Dans le cadre des travaux men\u00e9s au sein d&rsquo;Ai\u00f4n, plusieurs supports ludiques, destin\u00e9s \u00e0 la m\u00e9diation scientifique, ont pu \u00eatre r\u00e9alis\u00e9s par des membres de l&rsquo;\u00e9quipe.<\/p>\n<hr \/>\n<p><strong>Ai\u00f4n &#8211; Le jeu<\/strong><\/p>\n<p style=\"text-align: justify;\">Gr\u00e2ce au travail men\u00e9 par Aurore Deramond, qui a r\u00e9alis\u00e9 un post-doctorat au sein d&rsquo;Ai\u00f4n, plusieurs chercheurs du programme ont pu \u00e9laborer ensemble un dispositif ludique. Entre <em>Dungeon Crawler<\/em> et jeu narratif, le jeu de plateau Ai\u00f4n permet de partir \u00e0 la d\u00e9couverte des imaginaires du temps.<\/p>\n<p><img loading=\"lazy\" decoding=\"async\" class=\"size-large wp-image-1902 aligncenter\" src=\"https:\/\/aion-project.org\/blog\/wp-content\/uploads\/2026\/01\/prototype23-768x1024.jpg\" alt=\"\" width=\"525\" height=\"700\" srcset=\"https:\/\/aion-project.org\/blog\/wp-content\/uploads\/2026\/01\/prototype23-768x1024.jpg 768w, https:\/\/aion-project.org\/blog\/wp-content\/uploads\/2026\/01\/prototype23-225x300.jpg 225w, https:\/\/aion-project.org\/blog\/wp-content\/uploads\/2026\/01\/prototype23.jpg 1080w\" sizes=\"auto, (max-width: 525px) 100vw, 525px\" \/> <img loading=\"lazy\" decoding=\"async\" class=\"size-large wp-image-1903 aligncenter\" src=\"https:\/\/aion-project.org\/blog\/wp-content\/uploads\/2026\/01\/prototype22-768x1024.jpg\" alt=\"\" width=\"525\" height=\"700\" srcset=\"https:\/\/aion-project.org\/blog\/wp-content\/uploads\/2026\/01\/prototype22-768x1024.jpg 768w, https:\/\/aion-project.org\/blog\/wp-content\/uploads\/2026\/01\/prototype22-225x300.jpg 225w, https:\/\/aion-project.org\/blog\/wp-content\/uploads\/2026\/01\/prototype22.jpg 1080w\" sizes=\"auto, (max-width: 525px) 100vw, 525px\" \/><\/p>\n<p style=\"text-align: justify;\">Pour ce faire, apr\u00e8s avoir choisi un personnage (de la pratiquante de roller derby au conteur de mythes, en passant par les fans de zombies ou de fantasy), il s&rsquo;agit de vaincre des ennemis puis de parvenir \u00e0 relier diff\u00e9rents univers \u00e0 l&rsquo;aide de \u00ab\u00a0connecteurs\u00a0\u00bb. Ceux-ci doivent \u00eatre pos\u00e9s de mani\u00e8re astucieuse : les joueurs doivent collaborer afin de d\u00e9cider ensemble de la pertinence du lien r\u00e9alis\u00e9.<\/p>\n<p style=\"text-align: justify;\">Le jeu a \u00e9t\u00e9 pr\u00e9sent\u00e9 en avant-premi\u00e8re \u00e0 la Nuit des Chercheurs 2025. Une chronique de l&rsquo;\u00e9v\u00e9nement est disponible sur le carnet Mundus Fabula.<\/p>\n<blockquote class=\"wp-embedded-content\" data-secret=\"ZUFqYe6oUt\"><p><a href=\"https:\/\/mf.hypotheses.org\/3217\">[Billet] Ai\u00f4n \u2013 Le jeu. D\u00e9couvrir les imaginaires du temps<\/a><\/p><\/blockquote>\n<p><iframe loading=\"lazy\" class=\"wp-embedded-content\" sandbox=\"allow-scripts\" security=\"restricted\" style=\"position: absolute; visibility: hidden;\" title=\"\u00ab\u00a0[Billet] Ai\u00f4n \u2013 Le jeu. D\u00e9couvrir les imaginaires du temps\u00a0\u00bb &#8212; Mundus Fabula\" src=\"https:\/\/mf.hypotheses.org\/3217\/embed#?secret=iFPaLgL7tq#?secret=ZUFqYe6oUt\" data-secret=\"ZUFqYe6oUt\" width=\"525\" height=\"296\" frameborder=\"0\" marginwidth=\"0\" marginheight=\"0\" scrolling=\"no\"><\/iframe><\/p>\n<hr \/>\n<p><strong>\u00c0 la recherche du temps social<\/strong><\/p>\n<p>\u00c0 l&rsquo;occasion des \u00ab\u00a024h du temps 2023\u00a0\u00bb (\u00e9v\u00e9nement organis\u00e9 par la ville de Besan\u00e7on et, cette ann\u00e9e-l\u00e0 en partenariat avec le laboratoire C3S), un jeu alliant des aventures \u00ab\u00a0dont vous \u00eates le h\u00e9ros\u00a0\u00bb et le fameux \u00ab\u00a0o\u00f9 est&#8230; ?\u00a0\u00bb, a \u00e9t\u00e9 cr\u00e9\u00e9 par Orlane Messey, Sacha Thi\u00e9baud et Audrey Tuaillon Dem\u00e9sy. L&rsquo;artiste Jessica Jeanparis a magnifiquement r\u00e9alis\u00e9 le support.<\/p>\n<p>https:\/\/jeanparisjessica.wixsite.com\/site<\/p>\n<hr \/>\n<p><strong>Le sport et son monde \u00e0 l&rsquo;envers<\/strong><\/p>\n<p>Sacha Thi\u00e9baud et Orlane Messey ont r\u00e9alis\u00e9 un jeu \u00e0 destination des \u00e9tudiants, notamment STAPS. Il vise \u00e0 faire d\u00e9couvrir les modalit\u00e9s de fonctionnement des sports alternatifs et <em>mainstream<\/em>.<\/p>\n<p><img loading=\"lazy\" decoding=\"async\" class=\"size-full wp-image-1814 aligncenter\" src=\"https:\/\/aion-project.org\/blog\/wp-content\/uploads\/2024\/10\/Capture-decran-du-2024-10-12-16-38-29.png\" alt=\"\" width=\"370\" height=\"487\" srcset=\"https:\/\/aion-project.org\/blog\/wp-content\/uploads\/2024\/10\/Capture-decran-du-2024-10-12-16-38-29.png 370w, https:\/\/aion-project.org\/blog\/wp-content\/uploads\/2024\/10\/Capture-decran-du-2024-10-12-16-38-29-228x300.png 228w\" sizes=\"auto, (max-width: 370px) 100vw, 370px\" \/><\/p>\n","protected":false},"excerpt":{"rendered":"<p>Dans le cadre des travaux men\u00e9s au sein d&rsquo;Ai\u00f4n, plusieurs supports ludiques, destin\u00e9s \u00e0 la m\u00e9diation scientifique, ont pu \u00eatre r\u00e9alis\u00e9s par des membres de l&rsquo;\u00e9quipe. Ai\u00f4n &#8211; Le jeu Gr\u00e2ce au travail men\u00e9 par Aurore Deramond, qui a r\u00e9alis\u00e9 un post-doctorat au sein d&rsquo;Ai\u00f4n, plusieurs chercheurs du programme ont pu \u00e9laborer ensemble un dispositif [&hellip;]<\/p>\n","protected":false},"author":1,"featured_media":0,"parent":0,"menu_order":0,"comment_status":"closed","ping_status":"closed","template":"","meta":{"footnotes":""},"class_list":["post-1805","page","type-page","status-publish","hentry"],"_links":{"self":[{"href":"https:\/\/aion-project.org\/blog\/index.php?rest_route=\/wp\/v2\/pages\/1805","targetHints":{"allow":["GET"]}}],"collection":[{"href":"https:\/\/aion-project.org\/blog\/index.php?rest_route=\/wp\/v2\/pages"}],"about":[{"href":"https:\/\/aion-project.org\/blog\/index.php?rest_route=\/wp\/v2\/types\/page"}],"author":[{"embeddable":true,"href":"https:\/\/aion-project.org\/blog\/index.php?rest_route=\/wp\/v2\/users\/1"}],"replies":[{"embeddable":true,"href":"https:\/\/aion-project.org\/blog\/index.php?rest_route=%2Fwp%2Fv2%2Fcomments&post=1805"}],"version-history":[{"count":8,"href":"https:\/\/aion-project.org\/blog\/index.php?rest_route=\/wp\/v2\/pages\/1805\/revisions"}],"predecessor-version":[{"id":1904,"href":"https:\/\/aion-project.org\/blog\/index.php?rest_route=\/wp\/v2\/pages\/1805\/revisions\/1904"}],"wp:attachment":[{"href":"https:\/\/aion-project.org\/blog\/index.php?rest_route=%2Fwp%2Fv2%2Fmedia&parent=1805"}],"curies":[{"name":"wp","href":"https:\/\/api.w.org\/{rel}","templated":true}]}}