{"id":1765,"date":"2024-06-24T08:10:41","date_gmt":"2024-06-24T08:10:41","guid":{"rendered":"https:\/\/aion-project.org\/blog\/?page_id=1765"},"modified":"2024-06-24T08:11:17","modified_gmt":"2024-06-24T08:11:17","slug":"sevader-au-moyen-age","status":"publish","type":"page","link":"https:\/\/aion-project.org\/blog\/?page_id=1765","title":{"rendered":"S&rsquo;\u00e9vader au Moyen \u00c2ge"},"content":{"rendered":"<p><span style=\"font-family: book antiqua, palatino, serif; font-size: 18pt;\">S&rsquo;\u00e9vader au Moyen \u00c2ge, ou partir en vacances dans un autre temps&#8230; Tel est le sujet de, cet ouvrage, \u00e9dit\u00e9 suite au colloque \u00e9ponyme qui s&rsquo;\u00e9tait d\u00e9roul\u00e9 en partenariat avec la ville d&rsquo;Autun en 2022. <\/span><\/p>\n<div id=\"attachment_1766\" style=\"width: 535px\" class=\"wp-caption aligncenter\"><img loading=\"lazy\" decoding=\"async\" aria-describedby=\"caption-attachment-1766\" class=\"size-large wp-image-1766\" src=\"https:\/\/aion-project.org\/blog\/wp-content\/uploads\/2024\/06\/1re-723x1024.jpg\" alt=\"\" width=\"525\" height=\"744\" srcset=\"https:\/\/aion-project.org\/blog\/wp-content\/uploads\/2024\/06\/1re-723x1024.jpg 723w, https:\/\/aion-project.org\/blog\/wp-content\/uploads\/2024\/06\/1re-212x300.jpg 212w, https:\/\/aion-project.org\/blog\/wp-content\/uploads\/2024\/06\/1re-768x1088.jpg 768w, https:\/\/aion-project.org\/blog\/wp-content\/uploads\/2024\/06\/1re.jpg 911w\" sizes=\"auto, (max-width: 525px) 100vw, 525px\" \/><p id=\"caption-attachment-1766\" class=\"wp-caption-text\">Screenshot<\/p><\/div>\n<p><img loading=\"lazy\" decoding=\"async\" class=\"size-large wp-image-1767 alignnone\" src=\"https:\/\/aion-project.org\/blog\/wp-content\/uploads\/2024\/06\/4e-728x1024.jpg\" alt=\"\" width=\"525\" height=\"738\" srcset=\"https:\/\/aion-project.org\/blog\/wp-content\/uploads\/2024\/06\/4e-728x1024.jpg 728w, https:\/\/aion-project.org\/blog\/wp-content\/uploads\/2024\/06\/4e-213x300.jpg 213w, https:\/\/aion-project.org\/blog\/wp-content\/uploads\/2024\/06\/4e-768x1080.jpg 768w, https:\/\/aion-project.org\/blog\/wp-content\/uploads\/2024\/06\/4e.jpg 912w\" sizes=\"auto, (max-width: 525px) 100vw, 525px\" \/><\/p>\n<p style=\"text-align: center;\"><strong><span style=\"color: #993366; font-family: book antiqua, palatino, serif; font-size: 18pt;\">Le sommaire : <\/span><\/strong><\/p>\n<p><img loading=\"lazy\" decoding=\"async\" class=\"size-full wp-image-1768 aligncenter\" src=\"https:\/\/aion-project.org\/blog\/wp-content\/uploads\/2024\/06\/Capture-decran-du-2024-06-24-10-09-20.png\" alt=\"\" width=\"627\" height=\"846\" srcset=\"https:\/\/aion-project.org\/blog\/wp-content\/uploads\/2024\/06\/Capture-decran-du-2024-06-24-10-09-20.png 627w, https:\/\/aion-project.org\/blog\/wp-content\/uploads\/2024\/06\/Capture-decran-du-2024-06-24-10-09-20-222x300.png 222w\" sizes=\"auto, (max-width: 627px) 100vw, 627px\" \/><\/p>\n","protected":false},"excerpt":{"rendered":"<p>S&rsquo;\u00e9vader au Moyen \u00c2ge, ou partir en vacances dans un autre temps&#8230; Tel est le sujet de, cet ouvrage, \u00e9dit\u00e9 suite au colloque \u00e9ponyme qui s&rsquo;\u00e9tait d\u00e9roul\u00e9 en partenariat avec la ville d&rsquo;Autun en 2022. Le sommaire :<\/p>\n","protected":false},"author":1,"featured_media":0,"parent":20,"menu_order":0,"comment_status":"closed","ping_status":"closed","template":"","meta":{"footnotes":""},"class_list":["post-1765","page","type-page","status-publish","hentry"],"_links":{"self":[{"href":"https:\/\/aion-project.org\/blog\/index.php?rest_route=\/wp\/v2\/pages\/1765","targetHints":{"allow":["GET"]}}],"collection":[{"href":"https:\/\/aion-project.org\/blog\/index.php?rest_route=\/wp\/v2\/pages"}],"about":[{"href":"https:\/\/aion-project.org\/blog\/index.php?rest_route=\/wp\/v2\/types\/page"}],"author":[{"embeddable":true,"href":"https:\/\/aion-project.org\/blog\/index.php?rest_route=\/wp\/v2\/users\/1"}],"replies":[{"embeddable":true,"href":"https:\/\/aion-project.org\/blog\/index.php?rest_route=%2Fwp%2Fv2%2Fcomments&post=1765"}],"version-history":[{"count":3,"href":"https:\/\/aion-project.org\/blog\/index.php?rest_route=\/wp\/v2\/pages\/1765\/revisions"}],"predecessor-version":[{"id":1771,"href":"https:\/\/aion-project.org\/blog\/index.php?rest_route=\/wp\/v2\/pages\/1765\/revisions\/1771"}],"up":[{"embeddable":true,"href":"https:\/\/aion-project.org\/blog\/index.php?rest_route=\/wp\/v2\/pages\/20"}],"wp:attachment":[{"href":"https:\/\/aion-project.org\/blog\/index.php?rest_route=%2Fwp%2Fv2%2Fmedia&parent=1765"}],"curies":[{"name":"wp","href":"https:\/\/api.w.org\/{rel}","templated":true}]}}