{"id":1721,"date":"2024-04-11T15:17:10","date_gmt":"2024-04-11T15:17:10","guid":{"rendered":"https:\/\/aion-project.org\/blog\/?page_id=1721"},"modified":"2024-06-24T08:03:27","modified_gmt":"2024-06-24T08:03:27","slug":"festival-sportopia-22-23-06-24","status":"publish","type":"page","link":"https:\/\/aion-project.org\/blog\/?page_id=1721","title":{"rendered":"Festival Sportopia"},"content":{"rendered":"<p style=\"text-align: justify;\"><span style=\"font-family: book antiqua, palatino, serif; font-size: 18pt;\"><strong>Un festival des sports alternatifs : rencontres, d\u00e9monstrations, initiations, \u00e9changes.<\/strong> <\/span><\/p>\n<p><img loading=\"lazy\" decoding=\"async\" class=\" wp-image-1723 aligncenter\" src=\"https:\/\/aion-project.org\/blog\/wp-content\/uploads\/2024\/04\/Sportopia.png\" alt=\"\" width=\"562\" height=\"793\" srcset=\"https:\/\/aion-project.org\/blog\/wp-content\/uploads\/2024\/04\/Sportopia.png 477w, https:\/\/aion-project.org\/blog\/wp-content\/uploads\/2024\/04\/Sportopia-213x300.png 213w\" sizes=\"auto, (max-width: 562px) 100vw, 562px\" \/><\/p>\n<p style=\"text-align: justify;\"><span style=\"font-family: book antiqua, palatino, serif; font-size: 18pt;\">Deux lieux d&rsquo;accueil pour le festival, entre sport, culture et recherche : <\/span><\/p>\n<p style=\"text-align: justify;\"><span style=\"font-family: book antiqua, palatino, serif; font-size: 18pt;\">&#8211; l&rsquo;UFR STAPS (Universit\u00e9 de Franche-Comt\u00e9) ;<\/span><\/p>\n<p style=\"text-align: justify;\"><span style=\"font-family: book antiqua, palatino, serif; font-size: 18pt;\">&#8211; le CCUB (Centre des cultures urbaines de Besan\u00e7on).\u00a0<\/span><\/p>\n<p style=\"text-align: center;\"><span style=\"font-family: book antiqua, palatino, serif; font-size: 18pt;\">1re \u00e9dition : <\/span><span style=\"font-family: book antiqua, palatino, serif; font-size: 18pt;\">le samedi 22 et le dimanche 23 juin, avec le soutien de la CVEC et la r\u00e9gion Bourgogne-Franche-Comt\u00e9. <\/span><\/p>\n<p style=\"text-align: center;\"><span style=\"font-family: book antiqua, palatino, serif; font-size: 18pt; color: #0000ff;\"><a style=\"color: #0000ff;\" href=\"https:\/\/aion-project.org\/blog\/wp-content\/uploads\/2024\/04\/Sportopia-programme.pdf\" target=\"_blank\" rel=\"noopener\">Le programme ici<\/a><\/span><\/p>\n<p style=\"text-align: center;\"><span style=\"font-family: book antiqua, palatino, serif; font-size: 18pt;\"><span style=\"color: #0000ff;\">Quelques images souvenirs de l&rsquo;\u00e9v\u00e9nement.<\/span> <\/span><\/p>\n<p style=\"text-align: center;\"><span style=\"font-family: book antiqua, palatino, serif; font-size: 18pt;\">Un grand merci \u00e0 toutes les associations participante (Jugger Paris, De Taille et d&rsquo;Estoc, BSK Team, Voodoo Vixens, Bison Team, L&rsquo;Incontr\u00f4lable compagnie, ATB Parkour)<br \/>\n<\/span><\/p>\n<p><img loading=\"lazy\" decoding=\"async\" class=\"alignnone size-large wp-image-1754\" src=\"https:\/\/aion-project.org\/blog\/wp-content\/uploads\/2024\/06\/IMG_20240623_141514_1-1024x768.jpg\" alt=\"\" width=\"525\" height=\"394\" srcset=\"https:\/\/aion-project.org\/blog\/wp-content\/uploads\/2024\/06\/IMG_20240623_141514_1-1024x768.jpg 1024w, https:\/\/aion-project.org\/blog\/wp-content\/uploads\/2024\/06\/IMG_20240623_141514_1-300x225.jpg 300w, https:\/\/aion-project.org\/blog\/wp-content\/uploads\/2024\/06\/IMG_20240623_141514_1-768x576.jpg 768w, https:\/\/aion-project.org\/blog\/wp-content\/uploads\/2024\/06\/IMG_20240623_141514_1-1536x1152.jpg 1536w, https:\/\/aion-project.org\/blog\/wp-content\/uploads\/2024\/06\/IMG_20240623_141514_1-2048x1536.jpg 2048w\" sizes=\"auto, (max-width: 525px) 100vw, 525px\" \/> <img loading=\"lazy\" decoding=\"async\" class=\"alignnone size-large wp-image-1755\" src=\"https:\/\/aion-project.org\/blog\/wp-content\/uploads\/2024\/06\/IMG_20240623_141119-1024x768.jpg\" alt=\"\" width=\"525\" height=\"394\" srcset=\"https:\/\/aion-project.org\/blog\/wp-content\/uploads\/2024\/06\/IMG_20240623_141119-1024x768.jpg 1024w, https:\/\/aion-project.org\/blog\/wp-content\/uploads\/2024\/06\/IMG_20240623_141119-300x225.jpg 300w, https:\/\/aion-project.org\/blog\/wp-content\/uploads\/2024\/06\/IMG_20240623_141119-768x576.jpg 768w, https:\/\/aion-project.org\/blog\/wp-content\/uploads\/2024\/06\/IMG_20240623_141119-1536x1152.jpg 1536w, https:\/\/aion-project.org\/blog\/wp-content\/uploads\/2024\/06\/IMG_20240623_141119-2048x1536.jpg 2048w\" sizes=\"auto, (max-width: 525px) 100vw, 525px\" \/> <img loading=\"lazy\" decoding=\"async\" class=\"size-large wp-image-1756 alignleft\" src=\"https:\/\/aion-project.org\/blog\/wp-content\/uploads\/2024\/06\/1719072120321-1024x766.jpg\" alt=\"\" width=\"525\" height=\"393\" srcset=\"https:\/\/aion-project.org\/blog\/wp-content\/uploads\/2024\/06\/1719072120321-1024x766.jpg 1024w, https:\/\/aion-project.org\/blog\/wp-content\/uploads\/2024\/06\/1719072120321-300x224.jpg 300w, https:\/\/aion-project.org\/blog\/wp-content\/uploads\/2024\/06\/1719072120321-768x575.jpg 768w, https:\/\/aion-project.org\/blog\/wp-content\/uploads\/2024\/06\/1719072120321-1536x1149.jpg 1536w, https:\/\/aion-project.org\/blog\/wp-content\/uploads\/2024\/06\/1719072120321-2048x1532.jpg 2048w\" sizes=\"auto, (max-width: 525px) 100vw, 525px\" \/><\/p>\n<p><img decoding=\"async\" src=\"data:image\/png;base64,iVBORw0KGgoAAAANSUhEUgAAAZAAAACcCAYAAAEmDc2VAAAAAXNSR0IArs4c6QAAAARnQU1BAACxjwv8YQUAAAAJcEhZcwAADsMAAA7DAcdvqGQAACc2SURBVHhe7Z09jx1J2YYPiLFXLKyXmSVFlkgJjN6QxDEBckqA5ARppX0DRy8S0SRImzlBpA4QsSX2B1jwB8wvYLQ2K9DaZoRWoBUCn7fuM\/3sPFPnruqq6qrq7nOeS7o8Pt3V3\/Xd1d2bBfBs+JvCw+FvM7bDX837w1+9o4+GvzLt3vBXeDD8BewAz506TB7bN5ut7zBLwG94f\/fraoMSRv8VBf83kN\/+X4D16nWnwQ7AV4IOf\/0DEQH7v54G2HQ9X683DbbTIYdFlsXLW2db+OUnJ3SnfR99+NUZqnFAsh5JSyHC25QD8GU7D+9+78bKfIH\/W2DT9TStDwsjhg9C9A\/i8s90RVrg\/xb86fo3U2DztOMHAvWBqIW3z\/+wN1146pRpjzHBIb91ODYNpIZ7vvv3xcnpM7bjvqED0dO3r\/byeB0W+L+BnsYU2LRr2E4z9Q67xb5ST3cie9TosMD\/DfQ0psCm3YTtuK\/eYbfIV3rTpTQXkPvcCD+oCU33GQ\/Hdlyrd3bY4TE1JfO1ApsnXtfB2AGI\/oEkHIxmbD5gYUQNmy9ek3IA2ie\/HlnhFagYxuYLOkwsbGq4K9iOB73cq8UuC7rTnkPQ5fP29eaCHYCbfjkEMYwOtEwzOW37YvwDkI3qdgUqkYJUZfydk9+6qiPrkG2UH9BeYr\/cq4pgI9gA\/uqD0jVgwP4vOy3TnzjZuuT\/+CtN6nGws3sH4HtdfuiN+BvX0\/RvKSj1gUAg\/5ffAP+\/GP6mHQjd6YjDYlOptZ7N5tOT04ep1RPRLSZK46kUXBlZVwxEawnnR\/FwpZHtPHSLhERNVP\/W6HmIJoIOr\/VhYeAV7AC0GQchAv83GJvmi4QvsPni+EHA2IHItKFDQqPDCf40\/7fgT9e\/ZRq4\/j\/bcV\/dx+UW+UqZpuZpdFiANCS\/5UzrMCGB\/3sftuO+\/\/jlN\/XOfqU+iGGez43wSoHN8wX+733YjvvqnfUbU3oe1udxI6xSYNMYOtx+TgVe3j67z3Zeq3d22OGYGjbfv8fBwogaNl+8gu286B+E6BaLqYnNA\/58X4HNE6866YTUgxDdIr6s6uCHCeGH41FoP1wYttMxh8WWCdth5hB8+bCdh8Nsw1gBkguJyFJbR2GsXzfBa4H16ub6KpELAdFkR5GE\/wM9T6bpZr1M07+h7rcQcaHRt6in+eh5Mp8t4\/8W8BsXBPe9QmHq8\/bN5gnLmMd8+9qrUFzh77R\/Qfy+Fh0+NA1KdwW4O\/zV4WSaRuYB\/F9uV0knsczHXx1WwDS\/4Y6\/6X0\/qeBkspM8xWHVS2KJ+3QT3EJgJ7Omw6YMH79Jwvzsg1N6UlN1m0lVw+bDGCw8ZLBwzFT8cick75NnJz5FdsKZ79+hO5Mq8l8pD3xDoxxZWOjDwqQYgoVNtfxCaHWnF1NtkHr\/R1eSeandLT6hcSM6NuqecC27w8vCQU1ofVpd2GuvYSe4RHYhYOBE71IMCw\/d\/Bh76xrUsPlQw+bnqmHzYTrsxJYaSiVuM1QWVhlrWKHvm61TGnlsHvRhYXLVsPm8fAjx8uTsnJ3cEslJ3ek2Q2Vhv\/LVaJ2drtMZuljshiALx7KrVNj6YB7s5JZIT+yg20zQSFh9c5Ghw47JkO4ZJkOXEQy9vK8fwdAglXn7sBOcamoV2G1migz\/rnHIGHpERon+nYLYRU7xJuyEhyxti7jN5BqDhdemPitTciJjhKroIWNl5j7sxNZ22JSRStJYpxLHC3BjjNCw2RyHVRmtcBfpETvxzrz80TCMcdBACw0+qQVa0Xkt6XEw5rf2Orvjd7gB\/f8WoCLRYv2t1tsVuSAx0Aj0ByQgJupnBgBSlR9Dsaw\/Db9jZRvm+z3NmMbaNXqaf0GwzNRx3N0JpRAcjBwgm19zmuDPk\/n6t3Tp6GmCviB6vg7TFtSivFrVnhgQMQRnpFwQgN\/yf\/\/eA5C\/QE\/TAxlCF1jAb2wHyOhqwB6clL8aP4Xou4ZtYSc+xWFxDcuy8Dt2QfDX76CTv0BP01mdXMgQmCc9vnIy5WLoSADkr8ZPIcjOUrLkcthJLnFYHSi9IFogf4H83++jAvq3TBP8eaHnDoD81fgXRFsfdmKnOKx2SWCfJMtaNuyEVnH\/4cU5WccFoSeyosNmjBgvT84u9P2Pz++\/R09mqZG388ydYnTNCEohX4p+Fk5Ma5ukPFUF2QlONWN8ls462HwYwz+xojwOrQkNG\/JlY4FDsOWZHHbiY5bcMXSbKRH47QBtCBYW+rAwMdlgcU3u3UJ4s1eAnfAUcy6K28wUAZsOQ7CwUMPmpxi6NVxyMcSrdaa+Cyxkynv1hg2WKrB5kMHCQZ3l+K39XBksXKpXsJOcK7sIYsKr9bbnv+DTnRrdMvf1YWGghs2HPqGxXn4qYWG0KBOlcau9zq5e3Dp9zk5wrv\/63S16MaDbTNBI+FA+fWN5pQ8LAzVsPlraDBYWath8yCoRvAuHndxS2cmFbjNUFlZ080PsrWdQw+ZDXZ32OzRLFVjMh3lVZnZiS2UnFrrNUFlY0c2PsbeuQYHNgxo2v0SBzYN5sBNbKjux0G1mT4yIZ2FFFybG3voGBTYPatj8EgU2D+bBTmyp7MRCt5k9Y48iQBcmxt76BmO1Jh8WpkSBzYN5sBNbKjux0G2GysKKbv4Ye+sb0SfUXiiFrQvmwU5sqezEQrcZKqrDLDx088fYW9+IPqHU5N+jTwVVV7Y+GEJXMq74y8l377GTmys7qaLbTNBnv78Z9uL5jfkxdLgxQ7CwMETqfKaPTJf789ewE5yrPqlMt5lS\/ZEfGhaeGSLU+ZgiGyPAwqV6E3aSU2UXwPfeD+hO5Mhg4ZgxWPgcfViYVK+zMP3+yBzZyQ\/pNlNqqNWeEsNTYMulmNubMOZNLjZ33mcnPSQ76WOOfPeCiRZ1DLaMNhW2bMyxwp8tEzPMWO\/v2DPpKbrNpJgCW07cLzDjyIiRmDldIbGalxjqOwvT4z0ncNickQI7gTUdNmPkwE5kDYfVGyXUeJRNO6zWmAo7uVkua3DcYVD0VO7Sv2hzSLx9s3nmXwCXxT231GAYhmEcAWMjUQB7AGiN6I7ZpVe0dJfWWN+m0ZCUBAIkcq218ogIJ64BSyALwU8gDH2x5OkVPY2pb0LHHqrQCY7N12piI571ttl8GBrHL7BltHq\/2aNJoobNh4xQAtHLaWM3\/Q8HvNXMNf0fs+a\/dAG4eU+3r6udkFgJwhJDKIEIbBpAeD1CgoXT0ySsPwQfsGkAVcFQ4hD08cbOoV5WEpOfKHU1DevVv3U4QU9DiYzt68ivCSUQoO8W6uovllk\/iNws8tcSCWzYVAp+AmGMJRB9AfVoeMFvw\/gKbBrwp\/u\/GXr\/QsbGB0gYOV4Bkdqfp9s2TIFNC8HOb6wkhutMIJE3AHYRpdGwK4weCUR+Q+TCoRKATQP+dFa90pFUqj96PkTGIUObdS7M8JdliRzo84B1Y99CnRpsWgh2fvXySCw6scL1JJC5E0VIVNGGXRR6JBBEWJkGdRgosGkgNN2PIFBX4wC2zXJ4XR1iSDiWMPyqmZ+z52YAjND59Z9d0O2f5ScQFikXq93OjCGRTjIEYwo0Aq7E4RCMm1gCqcGuR4lEurXpql5jdXLD2OfFrbMH7KGEFP\/6\/e9s\/3vxNRohe1vhGS6\/bq9BHRw5bY6loJ7N1hcy93vYfpssV7990gIcF9t2qrFrOY7\/br9aXn70Lo28LYy8XqiW6K3R+I3HMUsjEltXzBTGumlLnRYRr5maaMf0r+U+uc8XTpVF6hpO\/N5uiTqis\/kxc2HriJnaU9Vav+cwlVYJN6TuLbuGReAe\/u2Hd2gkL\/HRh\/SAexm605xiKqxLN2YsUrKu2x6m0rrEiHk9BKd3qRGSRfgcZyg1YCgC5ka+1FfdsGVjhmBhx2QjExCRWNgxx+hdasD9a7mUxCGyiJ9iwWshdo69zi5SIqXcO2HLxRyDLRMztI+5iTeVnPYXwobIbceJaLTHCJVI4WvJIumclryyHO\/ZcoeSpf9urjGH9w3nvtAMJ35v2yOGyK1uxHqtWPiQubB1hGT4d+NTzL1zjusyfi1fnpyds0g6tyyCxnSHkmXsbYJRy57i9odbjBnq8WFhY4aYq93BZLBwMVNK8jJY5FyCuS98coeSJVtHorx3Yxy6HxH9i87CxIzBws8lg4WL2Q4WOZdgywQy1uYYsTSBALo\/EYXcEmhsiD9bZi4ZLFzIsTbHNGp9mqK2KR+E0bpDyZKtI0WMTHbLl6JHm6YoPSpsXswx2DJzyWDhYrbj4vaduyyCzi2LnDFzh4+UliJu2ans7UtlU8ht7Pcmt43UthRxEfLSj6Bz+sXH79DIOaY7lGzZekKq5aaUIkCvq6Y5+8WWj1kK7mWUDP5k+zBmDrJM2jljEXUOp3zHtaSrV\/vgx1frwKcY8DfxjnxJDwouClvXVHMo6X6GY2Oq0MsXu8GX2h2rH5IqEV3cWAdGNOBvSvU2fi1dBJ21JKnxqvLnf6AH3sP9O7Bx2DqmWEJpIqlhSqlScj+khuFrWevDOrmyyD5FdyhzmTNqlS1f4tRh5XMM6RBTzhdbrofhfeuVUFjkrqk7lF7mliCgdAyTtqR+H4Ktv5Ul54utp4V5+\/by5PQpi9ylxr5W3Mqp7ZOIJW0QzdTcuwUlI5FTrJWYp7ZPQk69llfsnixMfJDq9U++vf3Pn75OI+3cFgyLn3KTcO2gYyEnMWOw4fVw8fbk3mOa51qyiLg67Q0nRksQwWjEW7r1XmFqGGnQiLg07TtLxtxsX20e0Mg5k3hF0bBrhrEsUAXDu6dYxG3qq+S7uIaxLFDC1Ew0E0fdGoZhGIZhGIZhGIaxAuSthm2fYmsPurlxDLDnkJASZD\/Xfs5Xjz9exxfo32vtNtbPgdQcDdwKfc6NGdEXggn077UmEH0Ma2Bt+3uw6AvBBPLCg7UW9yg9kLDh+Kv+l4F\/DYyZqHEhEAGlfh+6WYmIKWHw1NpYREW7B2GxTGikMaZjyDfCwdD4MiTwsTAxZBvY79C+YL2yDYQfA+Fjw89j10Ufz9LbUqsndiEEFkZPY2pCz1Top9iklArpRwQsy8JBIfTJhLE2CFtG6z99x8JA\/fgqIjMLE4KFwfr0dK3RCHayRWFsGlNyR+S4bL4oOfpYAoECShU2X0TpNLbd8LPXPLyvPCaA\/WfzRaFGAok9vIX1Hzbby83d7ZvNOT78HxqjhXnu73nFQYjsZIvC2DSJbH4Op9G5tn4FkFxYP4EIY9MkISJR6G3oTwnoapVeNoQOo9fpl1oaHU4nBqly+gkE1bDY2DkdVoPlco9nneCZDJcQnvuJIFe3jgsMfBxWm4s+wb5C6jQQmo7IwKpFLIFIpAc6YgnyW0\/z0WFChoiFCc3DPrPve8ix6ONIydz0OjRIHH5iY+HWyTDsfXKiCLkreVxJNGwuhZQTzMKwaYBN19N8cxMIIpf8lmkMHSZkiFgYf95YFatmAolVseB6GapPNFI3M+1x2pQTzMKwacCfrnNVHfFlWm4CAfJbTwM64ukwoZ6nEHpZXZ1BxqPnAf1bSnGdiGslEL1O3Ungh1sfofZEN+MlSsoJZmHYNOBP179RzdIXGk5NIFAnQlmf34OF6bpxryO+j15O9HNviaR6Go7N326tBKLPD7aNa+pX6daFa1A\/phF2BlGtG3bLJ+UEszBsGvCn6wvLLEkgYz1UEgFLqyQsrK+g949ZK4EAPY25HlgkXYT7pUnKCWZh2DTApqPnRU\/XpUhJAhFYo9g\/Pr1eUbYZQof1u5SxTR8\/kaCqJf+vmUD89o5\/XpePi4D3aMRckK40iXUvGmuLdGsBjWIWIZeoveEkiiWQ2qwpcYiRdsmxYwmkJmtMHKIlEoolkFqsoc0xJnrbhsMxjLqwCLdK7VWkxhSGL+M+8T914Fvjk2otffrbq6\/dukMaE92Sx\/ysAbpi\/e5bJjo75spccH1S9rHdtXxxcvqMJYQUl5JYnvyanrRcY333uAA5ToGtL2YOuAHJ7q2k2qM9F3rGJceU+zBxpiQM37kSSqWE4cuGrcQe5GHGnsUYg60vZipjd91zzE2YKdRIGL6xIUicl7fP7rNIXkMWiVvpDqWlLKdk4WKWkJsQUzofWkQ8MXeQZAi27lqml3ouEo+2Mab67z9+g0boWnb+JLSGzY9ZEnnYemKOkZvgSpySSPyhJS2N8+LW6XMWoVv4z9\/cppF7qjN9L13wxwWNmXsnf2yAIjNGj8QhltAzcYic2l+0TbF2SXL5Z3rAvRTYvJg5+IMGx9QDHn1aVqtC5lCSGdTyJp+enD5kEbiHLKKX6g5lLvWz2Gx+zJxGIls+ZgwWvrU5N2PZ8j3U1\/IKFnF7yiJ7rne\/Rw+2h\/5FxyhhFi5kagOxZvWqZm9VrilM6Wae4n4CdhH00o+wvZ3aBTxj1SqU+7OwMVNAQmLLhgwN58c+s\/AxkaD8G4FIsOjKZeFjjpUic1Wt9q\/lcGecRtresoifqjuUSd77wWb76MPN9vwXV\/9nYTz3i+GbsGViplSz2HIxQ+SWHmM31Gp3HEwt3ZCRIBGi\/ZWSqYSvpYuYs5ce4pRSxB1KkRfP+fpgpFRKucGX2wBmT+hpSnL9ECxsyNSHynITSQwWPsVYJhPav\/i1ZBF1TllEHfPhT+mBR33\/Dl8X0ytRcsYb6eVSjJFbvUICZeS2j3LI2cfQmKiSbuex0lyjq4Txa\/ny1ukjFknnlEXQMd2hZMvWE3PoAMhlb7sjxi4YCx8zBAsbMveR5JxSLpRzs7Bj5jJWWl\/BIujcllSz3KFkiaoTW09MvLLILZtLbjUrtI2Sm2UhWNg5DEVSFjYmqk5tYBF0bj\/74JRG0JBoQ7hDyZKtJ0W3bAl72x+RkdvlGRvSzcLPpU\/NdtZ0WARdgixyhnz8K3rSgmJkL1tPim75EnJ7ZFjkZuFihpir+zSkT277KNTOqgOLnEuQRc6Q6JZ1h5IsW0eqbvkSEOH39iOiX83KrV7FqoLormXLzKUPe3dXzLawyLkEWeQMmfhU4FeydaTqli9lbz9G1NSsXi0pgbBnRXJvOraFRc4lyCJnyJUkkNxIrqsObH7MGEtKIKwXyxJIiixyhsy9B8LWkapbvpTSXqjc6tlY9+WSEggr6XD3m4UN2RYWOZcgi5whc9sgz37P15OiW34Ke\/syIsht4MdvfJX1ErWSkdsGGRsCMw0WOZcgi5whEeHdoSSLG35sPSm65aeQW83K7dGBKbDlQvYmt6QdKzGnwSLn3F5+9C6NnDHdoWTJ1pGiW3YKrXNvDPNIgS0bcmzUbQvYfsRsh4uQzZ89z\/W\/F1+jkTOmO5QsS0qR8\/+rklvR\/alkbKCehi0bszdsH2KWXJf0ITQsks4pi5xjJg5PvyEa92xdTO+1QVPIHXCYYyq59fzSt99LdWmsXeRTco5SRlcLevjPOCySzuXff\/YtGkHHLBluAlNKkkA3cu5FF1pVs1KrVwJbR8zcqpbfG5UTgUvv9qeUJKwbOX4t53wW3ZdF0FTdoRSLoe\/oDUODH29EwWtJE0qlnIuuYeuaau6AvdzeMTF2ExLEumljd\/h92PKpYjsoJdHDhciPfR4rleKlJIusvf38\/ns04qea25tVyZyLLuS+lSTFXOYck5WSmOe4XxO+lkt47JZF+lzdocxlTpWrduQsbSOgSsLW18OU+xdsuR7yaznHO7HEWu\/GmvmdWDn1dLZ8qbnVKw1bXy9TqqhsuR7yfXORtfvz6aUN85CNXlSdaio1q1lTQG7J1tnLMXIfOKsph0XiVk5td4QseUa9grk5OVtHrqUdBZq5ImHq+cIxsuVbGt83F3mblyS1Sw7fzomkpJrD1pNrLXonktzzFesdq23avrVsk3z5yQmN1LXt9BLrUmrkjDXpNZCxlB7VwTxq92799fvfoRG5tY1eSZp784zB1ptqjeoVI\/eZjFRz35ASokXv27RrOfVjOngRQ8kYq9pWSig1IyZbf6qtqdWRgJt2LagxbKe0izzMi5OzxywRML\/4+B0aUecWNxUzx28hV82513FIoOqVm1iQiZS0y0rAPZWcxNL\/Wm4vN3dZRFyprXI845h5+3rziES2VemOIXfQn2Gk8\/bN5imLeGuw8M2JhpEHcmEWAZfusPuG0R5XkjxjkXCJWslhzIJLJI9ZhFyS1uYwZmV7ubnHIuZCtN4qYxmgGkMi6HxeduujN4w0tq8292lk7SiqfcPuGMYycRH13I+4rUWnwbB5w1gH29ebhywy19QljFYD+gyjH4jILIKXuLsPc5n8EjXDWBdoq6CtkNqwd2GfYplhccMwDMMwDMMwDMMwDMMwDMMwDMPoQegrvfaYwTyEvnuJ62EDeMsJfY3AnhgwjhJEfJYgUhXYPNESV19Cb27CW2eNaVgBYhiKWgWItUDmBy0L9rJWTLNWRx2sADEMRawAwbwxfZBRIZEd67tbjcPGChDDUCDiswQBcwglLP\/x51g4vLOMzYOYN9YFgwfnUr\/DgvcVhGrloXOSso9jn84G2C62EVuXOPbybZxPtPLYstqx9aTA1ottj20fx5mSweJYUj53MXaecaxsOdwXYvNyyC1AsJ8px4QwKXHHMBZFrADBvJB+Zj61AEkVmYef8SNjTMmMmeyTITg+FjZVto8A01Iyk5A6g8H\/WZgxsW+lT6iz9eVa+3yzTDdUgITMIbUAmfIVQWzDMFZBaeJNLRhyCxBkcFgmltGG7qv4x4L1oKDDNmMtE\/\/taWPnJGUfS4+b1eb9d\/WE9g\/LSuaDwio0EguWFCJsPVqcDxwDZPNFhPPB\/vrL4bhRQOAaxtbpt6zGtu+bQ+g6+gUIwDnW1xPXGHEN68AxxVpu9hqaNYF3k25fbR5s32zO8dY5\/1UqLcT7ivD+I\/f3EV5qPOxKb5ZSgPjhBCQ6Fj4Ga6EgIwodq7\/tUDhWe8a2WFioCR1H6EVuWC\/LRDCNrQeZMvbbN1RwYl4ubD04rlDcxTGEjju2ff+4EWdC3U9sXaFwuH5+3MglpwDR6O3i\/2PHhPnG0sAL5oZ3cF2wTH1J7t7\/9Xq0338qiPgsAsMcUguG3AQYSmCM2LHE9PcxtJ7SfQwdM8wltq4cQ8cSg63HP3c+oa42fzkUGqHzOKZ\/LKH11MiUc+IvCtbSY6qxr8YUUFi4jPg89YWNa3DXOqr7UslQZglzCCUsP6PISYAglAA1sWMQsZ5Qv7S\/j6H1TdlHNh\/mtjxD5y\/UAglZ0kXCtuufO5\/QOdctr1hXDpSusdTWVOh61Eg3qfEX+8zCiXJMLffVyGHXDTXDhxbmtEKBgojPIjDMIZSw\/AwmNQEKoQSmYfP97YLQPQE\/bOicTNnHUOYH0bWiM3ScI8lU2TZDGS6msy4atGLRlRSanwrbJsS6cW71uvUxMKXgTI0PWHfoPPthQ+Gwramk7C\/+z8LgHGlwTKFzVGNfjTF2r4Vf6TeoG8kynBihyA5zCCUsP3NOzTCElMw5llGl6O9j6JxM2UcwZWQOaqy6tTL1mEu6Rtl6StQjp3BMLEyO\/nWZuwAJhcmxxr4aDNxwXsM9jAUYyvA0ocwS5hBKND0KEDAlQ+1VgIBYTTokavhsuCoy37GuEqZfE06FrSvH0IABHEfoZnuK\/nUJnd8amXJq\/A2FS7XGvhoCuqd2N5V5RmlG3N0DOp6PcSGDlhFXEDVtXXNfGtg37CdaJ8j4oOy37hJKAdcYyyKj9tdVcs\/Dh2V02AaQ45Bto1sOv1nBFwPrQQGHZWX53POwNA7xmNbB0No4mJvgc+sK4VAt0DDGiBUghrEcenxM\/Zjd3TdyrbrhdBtGClaAGMvGCo6+WkFiZGAFiLFM0FXFMjizj9a1ZSSAwsIX924MYx52N8dtGO5ybP\/ku2EYRh4vb5\/df3Hr7MHLk7Nz8W\/\/896Tf\/zym1vtFx+\/s\/3yk5Ptf\/70dZ7BmZO9eL7ZPvv9Zvvk15vt+S\/2\/d+f74aGyogRiBEkGOFTYySPcXigCxTxQ49+i4lwCG9dpzdB+sJ5QSWOnTffw0mXF7fv3EWh8OLW6fOXt862Lfzsg9Pt33\/2re2\/fneLZozmlSggHv9qs733A9pn3UJ0ZZQMOzXWAzJ9dHNOeV4jRVRe0C225KHXpSCjR6Y\/9SHQVJEusb3lpctPT04fugLjgmX0PZVC5b8XX6OZ6aF7+eerVsP7d2gEmlNEXtSOcmidOSET7A0yXbYvtWxx7woZDmq4ra9HqihU5rh2U5BzWPKgZ0tL0uV0LjZ33n9xcvaYZeJL8q\/f\/86uC4xltofi8z90bV3UEolpDNQ62bK1RIbYE2R6bD9qicypFjj3vWrGU8Q1RK16iazlHGpT0mU5L2+dPmIZ9Rr82w\/vHMy9FLQ07v+IRoC1iQwgVgOa8r6oFNk3PVqAGijbfk1rdPO0biG1FJn13N0z2D5q9Wz\/1iTSZZ1W3q610fBeRm\/RzbXW+yZobSywe6qWoRFfrZv9PUaaoaBi267l1OGzrfevp3MUJCi8l9LFV9uyuHVoBQdzLQXJgRccvn6G3rorC7bMcHA8bJu1nNJ1teYWx5g9nkk55ILDN72itYb7G7VEi2TJN91XeH+jhkiUGvRzs3C1RLdDC3p0XZUM2zyWjA\/H2KpysLb7GzX00+VNdsNvb51d+pnsMXj50bs0A59LPJvhLsmxiUQZyhBbJ9gWN2Nbdw2V7DNulLJ1HbI1n43APTu2jUM2li6vWPMN8lpi1BbLzHuLobjukhyLqNWk3LBDBGbL17RmRtO61YREncscXVZo3UFsG+L\/c9Tea1zbYyp8U9PlcXVZjTl3l9bDn9KLeYiW9FEvMVNmLLGw61F4IIMt6TJCrb51oTJ1mPOxFB6IJ+nX0GWaT\/xM9NidqxCZq+Xx4MdXrzLB8GC2X9qnv51UyCGTmDrctPUwyRo3X1tnhrkjx1oXvFOvqaZlQVd6becqPBDXca1TMnS0FnDuSu5tlaVL67YK27s7CxmzuyRdxIgubI\/tR64JDzIiQudmeDF63JiekiG2zqxzn11p2RpCBteClvcZcltIrR8A1dZMK4jDsYrMtG395eS791jGaV6L16KwTLOFPYbpYhvI8Nn2p4rWi1eQ5DWF80DE19uqbWl3R4+uq9xz2qrFhsypJa2uMVoTOZTU6HPFNmq24nx0QYIKyPR0eejPeNTy33\/8Bs0wa9qj6+rRh3zbtX37plmt1Kf1CCcUgLmg4GHrqmVujbFlTb7GTekx2HanmhM\/e3Rd9XhepS54nTrLLM19P7\/\/Hs0oa9q69YECim23lW6bPUAtqnXtMOd1DsgI2DpqWVKgHdIT5jVNpXX8ym0NLQOXMdqN8wxb3lBv\/bwHbpCz7Tb1VfT9VjVp3T+NDCQFdD+w5WuZuh8+bF1mGq2f98i9l7UcXKZ4lA8LltrylSetu69a3fMYsWfNquWoHZhS82\/ddZXTEhJaZ4BrNoXW3Vct73m0hWWSZlh8HZFkklVs+VZd3NRm2+xg76Z5666G2L2HJXZdAStAwqbQsvuvdJDGMmCZpBl2rQUI1s222cHeBUiPoZZs5Err7U7JaKwA4abeRG81eg32GmjSBpZJmmGtAMl2jpuDrVsCrM+6dctnSjeHFSDc1LhpBUgIlkmaYb\/4+B2WSVax9T2QlKfLGzhHAQJ6DqNtfe9l6vBOK0C4qYUy4jBbvpatnpFqz4uT02csozS5LZ8Faf0Eeq\/nP27YbxSWT+vRUBDPPyy560rD1n3M5tT8WxfA63v+Q\/j05PQhyyjNffEpXJpJVtRdkqZiqDDbbjMvZ61dte7KwlO9S+660rTshpmrktATdtw1Xe85fHlydsEyTPOm\/\/zNbZ5JVrTHG3h7FSJvXzd\/xUUKsXcALd2Sb3yEaNlSQiG63m6YNFpXRuA6C5EXt84esAzTvLZH6wNePKcRq7ooqNj2a4k3+g7bQhfMnOPce7yTqoUtCt+WhelchQjiFlpXrbeN9bPjrm3rhwrlvWK4XvXSpcsk7Yn0iD1f6f74V3uRqpl4Or3mzfWRfUfimCOTaf1W3Ba2eL9Uj\/tCvQZNoEXFug9z3xGWQ894VDutxPa9zrbshjr3y09OaGbZUmTs7pJ0FUN9c1\/tjhZTYbdbze6ZFNbUldXy3PTKBNEqqNnyRAaHwiH1nhOud4tCuPWIOybOJQrMHHDsJfs6Le7Zm3lvOkfhIbZ8LmRBIqH36OLq1QUx1dZdGKD1sFQmMn5khNg2CgL09zORUSIMzkNqYTFm7QK55YCEpVieLl+enD5lmemx+Z8\/fZ1m7D09kkJERI2pZReX9P8u2ZbHr5mjEJnbmq2SYyhExPx0ecxfKOx1wzxVPL\/hLskxiZpnq75s1GzZNpdgy\/57RutnWJZsjVbJsRXCeenyYnPn\/WMb4ttjqG6JeJNujy8VLlDUGmuy1K6sHl1XDJyP1k\/tL9mprRJ089TqaluT6enyGD461fOTtVM8stZI7cJDWFpXFjKguVlD915tEb9qdRkeU2uk7Lwd4lPrKDh6DtGtZY8HDme0ZsIOMcdompC5I2xacgwFScv4taR4Vds65+0vJ9+9t\/bRWi3fqttT9cDeIVhnPHo6S+h6QIazRDAi6tC6ZloP0tAcUkGMAQNtzttws30VXzV8\/ZNvr7K1kSIeBlxp9xb635FZzcHcN5GX0HWVwpq7Z1Br7jFMPAQy3h6vQalt\/3SJeyVLehjxsw9Ody2NQy00YqJlcvd7NGIsQdRoWjzkVcKcXQ5zFZxTwD4veQgrCmUUeD1bsjmgZYLMme373OK6zlnY3gRdXS4jxytSurRQPr\/\/3mJHUc0tRnHhvskMI7mQWJCgl1JgMJAp9nY5CXUauK4YEouaPrv+rUW3JzLltYJ4gEpM7+7CNaRLzsXtO3d3L3A8OTvHQ4tDqyVayODZDBQQlx+9u\/uoU8vvchybeDsv3mGFD1rhwUWYWNAg00CtBU10ZCLIGA1DQOYkT5Yjk0RcSS1odNzC8ohbS21VtALHjHSF48e5gCkFjaVLfIiIZXbmPL59M9tzCoZhGGW4jOsJy9DMPr59vbncXh5Md4thGMcGvmqHjxOxDM5s6HyfozUMw6iLFSSdfL3qm5KGYRhxrGurrtZVZRjG0YHa8i7zI5miOS5ujqNlN5xOwzCM42PXvWWtkiR3Ba7d3zAMw9hnKEyesszzWB0KjSW9tM8wDGP5uAz0\/Bi7uVwh+swVput70tQwDGOJoHXiMteDLFB2BYZ1TRmGYfQDmS7un6ypUHH7+hwDCOwGuGEYxgJBweIy6\/NdzZ5k4q11hcQFCjYrKAzDMA4Ul7nf2xU2rzYPXMZ\/PqYrGB4N4e9bwWAYhmEYhmEYhmEYhmEYhmEYhmEYhmEYhmEYhmEYhmEYhmEYRhKbzf8DlfPDJ0+GAKkAAAAASUVORK5CYII=\" alt=\"\" \/><\/p>\n<p><img loading=\"lazy\" decoding=\"async\" class=\"detail__media__img-highres js-detail-img js-detail-img-high\" src=\"https:\/\/external-content.duckduckgo.com\/iu\/?u=https%3A%2F%2Fwww.flagsonline.fr%2Fuploads%2F2019-11-27%2F1200-0%2FRegion-Bourgogne-Franche-Comte_drapeau.jpg&amp;f=1&amp;nofb=1&amp;ipt=606362b7ed017a6006b2849f2cbbef5554f351bb586f26bdd410fdce8ceed694&amp;ipo=images\" alt=\"Drapeau Bourgogne Franche-Comt\u00e9 (Logo) - vente en ligne | Flagsonline.fr\" width=\"315\" height=\"210\" \/><\/p>\n","protected":false},"excerpt":{"rendered":"<p>Un festival des sports alternatifs : rencontres, d\u00e9monstrations, initiations, \u00e9changes. Deux lieux d&rsquo;accueil pour le festival, entre sport, culture et recherche : &#8211; l&rsquo;UFR STAPS (Universit\u00e9 de Franche-Comt\u00e9) ; &#8211; le CCUB (Centre des cultures urbaines de Besan\u00e7on).\u00a0 1re \u00e9dition : le samedi 22 et le dimanche 23 juin, avec le soutien de la CVEC [&hellip;]<\/p>\n","protected":false},"author":1,"featured_media":0,"parent":443,"menu_order":0,"comment_status":"closed","ping_status":"closed","template":"","meta":{"footnotes":""},"class_list":["post-1721","page","type-page","status-publish","hentry"],"_links":{"self":[{"href":"https:\/\/aion-project.org\/blog\/index.php?rest_route=\/wp\/v2\/pages\/1721","targetHints":{"allow":["GET"]}}],"collection":[{"href":"https:\/\/aion-project.org\/blog\/index.php?rest_route=\/wp\/v2\/pages"}],"about":[{"href":"https:\/\/aion-project.org\/blog\/index.php?rest_route=\/wp\/v2\/types\/page"}],"author":[{"embeddable":true,"href":"https:\/\/aion-project.org\/blog\/index.php?rest_route=\/wp\/v2\/users\/1"}],"replies":[{"embeddable":true,"href":"https:\/\/aion-project.org\/blog\/index.php?rest_route=%2Fwp%2Fv2%2Fcomments&post=1721"}],"version-history":[{"count":8,"href":"https:\/\/aion-project.org\/blog\/index.php?rest_route=\/wp\/v2\/pages\/1721\/revisions"}],"predecessor-version":[{"id":1763,"href":"https:\/\/aion-project.org\/blog\/index.php?rest_route=\/wp\/v2\/pages\/1721\/revisions\/1763"}],"up":[{"embeddable":true,"href":"https:\/\/aion-project.org\/blog\/index.php?rest_route=\/wp\/v2\/pages\/443"}],"wp:attachment":[{"href":"https:\/\/aion-project.org\/blog\/index.php?rest_route=%2Fwp%2Fv2%2Fmedia&parent=1721"}],"curies":[{"name":"wp","href":"https:\/\/api.w.org\/{rel}","templated":true}]}}