{"id":1710,"date":"2024-04-11T15:09:10","date_gmt":"2024-04-11T15:09:10","guid":{"rendered":"https:\/\/aion-project.org\/blog\/?page_id=1710"},"modified":"2024-05-10T13:49:53","modified_gmt":"2024-05-10T13:49:53","slug":"a-la-rencontre-des-danseurs-du-pogo-4-05-24","status":"publish","type":"page","link":"https:\/\/aion-project.org\/blog\/?page_id=1710","title":{"rendered":"\u00c0 la rencontre des danseurs du pogo 4\/05\/24"},"content":{"rendered":"<p style=\"text-align: center;\"><span style=\"font-family: book antiqua, palatino, serif; font-size: 18pt;\">Journ\u00e9e d&rsquo;\u00e9tude men\u00e9e en partenariat avec La Rodia, Sc\u00e8ne de musiques actuelles de Besan\u00e7on, et le laboratoire C3S.<\/span><\/p>\n<p style=\"text-align: center;\"><span style=\"font-family: book antiqua, palatino, serif; font-size: 18pt;\"><a href=\"https:\/\/aion-project.org\/blog\/wp-content\/uploads\/2024\/04\/flyer-programme.pdf\" target=\"_blank\" rel=\"noopener\">Le programme est disponible ici<\/a><\/span><\/p>\n<p style=\"text-align: center;\"><span style=\"font-family: book antiqua, palatino, serif; font-size: 18pt;\"><img loading=\"lazy\" decoding=\"async\" class=\"alignnone size-full wp-image-1716\" src=\"https:\/\/aion-project.org\/blog\/wp-content\/uploads\/2024\/04\/affiche-JEpogo.png\" alt=\"\" width=\"448\" height=\"620\" srcset=\"https:\/\/aion-project.org\/blog\/wp-content\/uploads\/2024\/04\/affiche-JEpogo.png 448w, https:\/\/aion-project.org\/blog\/wp-content\/uploads\/2024\/04\/affiche-JEpogo-217x300.png 217w\" sizes=\"auto, (max-width: 448px) 100vw, 448px\" \/> <\/span><img loading=\"lazy\" decoding=\"async\" class=\"alignnone size-large wp-image-1711\" src=\"https:\/\/aion-project.org\/blog\/wp-content\/uploads\/2024\/04\/flyer-programme2-726x1024.jpg\" alt=\"\" width=\"525\" height=\"740\" srcset=\"https:\/\/aion-project.org\/blog\/wp-content\/uploads\/2024\/04\/flyer-programme2-726x1024.jpg 726w, https:\/\/aion-project.org\/blog\/wp-content\/uploads\/2024\/04\/flyer-programme2-213x300.jpg 213w, https:\/\/aion-project.org\/blog\/wp-content\/uploads\/2024\/04\/flyer-programme2-768x1083.jpg 768w, https:\/\/aion-project.org\/blog\/wp-content\/uploads\/2024\/04\/flyer-programme2-1090x1536.jpg 1090w, https:\/\/aion-project.org\/blog\/wp-content\/uploads\/2024\/04\/flyer-programme2.jpg 1240w\" sizes=\"auto, (max-width: 525px) 100vw, 525px\" \/>\u00a0<span style=\"font-size: 18pt;\">\u00a0<\/span><\/p>\n<p><img loading=\"lazy\" decoding=\"async\" class=\"size-large wp-image-1738 aligncenter\" src=\"https:\/\/aion-project.org\/blog\/wp-content\/uploads\/2024\/05\/5888495056279683836_121-768x1024.jpg\" alt=\"\" width=\"525\" height=\"700\" srcset=\"https:\/\/aion-project.org\/blog\/wp-content\/uploads\/2024\/05\/5888495056279683836_121-768x1024.jpg 768w, https:\/\/aion-project.org\/blog\/wp-content\/uploads\/2024\/05\/5888495056279683836_121-225x300.jpg 225w, https:\/\/aion-project.org\/blog\/wp-content\/uploads\/2024\/05\/5888495056279683836_121.jpg 960w\" sizes=\"auto, (max-width: 525px) 100vw, 525px\" \/> <img loading=\"lazy\" decoding=\"async\" class=\"size-large wp-image-1739 aligncenter\" src=\"https:\/\/aion-project.org\/blog\/wp-content\/uploads\/2024\/05\/5888495056279683827_121-1024x768.jpg\" alt=\"\" width=\"525\" height=\"394\" srcset=\"https:\/\/aion-project.org\/blog\/wp-content\/uploads\/2024\/05\/5888495056279683827_121-1024x768.jpg 1024w, https:\/\/aion-project.org\/blog\/wp-content\/uploads\/2024\/05\/5888495056279683827_121-300x225.jpg 300w, https:\/\/aion-project.org\/blog\/wp-content\/uploads\/2024\/05\/5888495056279683827_121-768x576.jpg 768w, https:\/\/aion-project.org\/blog\/wp-content\/uploads\/2024\/05\/5888495056279683827_121.jpg 1280w\" sizes=\"auto, (max-width: 525px) 100vw, 525px\" \/><\/p>\n","protected":false},"excerpt":{"rendered":"<p>Journ\u00e9e d&rsquo;\u00e9tude men\u00e9e en partenariat avec La Rodia, Sc\u00e8ne de musiques actuelles de Besan\u00e7on, et le laboratoire C3S. Le programme est disponible ici \u00a0\u00a0<\/p>\n","protected":false},"author":1,"featured_media":0,"parent":1144,"menu_order":0,"comment_status":"closed","ping_status":"closed","template":"","meta":{"footnotes":""},"class_list":["post-1710","page","type-page","status-publish","hentry"],"_links":{"self":[{"href":"https:\/\/aion-project.org\/blog\/index.php?rest_route=\/wp\/v2\/pages\/1710","targetHints":{"allow":["GET"]}}],"collection":[{"href":"https:\/\/aion-project.org\/blog\/index.php?rest_route=\/wp\/v2\/pages"}],"about":[{"href":"https:\/\/aion-project.org\/blog\/index.php?rest_route=\/wp\/v2\/types\/page"}],"author":[{"embeddable":true,"href":"https:\/\/aion-project.org\/blog\/index.php?rest_route=\/wp\/v2\/users\/1"}],"replies":[{"embeddable":true,"href":"https:\/\/aion-project.org\/blog\/index.php?rest_route=%2Fwp%2Fv2%2Fcomments&post=1710"}],"version-history":[{"count":7,"href":"https:\/\/aion-project.org\/blog\/index.php?rest_route=\/wp\/v2\/pages\/1710\/revisions"}],"predecessor-version":[{"id":1740,"href":"https:\/\/aion-project.org\/blog\/index.php?rest_route=\/wp\/v2\/pages\/1710\/revisions\/1740"}],"up":[{"embeddable":true,"href":"https:\/\/aion-project.org\/blog\/index.php?rest_route=\/wp\/v2\/pages\/1144"}],"wp:attachment":[{"href":"https:\/\/aion-project.org\/blog\/index.php?rest_route=%2Fwp%2Fv2%2Fmedia&parent=1710"}],"curies":[{"name":"wp","href":"https:\/\/api.w.org\/{rel}","templated":true}]}}