{"id":1705,"date":"2024-04-04T07:17:56","date_gmt":"2024-04-04T07:17:56","guid":{"rendered":"https:\/\/aion-project.org\/blog\/?page_id=1705"},"modified":"2025-05-07T12:57:05","modified_gmt":"2025-05-07T12:57:05","slug":"explorations-in-myth-and-ritual-throughout-the-world","status":"publish","type":"page","link":"https:\/\/aion-project.org\/blog\/?page_id=1705","title":{"rendered":"Explorations in Myth and Ritual Throughout the World &#8211; 2024"},"content":{"rendered":"<p style=\"text-align: justify;\"><span style=\"font-family: book antiqua, palatino, serif; font-size: 18pt;\">Pour ses 40 ans, the <em>Traditional Cosmology Society<\/em> propose un congr\u00e8s \u00e0 l&rsquo;Universit\u00e9 d&rsquo;Edimbourg : Explorations in Myth and Ritual Throughout the World, du 5 au 8 avril 2024.<\/span><\/p>\n<p style=\"text-align: justify;\"><span style=\"font-family: book antiqua, palatino, serif; font-size: 18pt;\">Dans ce cadre, Laurent S\u00e9bastien Fournier est intervenu sur la th\u00e9matique suivante : \u00ab\u00a0Performing the City: Using Myths and Rituals to Understand Urban Identities and Beliefs\u00a0\u00bb.<\/span><\/p>\n<blockquote class=\"wp-embedded-content\" data-secret=\"Max3qHC2in\"><p><a href=\"https:\/\/thisisthetcson.wordpress.com\/tcs-40th-anniversary-conference\/\">TCS 40th Anniversary&nbsp;Conference<\/a><\/p><\/blockquote>\n<p><iframe loading=\"lazy\" class=\"wp-embedded-content\" sandbox=\"allow-scripts\" security=\"restricted\" style=\"position: absolute; visibility: hidden;\" title=\"&#8220;TCS 40th Anniversary&nbsp;Conference&#8221; &#8212; Traditional Cosmology Society\" src=\"https:\/\/thisisthetcson.wordpress.com\/tcs-40th-anniversary-conference\/embed\/#?secret=22i3vM77KN#?secret=Max3qHC2in\" data-secret=\"Max3qHC2in\" width=\"525\" height=\"296\" frameborder=\"0\" marginwidth=\"0\" marginheight=\"0\" scrolling=\"no\"><\/iframe><\/p>\n","protected":false},"excerpt":{"rendered":"<p>Pour ses 40 ans, the Traditional Cosmology Society propose un congr\u00e8s \u00e0 l&rsquo;Universit\u00e9 d&rsquo;Edimbourg : Explorations in Myth and Ritual Throughout the World, du 5 au 8 avril 2024. Dans ce cadre, Laurent S\u00e9bastien Fournier est intervenu sur la th\u00e9matique suivante : \u00ab\u00a0Performing the City: Using Myths and Rituals to Understand Urban Identities and Beliefs\u00a0\u00bb. [&hellip;]<\/p>\n","protected":false},"author":1,"featured_media":0,"parent":450,"menu_order":0,"comment_status":"closed","ping_status":"closed","template":"","meta":{"footnotes":""},"class_list":["post-1705","page","type-page","status-publish","hentry"],"_links":{"self":[{"href":"https:\/\/aion-project.org\/blog\/index.php?rest_route=\/wp\/v2\/pages\/1705","targetHints":{"allow":["GET"]}}],"collection":[{"href":"https:\/\/aion-project.org\/blog\/index.php?rest_route=\/wp\/v2\/pages"}],"about":[{"href":"https:\/\/aion-project.org\/blog\/index.php?rest_route=\/wp\/v2\/types\/page"}],"author":[{"embeddable":true,"href":"https:\/\/aion-project.org\/blog\/index.php?rest_route=\/wp\/v2\/users\/1"}],"replies":[{"embeddable":true,"href":"https:\/\/aion-project.org\/blog\/index.php?rest_route=%2Fwp%2Fv2%2Fcomments&post=1705"}],"version-history":[{"count":5,"href":"https:\/\/aion-project.org\/blog\/index.php?rest_route=\/wp\/v2\/pages\/1705\/revisions"}],"predecessor-version":[{"id":1855,"href":"https:\/\/aion-project.org\/blog\/index.php?rest_route=\/wp\/v2\/pages\/1705\/revisions\/1855"}],"up":[{"embeddable":true,"href":"https:\/\/aion-project.org\/blog\/index.php?rest_route=\/wp\/v2\/pages\/450"}],"wp:attachment":[{"href":"https:\/\/aion-project.org\/blog\/index.php?rest_route=%2Fwp%2Fv2%2Fmedia&parent=1705"}],"curies":[{"name":"wp","href":"https:\/\/api.w.org\/{rel}","templated":true}]}}