{"id":1631,"date":"2023-06-17T09:25:53","date_gmt":"2023-06-17T09:25:53","guid":{"rendered":"https:\/\/aion-project.org\/blog\/?page_id=1631"},"modified":"2023-06-17T09:29:04","modified_gmt":"2023-06-17T09:29:04","slug":"les-mythes-au-xxie-siecle-interrogations","status":"publish","type":"page","link":"https:\/\/aion-project.org\/blog\/?page_id=1631","title":{"rendered":"Les mythes au XXIe si\u00e8cle &#8211; Interrogations"},"content":{"rendered":"<p style=\"text-align: justify;\"><span style=\"font-family: book antiqua, palatino, serif; font-size: 18pt;\">Le num\u00e9ro 36 de la revue <span style=\"color: #000080;\"><a style=\"color: #000080;\" href=\"http:\/\/www.revue-interrogations.org\" target=\"_blank\" rel=\"noopener\"><em>Interrogations<\/em><\/a><\/span>, dirig\u00e9 par Laurent Di Filippo, propose de prolonger les \u00e9changes suite au colloque \u00ab\u00a0Les mythes au XXIe si\u00e8cle\u00a0\u00bb, port\u00e9 par l&rsquo;\u00e9quipe Ai\u00f4n et qui s&rsquo;est d\u00e9roul\u00e9 \u00e0 Besan\u00e7on les<span style=\"color: #000080;\"> <a style=\"color: #000080;\" href=\"https:\/\/aion-project.org\/blog\/wp-admin\/post.php?post=1033&amp;action=edit\" target=\"_blank\" rel=\"noopener\">12 et 13 mai 2022<\/a>.<\/span> <\/span><\/p>\n<p style=\"text-align: justify;\"><span style=\"font-family: book antiqua, palatino, serif; font-size: 18pt;\"><strong>Il est enti\u00e8rement disponible en libre acc\u00e8s <a href=\"http:\/\/www.revue-interrogations.org\/-No-36-Les-Mythes-au-XXIe-siecle-\" target=\"_blank\" rel=\"noopener\"><span style=\"color: #000080;\">ici<\/span><\/a><span style=\"color: #000080;\">.<\/span><\/strong><br \/>\n<\/span><\/p>\n","protected":false},"excerpt":{"rendered":"<p>Le num\u00e9ro 36 de la revue Interrogations, dirig\u00e9 par Laurent Di Filippo, propose de prolonger les \u00e9changes suite au colloque \u00ab\u00a0Les mythes au XXIe si\u00e8cle\u00a0\u00bb, port\u00e9 par l&rsquo;\u00e9quipe Ai\u00f4n et qui s&rsquo;est d\u00e9roul\u00e9 \u00e0 Besan\u00e7on les 12 et 13 mai 2022. Il est enti\u00e8rement disponible en libre acc\u00e8s ici.<\/p>\n","protected":false},"author":1,"featured_media":0,"parent":20,"menu_order":0,"comment_status":"closed","ping_status":"closed","template":"","meta":{"footnotes":""},"class_list":["post-1631","page","type-page","status-publish","hentry"],"_links":{"self":[{"href":"https:\/\/aion-project.org\/blog\/index.php?rest_route=\/wp\/v2\/pages\/1631","targetHints":{"allow":["GET"]}}],"collection":[{"href":"https:\/\/aion-project.org\/blog\/index.php?rest_route=\/wp\/v2\/pages"}],"about":[{"href":"https:\/\/aion-project.org\/blog\/index.php?rest_route=\/wp\/v2\/types\/page"}],"author":[{"embeddable":true,"href":"https:\/\/aion-project.org\/blog\/index.php?rest_route=\/wp\/v2\/users\/1"}],"replies":[{"embeddable":true,"href":"https:\/\/aion-project.org\/blog\/index.php?rest_route=%2Fwp%2Fv2%2Fcomments&post=1631"}],"version-history":[{"count":3,"href":"https:\/\/aion-project.org\/blog\/index.php?rest_route=\/wp\/v2\/pages\/1631\/revisions"}],"predecessor-version":[{"id":1635,"href":"https:\/\/aion-project.org\/blog\/index.php?rest_route=\/wp\/v2\/pages\/1631\/revisions\/1635"}],"up":[{"embeddable":true,"href":"https:\/\/aion-project.org\/blog\/index.php?rest_route=\/wp\/v2\/pages\/20"}],"wp:attachment":[{"href":"https:\/\/aion-project.org\/blog\/index.php?rest_route=%2Fwp%2Fv2%2Fmedia&parent=1631"}],"curies":[{"name":"wp","href":"https:\/\/api.w.org\/{rel}","templated":true}]}}