{"id":1505,"date":"2022-12-23T20:05:19","date_gmt":"2022-12-23T20:05:19","guid":{"rendered":"https:\/\/aion-project.org\/blog\/?page_id=1505"},"modified":"2023-02-21T14:35:42","modified_gmt":"2023-02-21T14:35:42","slug":"creer-et-incarner-des-creatures-fantastiques-2e-partie-18-02-23","status":"publish","type":"page","link":"https:\/\/aion-project.org\/blog\/?page_id=1505","title":{"rendered":"Cr\u00e9er et incarner des cr\u00e9atures fantastiques (2e partie) 18\/02\/23"},"content":{"rendered":"<p style=\"text-align: justify;\"><span style=\"font-family: book antiqua, palatino, serif; font-size: 18pt;\">Colloque organis\u00e9 conjointement par l\u2019ANR Ai\u00f4n et le laboratoire<em> Textes et Cultures <\/em>(UR 4028) de l\u2019Universit\u00e9 d\u2019Artois, en partenariat avec le festival Atrebatia &#8211; Escales imaginaires.<\/span><\/p>\n<p style=\"text-align: center;\"><span style=\"font-size: 24pt; font-family: book antiqua, palatino, serif; color: #33cccc;\"><span style=\"color: #333399;\"><a href=\"https:\/\/aion-project.org\/blog\/wp-content\/uploads\/2023\/01\/programme-Creer-et-incarner-des-creatures-fantastiques-final.pdf\" target=\"_blank\" rel=\"noopener\"><span style=\"color: #3366ff;\">Programme \u00ab\u00a0Cr\u00e9er et incarner des cr\u00e9atures fantastiques\u00a0\u00bb 2023<\/span><\/a><\/span><\/span><\/p>\n<p><img loading=\"lazy\" decoding=\"async\" class=\"size-full wp-image-1521 aligncenter\" src=\"https:\/\/aion-project.org\/blog\/wp-content\/uploads\/2023\/01\/affiche-2023.jpg\" alt=\"\" width=\"565\" height=\"800\" srcset=\"https:\/\/aion-project.org\/blog\/wp-content\/uploads\/2023\/01\/affiche-2023.jpg 565w, https:\/\/aion-project.org\/blog\/wp-content\/uploads\/2023\/01\/affiche-2023-212x300.jpg 212w\" sizes=\"auto, (max-width: 565px) 100vw, 565px\" \/><\/p>\n<p>&nbsp;<\/p>\n<p style=\"text-align: center;\"><span style=\"font-family: book antiqua, palatino, serif; font-size: 18pt;\">Voir \u00e9galement le site du festival : https:\/\/www.atrebatia.fr\/<\/span><\/p>\n<p style=\"text-align: center;\"><span style=\"font-family: book antiqua, palatino, serif; font-size: 18pt; color: #000080;\">Quelques images du colloque #2 :<\/span><\/p>\n<p><img loading=\"lazy\" decoding=\"async\" class=\"size-large wp-image-1555 alignnone\" src=\"https:\/\/aion-project.org\/blog\/wp-content\/uploads\/2023\/02\/20230217_203536-3-1024x768.jpg\" alt=\"\" width=\"525\" height=\"394\" srcset=\"https:\/\/aion-project.org\/blog\/wp-content\/uploads\/2023\/02\/20230217_203536-3-1024x768.jpg 1024w, https:\/\/aion-project.org\/blog\/wp-content\/uploads\/2023\/02\/20230217_203536-3-300x225.jpg 300w, https:\/\/aion-project.org\/blog\/wp-content\/uploads\/2023\/02\/20230217_203536-3-768x576.jpg 768w, https:\/\/aion-project.org\/blog\/wp-content\/uploads\/2023\/02\/20230217_203536-3-1536x1152.jpg 1536w, https:\/\/aion-project.org\/blog\/wp-content\/uploads\/2023\/02\/20230217_203536-3-2048x1536.jpg 2048w\" sizes=\"auto, (max-width: 525px) 100vw, 525px\" \/><\/p>\n<p><img loading=\"lazy\" decoding=\"async\" class=\"size-large wp-image-1551 aligncenter\" src=\"https:\/\/aion-project.org\/blog\/wp-content\/uploads\/2023\/02\/20230218_105727-1-1024x768.jpg\" alt=\"\" width=\"525\" height=\"394\" srcset=\"https:\/\/aion-project.org\/blog\/wp-content\/uploads\/2023\/02\/20230218_105727-1-1024x768.jpg 1024w, https:\/\/aion-project.org\/blog\/wp-content\/uploads\/2023\/02\/20230218_105727-1-300x225.jpg 300w, https:\/\/aion-project.org\/blog\/wp-content\/uploads\/2023\/02\/20230218_105727-1-768x576.jpg 768w, https:\/\/aion-project.org\/blog\/wp-content\/uploads\/2023\/02\/20230218_105727-1-1536x1152.jpg 1536w, https:\/\/aion-project.org\/blog\/wp-content\/uploads\/2023\/02\/20230218_105727-1-2048x1536.jpg 2048w\" sizes=\"auto, (max-width: 525px) 100vw, 525px\" \/><\/p>\n<p><img loading=\"lazy\" decoding=\"async\" class=\" wp-image-1556 aligncenter\" src=\"https:\/\/aion-project.org\/blog\/wp-content\/uploads\/2023\/02\/IMG_20230218_145232.jpg\" alt=\"\" width=\"419\" height=\"314\" srcset=\"https:\/\/aion-project.org\/blog\/wp-content\/uploads\/2023\/02\/IMG_20230218_145232.jpg 1000w, https:\/\/aion-project.org\/blog\/wp-content\/uploads\/2023\/02\/IMG_20230218_145232-300x225.jpg 300w, https:\/\/aion-project.org\/blog\/wp-content\/uploads\/2023\/02\/IMG_20230218_145232-768x576.jpg 768w\" sizes=\"auto, (max-width: 419px) 100vw, 419px\" \/><\/p>\n<p><img loading=\"lazy\" decoding=\"async\" class=\"size-large wp-image-1557 alignnone\" src=\"https:\/\/aion-project.org\/blog\/wp-content\/uploads\/2023\/02\/IMG_20230218_160509.jpg\" alt=\"\" width=\"525\" height=\"394\" srcset=\"https:\/\/aion-project.org\/blog\/wp-content\/uploads\/2023\/02\/IMG_20230218_160509.jpg 1000w, https:\/\/aion-project.org\/blog\/wp-content\/uploads\/2023\/02\/IMG_20230218_160509-300x225.jpg 300w, https:\/\/aion-project.org\/blog\/wp-content\/uploads\/2023\/02\/IMG_20230218_160509-768x576.jpg 768w\" sizes=\"auto, (max-width: 525px) 100vw, 525px\" \/><\/p>\n<p>&nbsp;<\/p>\n<p style=\"text-align: center;\"><span style=\"font-size: 18pt; font-family: book antiqua, palatino, serif; color: #33cccc;\"><span style=\"color: #333399;\">La <a style=\"color: #333399;\" href=\"https:\/\/aion-project.org\/blog\/?page_id=723\" target=\"_blank\" rel=\"noopener\">premi\u00e8re partie<\/a> s&rsquo;\u00e9tait d\u00e9roul\u00e9e en visioconf\u00e9rence en f\u00e9vrier 2022.<\/span><\/span><em><span style=\"font-size: 18pt; font-family: book antiqua, palatino, serif; color: #33cccc;\"><br \/>\n<\/span><\/em><\/p>\n<h1 style=\"text-align: center;\"><span style=\"font-size: 14pt;\"><a href=\"https:\/\/aion-project.org\/blog\/wp-content\/uploads\/2021\/05\/AAC-Creer-et-incarner-des-creatures-fantastiques.pdf\">L&rsquo;appel \u00e0 communications<\/a><\/span><\/h1>\n<p>&nbsp;<\/p>\n<div id=\"sdfootnote1\"><a class=\"sdfootnotesym\" href=\"#sdfootnote1anc\" name=\"sdfootnote1sym\"><\/a><\/div>\n","protected":false},"excerpt":{"rendered":"<p>Colloque organis\u00e9 conjointement par l\u2019ANR Ai\u00f4n et le laboratoire Textes et Cultures (UR 4028) de l\u2019Universit\u00e9 d\u2019Artois, en partenariat avec le festival Atrebatia &#8211; Escales imaginaires. Programme \u00ab\u00a0Cr\u00e9er et incarner des cr\u00e9atures fantastiques\u00a0\u00bb 2023 &nbsp; Voir \u00e9galement le site du festival : https:\/\/www.atrebatia.fr\/ Quelques images du colloque #2 : &nbsp; La premi\u00e8re partie s&rsquo;\u00e9tait d\u00e9roul\u00e9e [&hellip;]<\/p>\n","protected":false},"author":1,"featured_media":0,"parent":22,"menu_order":0,"comment_status":"closed","ping_status":"closed","template":"","meta":{"footnotes":""},"class_list":["post-1505","page","type-page","status-publish","hentry"],"_links":{"self":[{"href":"https:\/\/aion-project.org\/blog\/index.php?rest_route=\/wp\/v2\/pages\/1505","targetHints":{"allow":["GET"]}}],"collection":[{"href":"https:\/\/aion-project.org\/blog\/index.php?rest_route=\/wp\/v2\/pages"}],"about":[{"href":"https:\/\/aion-project.org\/blog\/index.php?rest_route=\/wp\/v2\/types\/page"}],"author":[{"embeddable":true,"href":"https:\/\/aion-project.org\/blog\/index.php?rest_route=\/wp\/v2\/users\/1"}],"replies":[{"embeddable":true,"href":"https:\/\/aion-project.org\/blog\/index.php?rest_route=%2Fwp%2Fv2%2Fcomments&post=1505"}],"version-history":[{"count":13,"href":"https:\/\/aion-project.org\/blog\/index.php?rest_route=\/wp\/v2\/pages\/1505\/revisions"}],"predecessor-version":[{"id":1508,"href":"https:\/\/aion-project.org\/blog\/index.php?rest_route=\/wp\/v2\/pages\/1505\/revisions\/1508"}],"up":[{"embeddable":true,"href":"https:\/\/aion-project.org\/blog\/index.php?rest_route=\/wp\/v2\/pages\/22"}],"wp:attachment":[{"href":"https:\/\/aion-project.org\/blog\/index.php?rest_route=%2Fwp%2Fv2%2Fmedia&parent=1505"}],"curies":[{"name":"wp","href":"https:\/\/api.w.org\/{rel}","templated":true}]}}