{"id":1494,"date":"2022-12-23T19:53:27","date_gmt":"2022-12-23T19:53:27","guid":{"rendered":"https:\/\/aion-project.org\/blog\/?page_id=1494"},"modified":"2022-12-23T20:00:15","modified_gmt":"2022-12-23T20:00:15","slug":"fantasy-et-imaginaire","status":"publish","type":"page","link":"https:\/\/aion-project.org\/blog\/?page_id=1494","title":{"rendered":"Fantasy et imaginaire &#8211; Mundus Fabula"},"content":{"rendered":"<p style=\"text-align: center;\"><span style=\"font-family: book antiqua, palatino, serif; font-size: 18pt; color: #3366ff;\"><strong>Dossier <em>Mundus Fabula<\/em> : \u00ab\u00a0Fantasy et imaginaire\u00a0\u00bb<\/strong><\/span><\/p>\n<p><span style=\"font-family: book antiqua, palatino, serif; font-size: 18pt;\"><img loading=\"lazy\" decoding=\"async\" class=\"size-large wp-image-1740 aligncenter\" src=\"https:\/\/mf.hypotheses.org\/files\/2022\/09\/d4jj94t-38baf8ed-9067-4c72-9813-c536b0fecf6c-500x315.png\" sizes=\"auto, (max-width: 500px) 100vw, 500px\" srcset=\"https:\/\/mf.hypotheses.org\/files\/2022\/09\/d4jj94t-38baf8ed-9067-4c72-9813-c536b0fecf6c-500x315.png 500w, https:\/\/mf.hypotheses.org\/files\/2022\/09\/d4jj94t-38baf8ed-9067-4c72-9813-c536b0fecf6c-300x189.png 300w, https:\/\/mf.hypotheses.org\/files\/2022\/09\/d4jj94t-38baf8ed-9067-4c72-9813-c536b0fecf6c-768x483.png 768w, https:\/\/mf.hypotheses.org\/files\/2022\/09\/d4jj94t-38baf8ed-9067-4c72-9813-c536b0fecf6c.png 995w\" alt=\"\" width=\"500\" height=\"315\" aria-describedby=\"caption-attachment-1740\" \/><\/span><\/p>\n<p style=\"text-align: justify;\"><span style=\"font-family: book antiqua, palatino, serif; font-size: 18pt;\">La quatri\u00e8me \u00e9dition des ateliers-s\u00e9minaires est disponible par \u00e9crit sur le carnet hypoth\u00e8ses.org Mundus Fabula. Elle s&rsquo;attache \u00e0 saisir les liens entre fiction et fantasy et tend \u00e0 montrer comment ces deux notions peuvent \u00eatre intriqu\u00e9es sur le terrain. <\/span><\/p>\n<p style=\"text-align: justify;\"><span style=\"font-family: book antiqua, palatino, serif; font-size: 18pt;\">L&rsquo;ensemble des textes est en libre acc\u00e8s <a href=\"https:\/\/mf.hypotheses.org\/1737\" target=\"_blank\" rel=\"noopener\">ici<\/a>.<\/span><\/p>\n","protected":false},"excerpt":{"rendered":"<p>Dossier Mundus Fabula : \u00ab\u00a0Fantasy et imaginaire\u00a0\u00bb La quatri\u00e8me \u00e9dition des ateliers-s\u00e9minaires est disponible par \u00e9crit sur le carnet hypoth\u00e8ses.org Mundus Fabula. Elle s&rsquo;attache \u00e0 saisir les liens entre fiction et fantasy et tend \u00e0 montrer comment ces deux notions peuvent \u00eatre intriqu\u00e9es sur le terrain. L&rsquo;ensemble des textes est en libre acc\u00e8s ici.<\/p>\n","protected":false},"author":1,"featured_media":0,"parent":20,"menu_order":0,"comment_status":"closed","ping_status":"closed","template":"","meta":{"footnotes":""},"class_list":["post-1494","page","type-page","status-publish","hentry"],"_links":{"self":[{"href":"https:\/\/aion-project.org\/blog\/index.php?rest_route=\/wp\/v2\/pages\/1494","targetHints":{"allow":["GET"]}}],"collection":[{"href":"https:\/\/aion-project.org\/blog\/index.php?rest_route=\/wp\/v2\/pages"}],"about":[{"href":"https:\/\/aion-project.org\/blog\/index.php?rest_route=\/wp\/v2\/types\/page"}],"author":[{"embeddable":true,"href":"https:\/\/aion-project.org\/blog\/index.php?rest_route=\/wp\/v2\/users\/1"}],"replies":[{"embeddable":true,"href":"https:\/\/aion-project.org\/blog\/index.php?rest_route=%2Fwp%2Fv2%2Fcomments&post=1494"}],"version-history":[{"count":4,"href":"https:\/\/aion-project.org\/blog\/index.php?rest_route=\/wp\/v2\/pages\/1494\/revisions"}],"predecessor-version":[{"id":1503,"href":"https:\/\/aion-project.org\/blog\/index.php?rest_route=\/wp\/v2\/pages\/1494\/revisions\/1503"}],"up":[{"embeddable":true,"href":"https:\/\/aion-project.org\/blog\/index.php?rest_route=\/wp\/v2\/pages\/20"}],"wp:attachment":[{"href":"https:\/\/aion-project.org\/blog\/index.php?rest_route=%2Fwp%2Fv2%2Fmedia&parent=1494"}],"curies":[{"name":"wp","href":"https:\/\/api.w.org\/{rel}","templated":true}]}}