{"id":1486,"date":"2022-12-23T19:45:11","date_gmt":"2022-12-23T19:45:11","guid":{"rendered":"https:\/\/aion-project.org\/blog\/?page_id=1486"},"modified":"2022-12-23T19:48:56","modified_gmt":"2022-12-23T19:48:56","slug":"de-la-creation-a-la-contestation-delimiter-les-sports-alternatifs","status":"publish","type":"page","link":"https:\/\/aion-project.org\/blog\/?page_id=1486","title":{"rendered":"De la cr\u00e9ation \u00e0 la contestation\u00a0: d\u00e9limiter les sports alternatifs"},"content":{"rendered":"<p style=\"text-align: center;\"><span style=\"font-family: book antiqua, palatino, serif; font-size: 18pt; color: #000000;\">Le num\u00e9ro 35 de la revue <a style=\"color: #000000;\" href=\"http:\/\/www.revue-interrogations.org\/\" target=\"_blank\" rel=\"noopener\"><em>Interrogations<\/em><\/a>, paru le 1er d\u00e9cembre 2022, est consacr\u00e9 aux sports alternatifs. <\/span><\/p>\n<p><span style=\"font-family: book antiqua, palatino, serif; font-size: 18pt; color: #000000;\">Il a \u00e9t\u00e9 pilot\u00e9, au sein du comit\u00e9 de r\u00e9daction, par Orlane Messey et Audrey Tuaillon Dem\u00e9sy. <\/span><\/p>\n<p><span style=\"font-family: book antiqua, palatino, serif; font-size: 18pt; color: #000000;\">Voici le sommaire de la partie th\u00e9matique : <\/span><\/p>\n<p><span style=\"font-family: book antiqua, palatino, serif; font-size: 18pt; color: #000000;\"><span style=\"color: #0000ff;\"><a style=\"color: #0000ff;\" href=\"http:\/\/www.revue-interrogations.org\/Preface-au-no-35-De-la-creation-a,749\" target=\"_blank\" rel=\"noopener\">Pr\u00e9face<\/a><\/span>, par le comit\u00e9 de r\u00e9daction. <\/span><\/p>\n<ul>\n<li class=\"indentation\"><span style=\"font-family: book antiqua, palatino, serif; font-size: 18pt; color: #000000;\"><span class=\"auteurs\">Laigroz Louise, <\/span><span class=\"auteurs\">Machemehl Charly, <\/span><span class=\"auteurs\">Roult Romain, <\/span><a style=\"color: #000000;\" href=\"http:\/\/www.revue-interrogations.org\/Pour-une-relecture-historique-des\"><span style=\"color: #0000ff;\">Pour une relecture historique des dynamiques d\u2019institutionnalisation de sports \u00ab\u00a0alternatifs\u00a0\u00bb\u00a0: l\u2019exemple du skateboard<\/span><\/a><span style=\"color: #0000ff;\">.<\/span><\/span><\/li>\n<li class=\"indentation\"><span style=\"font-family: book antiqua, palatino, serif; font-size: 18pt; color: #000000;\"><span class=\"auteurs\">Soul\u00e9 Bastien, <\/span><span class=\"auteurs\">Reynier V\u00e9ronique, <\/span><span style=\"color: #0000ff;\"><a style=\"color: #0000ff;\" href=\"http:\/\/www.revue-interrogations.org\/Apprivoiser-le-risque-et-renforcer\">Apprivoiser le risque et renforcer la reconnaissance subculturelle\u00a0: les usages de l\u2019humour dans les snowparks<\/a>.<\/span><\/span><\/li>\n<li class=\"indentation\"><span style=\"font-family: book antiqua, palatino, serif; font-size: 18pt; color: #000000;\"><span class=\"auteurs\">Potvain Marie, <\/span><a style=\"color: #000000;\" href=\"http:\/\/www.revue-interrogations.org\/Poles-alternatifs-Faire-de-la-pole,752\"><span style=\"color: #0000ff;\">Poles alternatifs. Faire de la pole dance un sport sans effacer son identit\u00e9\u00a0; une institutionnalisation en tension<\/span><\/a><span style=\"color: #0000ff;\">.<\/span><\/span><\/li>\n<li class=\"indentation\"><span style=\"font-family: book antiqua, palatino, serif; font-size: 18pt; color: #000000;\"><span class=\"auteurs\">Salam\u00e9ro Emilie, <\/span><span class=\"auteurs\">Doga Marie, <\/span><span class=\"auteurs\">Jacolin-Nackaerts Myriam, <\/span><span class=\"auteurs\">Julhe Samuel, <\/span><span style=\"color: #0000ff;\"><a style=\"color: #0000ff;\" href=\"http:\/\/www.revue-interrogations.org\/Entre-ajustement-et-renouvellement,757\">Entre ajustement et renouvellement\u00a0: le yoga au service du m\u00e9tier d\u2019\u00e9ducateur<\/a>.<\/span><\/span><\/li>\n<\/ul>\n<p>&nbsp;<\/p>\n","protected":false},"excerpt":{"rendered":"<p>Le num\u00e9ro 35 de la revue Interrogations, paru le 1er d\u00e9cembre 2022, est consacr\u00e9 aux sports alternatifs. Il a \u00e9t\u00e9 pilot\u00e9, au sein du comit\u00e9 de r\u00e9daction, par Orlane Messey et Audrey Tuaillon Dem\u00e9sy. Voici le sommaire de la partie th\u00e9matique : Pr\u00e9face, par le comit\u00e9 de r\u00e9daction. Laigroz Louise, Machemehl Charly, Roult Romain, Pour [&hellip;]<\/p>\n","protected":false},"author":1,"featured_media":0,"parent":20,"menu_order":0,"comment_status":"closed","ping_status":"closed","template":"","meta":{"footnotes":""},"class_list":["post-1486","page","type-page","status-publish","hentry"],"_links":{"self":[{"href":"https:\/\/aion-project.org\/blog\/index.php?rest_route=\/wp\/v2\/pages\/1486","targetHints":{"allow":["GET"]}}],"collection":[{"href":"https:\/\/aion-project.org\/blog\/index.php?rest_route=\/wp\/v2\/pages"}],"about":[{"href":"https:\/\/aion-project.org\/blog\/index.php?rest_route=\/wp\/v2\/types\/page"}],"author":[{"embeddable":true,"href":"https:\/\/aion-project.org\/blog\/index.php?rest_route=\/wp\/v2\/users\/1"}],"replies":[{"embeddable":true,"href":"https:\/\/aion-project.org\/blog\/index.php?rest_route=%2Fwp%2Fv2%2Fcomments&post=1486"}],"version-history":[{"count":6,"href":"https:\/\/aion-project.org\/blog\/index.php?rest_route=\/wp\/v2\/pages\/1486\/revisions"}],"predecessor-version":[{"id":1492,"href":"https:\/\/aion-project.org\/blog\/index.php?rest_route=\/wp\/v2\/pages\/1486\/revisions\/1492"}],"up":[{"embeddable":true,"href":"https:\/\/aion-project.org\/blog\/index.php?rest_route=\/wp\/v2\/pages\/20"}],"wp:attachment":[{"href":"https:\/\/aion-project.org\/blog\/index.php?rest_route=%2Fwp%2Fv2%2Fmedia&parent=1486"}],"curies":[{"name":"wp","href":"https:\/\/api.w.org\/{rel}","templated":true}]}}