{"id":1443,"date":"2022-08-29T09:59:43","date_gmt":"2022-08-29T09:59:43","guid":{"rendered":"https:\/\/aion-project.org\/blog\/?page_id=1443"},"modified":"2022-08-29T10:02:37","modified_gmt":"2022-08-29T10:02:37","slug":"un-temps-pour-lhistoire","status":"publish","type":"page","link":"https:\/\/aion-project.org\/blog\/?page_id=1443","title":{"rendered":"Un temps pour l&rsquo;histoire"},"content":{"rendered":"<p style=\"text-align: center;\"><span style=\"font-family: book antiqua, palatino, serif; font-size: 18pt;\">Parution des actes du colloque Fest&rsquo;Ain d&rsquo;histoire 2020, aux \u00e9ditions Didaskalie, sous la direction de No\u00e9mie Budin, en partenariat avec Ai\u00f4n.<br \/>\n<\/span><\/p>\n<p><img loading=\"lazy\" decoding=\"async\" class=\"size-full wp-image-1444 aligncenter\" src=\"https:\/\/aion-project.org\/blog\/wp-content\/uploads\/2022\/08\/untemps.png\" alt=\"\" width=\"500\" height=\"800\" srcset=\"https:\/\/aion-project.org\/blog\/wp-content\/uploads\/2022\/08\/untemps.png 500w, https:\/\/aion-project.org\/blog\/wp-content\/uploads\/2022\/08\/untemps-188x300.png 188w\" sizes=\"auto, (max-width: 500px) 100vw, 500px\" \/><\/p>\n<p style=\"text-align: center;\"><span style=\"font-family: book antiqua, palatino, serif; font-size: 18pt;\">Plus d&rsquo;informations <a href=\"https:\/\/fr.ulule.com\/un-temps-pour-l-histoire\/news\/47-et-interview-de-quentin-censier-336470\/#anchor\" target=\"_blank\" rel=\"noopener\">ici<\/a>.<\/span><\/p>\n<p>&nbsp;<\/p>\n<p>&nbsp;<\/p>\n","protected":false},"excerpt":{"rendered":"<p>Parution des actes du colloque Fest&rsquo;Ain d&rsquo;histoire 2020, aux \u00e9ditions Didaskalie, sous la direction de No\u00e9mie Budin, en partenariat avec Ai\u00f4n. Plus d&rsquo;informations ici. &nbsp; &nbsp;<\/p>\n","protected":false},"author":1,"featured_media":0,"parent":20,"menu_order":0,"comment_status":"closed","ping_status":"closed","template":"","meta":{"footnotes":""},"class_list":["post-1443","page","type-page","status-publish","hentry"],"_links":{"self":[{"href":"https:\/\/aion-project.org\/blog\/index.php?rest_route=\/wp\/v2\/pages\/1443","targetHints":{"allow":["GET"]}}],"collection":[{"href":"https:\/\/aion-project.org\/blog\/index.php?rest_route=\/wp\/v2\/pages"}],"about":[{"href":"https:\/\/aion-project.org\/blog\/index.php?rest_route=\/wp\/v2\/types\/page"}],"author":[{"embeddable":true,"href":"https:\/\/aion-project.org\/blog\/index.php?rest_route=\/wp\/v2\/users\/1"}],"replies":[{"embeddable":true,"href":"https:\/\/aion-project.org\/blog\/index.php?rest_route=%2Fwp%2Fv2%2Fcomments&post=1443"}],"version-history":[{"count":3,"href":"https:\/\/aion-project.org\/blog\/index.php?rest_route=\/wp\/v2\/pages\/1443\/revisions"}],"predecessor-version":[{"id":1448,"href":"https:\/\/aion-project.org\/blog\/index.php?rest_route=\/wp\/v2\/pages\/1443\/revisions\/1448"}],"up":[{"embeddable":true,"href":"https:\/\/aion-project.org\/blog\/index.php?rest_route=\/wp\/v2\/pages\/20"}],"wp:attachment":[{"href":"https:\/\/aion-project.org\/blog\/index.php?rest_route=%2Fwp%2Fv2%2Fmedia&parent=1443"}],"curies":[{"name":"wp","href":"https:\/\/api.w.org\/{rel}","templated":true}]}}