{"id":1338,"date":"2022-02-16T17:08:00","date_gmt":"2022-02-16T17:08:00","guid":{"rendered":"https:\/\/aion-project.org\/blog\/?page_id=1338"},"modified":"2026-02-07T12:07:43","modified_gmt":"2026-02-07T12:07:43","slug":"justine-breton","status":"publish","type":"page","link":"https:\/\/aion-project.org\/blog\/?page_id=1338","title":{"rendered":"Justine Breton"},"content":{"rendered":"<p style=\"text-align: justify;\"><span style=\"font-family: book antiqua, palatino, serif; font-size: 18pt;\">Justine Breton est ma\u00eetre de conf\u00e9rences en m\u00e9di\u00e9valisme \u00e0 l&rsquo;Universit\u00e9 de Lorraine. Elle \u00e9tudie les repr\u00e9sentations du Moyen \u00c2ge et de la fantasy en litt\u00e9rature et dans l&rsquo;audiovisuel, en particulier au cin\u00e9ma et dans les s\u00e9ries.<\/span><\/p>\n<p style=\"text-align: justify;\"><span style=\"font-family: book antiqua, palatino, serif; font-size: 18pt;\"><strong>Bibliographie<\/strong><\/span><\/p>\n<p style=\"text-align: justify;\"><span style=\"font-family: book antiqua, palatino, serif; font-size: 18pt;\">Breton J., <em>Le Roi qui fut et qui sera. Repr\u00e9sentation du pouvoir arthurien sur petit et grand<\/em> \u00e9crans, 2019, Paris,\u00a0Classiques Garnier, 2019.<\/span><\/p>\n<p style=\"text-align: justify;\"><span style=\"font-family: book antiqua, palatino, serif; font-size: 18pt;\">Breton J., <em>Monty Python: Sacr\u00e9<\/em> <em>Graal!<\/em>, 2021, Paris, Vend\u00e9miaire, 2021.<\/span><\/p>\n<p style=\"text-align: justify;\"><span style=\"font-family: book antiqua, palatino, serif; font-size: 18pt;\">Besson F. et Breton J. (dir.), <em>Kaamelott, un livre<\/em> <em>d&rsquo;histoire<\/em>, 2018, Paris, Vend\u00e9miaire.<\/span><\/p>\n<p style=\"text-align: justify;\"><span style=\"font-family: book antiqua, palatino, serif; font-size: 18pt;\">Besson F. et Breton J., <em>Une histoire de feu et de sang. Le Moyen \u00c2ge de Game of Thrones<\/em>, 2020, Paris, Presses universitaires de France.<\/span><\/p>\n","protected":false},"excerpt":{"rendered":"<p>Justine Breton est ma\u00eetre de conf\u00e9rences en m\u00e9di\u00e9valisme \u00e0 l&rsquo;Universit\u00e9 de Lorraine. Elle \u00e9tudie les repr\u00e9sentations du Moyen \u00c2ge et de la fantasy en litt\u00e9rature et dans l&rsquo;audiovisuel, en particulier au cin\u00e9ma et dans les s\u00e9ries. Bibliographie Breton J., Le Roi qui fut et qui sera. Repr\u00e9sentation du pouvoir arthurien sur petit et grand \u00e9crans, [&hellip;]<\/p>\n","protected":false},"author":1,"featured_media":0,"parent":9,"menu_order":0,"comment_status":"closed","ping_status":"closed","template":"","meta":{"footnotes":""},"class_list":["post-1338","page","type-page","status-publish","hentry"],"_links":{"self":[{"href":"https:\/\/aion-project.org\/blog\/index.php?rest_route=\/wp\/v2\/pages\/1338","targetHints":{"allow":["GET"]}}],"collection":[{"href":"https:\/\/aion-project.org\/blog\/index.php?rest_route=\/wp\/v2\/pages"}],"about":[{"href":"https:\/\/aion-project.org\/blog\/index.php?rest_route=\/wp\/v2\/types\/page"}],"author":[{"embeddable":true,"href":"https:\/\/aion-project.org\/blog\/index.php?rest_route=\/wp\/v2\/users\/1"}],"replies":[{"embeddable":true,"href":"https:\/\/aion-project.org\/blog\/index.php?rest_route=%2Fwp%2Fv2%2Fcomments&post=1338"}],"version-history":[{"count":2,"href":"https:\/\/aion-project.org\/blog\/index.php?rest_route=\/wp\/v2\/pages\/1338\/revisions"}],"predecessor-version":[{"id":1914,"href":"https:\/\/aion-project.org\/blog\/index.php?rest_route=\/wp\/v2\/pages\/1338\/revisions\/1914"}],"up":[{"embeddable":true,"href":"https:\/\/aion-project.org\/blog\/index.php?rest_route=\/wp\/v2\/pages\/9"}],"wp:attachment":[{"href":"https:\/\/aion-project.org\/blog\/index.php?rest_route=%2Fwp%2Fv2%2Fmedia&parent=1338"}],"curies":[{"name":"wp","href":"https:\/\/api.w.org\/{rel}","templated":true}]}}