{"id":1324,"date":"2022-02-11T11:37:46","date_gmt":"2022-02-11T11:37:46","guid":{"rendered":"https:\/\/aion-project.org\/blog\/?page_id=1324"},"modified":"2022-10-17T14:44:33","modified_gmt":"2022-10-17T14:44:33","slug":"seminaire-le-diy-est-ses-imaginaires","status":"publish","type":"page","link":"https:\/\/aion-project.org\/blog\/?page_id=1324","title":{"rendered":"S\u00e9minaire Le DIY et ses imaginaires"},"content":{"rendered":"<h1 style=\"text-align: justify;\"><span style=\"font-family: book antiqua, palatino, serif; font-size: 18pt;\">Ce s\u00e9minaire est co-organis\u00e9 par Ai\u00f4n et le laboratoire<em> IDEA <\/em>(UR 2338) de l\u2019Universit\u00e9 de Nancy.<br \/>\n<\/span><\/h1>\n<p style=\"text-align: center;\"><span style=\"font-family: book antiqua, palatino, serif; font-size: 24pt; color: #800080;\"><a style=\"color: #800080;\" href=\"https:\/\/aion-project.org\/blog\/wp-content\/uploads\/2022\/10\/programme-seminaire-3.pdf\" target=\"_blank\" rel=\"noopener\"><strong>S\u00e9ance n\u00b0 3 : DIY et cr\u00e9ation<\/strong><\/a><\/span><\/p>\n<p style=\"text-align: center;\"><span style=\"font-family: book antiqua, palatino, serif; font-size: 18pt;\">Besan\u00e7on, 8 novembre 2022<\/span><\/p>\n<p><img loading=\"lazy\" decoding=\"async\" class=\"size-full wp-image-1468 aligncenter\" src=\"https:\/\/aion-project.org\/blog\/wp-content\/uploads\/2022\/10\/affiche3.jpg\" alt=\"\" width=\"554\" height=\"800\" srcset=\"https:\/\/aion-project.org\/blog\/wp-content\/uploads\/2022\/10\/affiche3.jpg 554w, https:\/\/aion-project.org\/blog\/wp-content\/uploads\/2022\/10\/affiche3-208x300.jpg 208w\" sizes=\"auto, (max-width: 554px) 100vw, 554px\" \/><\/p>\n<p>&nbsp;<\/p>\n<p style=\"text-align: center;\"><a href=\"https:\/\/aion-project.org\/blog\/wp-content\/uploads\/2022\/04\/programme-seminaire-2.pdf\" target=\"_blank\" rel=\"noopener\"><span style=\"font-size: 24pt; color: #800080;\"><strong><span style=\"font-family: book antiqua, palatino, serif;\">S\u00e9ance n\u00b0 2 : DIY et r\u00e9sistance<\/span><\/strong><\/span><\/a><\/p>\n<p style=\"text-align: center;\"><span style=\"font-family: book antiqua, palatino, serif; font-size: 18pt;\">Nancy, 5 juillet 2022<\/span><\/p>\n<p style=\"text-align: center;\"><span style=\"font-size: 24pt; color: #800080;\"><strong> <img loading=\"lazy\" decoding=\"async\" class=\"size-full wp-image-1379 aligncenter\" src=\"https:\/\/aion-project.org\/blog\/wp-content\/uploads\/2022\/04\/programmeDIY2.png\" alt=\"\" width=\"472\" height=\"668\" srcset=\"https:\/\/aion-project.org\/blog\/wp-content\/uploads\/2022\/04\/programmeDIY2.png 472w, https:\/\/aion-project.org\/blog\/wp-content\/uploads\/2022\/04\/programmeDIY2-212x300.png 212w\" sizes=\"auto, (max-width: 472px) 100vw, 472px\" \/><\/strong><\/span><\/p>\n<p style=\"text-align: center;\"><span style=\"font-size: 18pt; font-family: book antiqua, palatino, serif;\">\u00a0<\/span><\/p>\n<p>&nbsp;<\/p>\n<p style=\"text-align: center;\"><strong><span style=\"font-family: book antiqua, palatino, serif; font-size: 18pt; color: #800080;\"><a style=\"color: #800080;\" href=\"https:\/\/aion-project.org\/blog\/wp-content\/uploads\/2022\/02\/programme-seminaire-DIY-1.pdf\"><span style=\"font-size: 24pt;\">S\u00e9ance n\u00b0 1 : What is DIY? <\/span><\/a><\/span><\/strong><strong><span style=\"font-family: book antiqua, palatino, serif; font-size: 18pt; color: #800080;\"><a style=\"color: #800080;\" href=\"https:\/\/aion-project.org\/blog\/wp-content\/uploads\/2022\/02\/programme-seminaire-DIY-1.pdf\"><span style=\"font-size: 24pt;\">How can we use it in our research?<\/span><\/a><\/span><\/strong><\/p>\n<p style=\"text-align: center;\"><span style=\"font-family: book antiqua, palatino, serif; font-size: 18pt;\">Besan\u00e7on, 1er mars 2022<\/span><\/p>\n<p>&nbsp;<\/p>\n<p><img loading=\"lazy\" decoding=\"async\" class=\"size-full wp-image-1326 aligncenter\" src=\"https:\/\/aion-project.org\/blog\/wp-content\/uploads\/2022\/02\/image-seance1.jpg\" alt=\"\" width=\"562\" height=\"800\" srcset=\"https:\/\/aion-project.org\/blog\/wp-content\/uploads\/2022\/02\/image-seance1.jpg 562w, https:\/\/aion-project.org\/blog\/wp-content\/uploads\/2022\/02\/image-seance1-211x300.jpg 211w\" sizes=\"auto, (max-width: 562px) 100vw, 562px\" \/><\/p>\n<p><img loading=\"lazy\" decoding=\"async\" class=\"size-large wp-image-1358 aligncenter\" src=\"https:\/\/aion-project.org\/blog\/wp-content\/uploads\/2022\/03\/jim-comm-1024x768.jpeg\" alt=\"\" width=\"525\" height=\"394\" srcset=\"https:\/\/aion-project.org\/blog\/wp-content\/uploads\/2022\/03\/jim-comm-1024x768.jpeg 1024w, https:\/\/aion-project.org\/blog\/wp-content\/uploads\/2022\/03\/jim-comm-300x225.jpeg 300w, https:\/\/aion-project.org\/blog\/wp-content\/uploads\/2022\/03\/jim-comm-768x576.jpeg 768w\" sizes=\"auto, (max-width: 525px) 100vw, 525px\" \/><\/p>\n<p style=\"text-align: center;\"><span style=\"font-family: book antiqua, palatino, serif; font-size: 14pt;\">Jim Donaghey and <em>The Warzone dialectogram<\/em><\/span><\/p>\n<p>&nbsp;<\/p>\n<p>&nbsp;<\/p>\n<p>&nbsp;<\/p>\n<p>&nbsp;<\/p>\n<p>&nbsp;<\/p>\n<p>&nbsp;<\/p>\n<p>&nbsp;<\/p>\n<p>&nbsp;<\/p>\n<p>&nbsp;<\/p>\n<p>&nbsp;<\/p>\n<p>&nbsp;<\/p>\n<p>&nbsp;<\/p>\n","protected":false},"excerpt":{"rendered":"<p>Ce s\u00e9minaire est co-organis\u00e9 par Ai\u00f4n et le laboratoire IDEA (UR 2338) de l\u2019Universit\u00e9 de Nancy. S\u00e9ance n\u00b0 3 : DIY et cr\u00e9ation Besan\u00e7on, 8 novembre 2022 &nbsp; S\u00e9ance n\u00b0 2 : DIY et r\u00e9sistance Nancy, 5 juillet 2022 \u00a0 &nbsp; S\u00e9ance n\u00b0 1 : What is DIY? How can we use it in our [&hellip;]<\/p>\n","protected":false},"author":1,"featured_media":0,"parent":22,"menu_order":0,"comment_status":"closed","ping_status":"closed","template":"","meta":{"footnotes":""},"class_list":["post-1324","page","type-page","status-publish","hentry"],"_links":{"self":[{"href":"https:\/\/aion-project.org\/blog\/index.php?rest_route=\/wp\/v2\/pages\/1324","targetHints":{"allow":["GET"]}}],"collection":[{"href":"https:\/\/aion-project.org\/blog\/index.php?rest_route=\/wp\/v2\/pages"}],"about":[{"href":"https:\/\/aion-project.org\/blog\/index.php?rest_route=\/wp\/v2\/types\/page"}],"author":[{"embeddable":true,"href":"https:\/\/aion-project.org\/blog\/index.php?rest_route=\/wp\/v2\/users\/1"}],"replies":[{"embeddable":true,"href":"https:\/\/aion-project.org\/blog\/index.php?rest_route=%2Fwp%2Fv2%2Fcomments&post=1324"}],"version-history":[{"count":17,"href":"https:\/\/aion-project.org\/blog\/index.php?rest_route=\/wp\/v2\/pages\/1324\/revisions"}],"predecessor-version":[{"id":1472,"href":"https:\/\/aion-project.org\/blog\/index.php?rest_route=\/wp\/v2\/pages\/1324\/revisions\/1472"}],"up":[{"embeddable":true,"href":"https:\/\/aion-project.org\/blog\/index.php?rest_route=\/wp\/v2\/pages\/22"}],"wp:attachment":[{"href":"https:\/\/aion-project.org\/blog\/index.php?rest_route=%2Fwp%2Fv2%2Fmedia&parent=1324"}],"curies":[{"name":"wp","href":"https:\/\/api.w.org\/{rel}","templated":true}]}}