{"id":1287,"date":"2022-01-12T18:44:19","date_gmt":"2022-01-12T18:44:19","guid":{"rendered":"https:\/\/aion-project.org\/blog\/?page_id=1287"},"modified":"2024-12-06T10:00:51","modified_gmt":"2024-12-06T10:00:51","slug":"sacha-thiebaud","status":"publish","type":"page","link":"https:\/\/aion-project.org\/blog\/?page_id=1287","title":{"rendered":"Sacha Thi\u00e9baud"},"content":{"rendered":"<p style=\"text-align: justify;\"><span style=\"font-family: book antiqua, palatino, serif; font-size: 18pt;\">Sacha Thi\u00e9baud est docteur en STAPS, ATER \u00e0 l\u2019Universit\u00e9 de Bourgogne &#8211; Franche-Comt\u00e9, au sein du laboratoire C3S (UR 4660). Son travail de recherche s\u2019int\u00e9resse \u00e0 l\u2019\u00e9laboration des normes corporelles dans le monde musical et plus particuli\u00e8rement la culture punk \u00e0 travers le style de jeu des musiciens, d\u2019une<br \/>\npart et la danse du pogo, de l\u2019autre. <\/span><\/p>\n","protected":false},"excerpt":{"rendered":"<p>Sacha Thi\u00e9baud est docteur en STAPS, ATER \u00e0 l\u2019Universit\u00e9 de Bourgogne &#8211; Franche-Comt\u00e9, au sein du laboratoire C3S (UR 4660). Son travail de recherche s\u2019int\u00e9resse \u00e0 l\u2019\u00e9laboration des normes corporelles dans le monde musical et plus particuli\u00e8rement la culture punk \u00e0 travers le style de jeu des musiciens, d\u2019une part et la danse du pogo, [&hellip;]<\/p>\n","protected":false},"author":1,"featured_media":0,"parent":9,"menu_order":0,"comment_status":"closed","ping_status":"closed","template":"","meta":{"footnotes":""},"class_list":["post-1287","page","type-page","status-publish","hentry"],"_links":{"self":[{"href":"https:\/\/aion-project.org\/blog\/index.php?rest_route=\/wp\/v2\/pages\/1287","targetHints":{"allow":["GET"]}}],"collection":[{"href":"https:\/\/aion-project.org\/blog\/index.php?rest_route=\/wp\/v2\/pages"}],"about":[{"href":"https:\/\/aion-project.org\/blog\/index.php?rest_route=\/wp\/v2\/types\/page"}],"author":[{"embeddable":true,"href":"https:\/\/aion-project.org\/blog\/index.php?rest_route=\/wp\/v2\/users\/1"}],"replies":[{"embeddable":true,"href":"https:\/\/aion-project.org\/blog\/index.php?rest_route=%2Fwp%2Fv2%2Fcomments&post=1287"}],"version-history":[{"count":6,"href":"https:\/\/aion-project.org\/blog\/index.php?rest_route=\/wp\/v2\/pages\/1287\/revisions"}],"predecessor-version":[{"id":1832,"href":"https:\/\/aion-project.org\/blog\/index.php?rest_route=\/wp\/v2\/pages\/1287\/revisions\/1832"}],"up":[{"embeddable":true,"href":"https:\/\/aion-project.org\/blog\/index.php?rest_route=\/wp\/v2\/pages\/9"}],"wp:attachment":[{"href":"https:\/\/aion-project.org\/blog\/index.php?rest_route=%2Fwp%2Fv2%2Fmedia&parent=1287"}],"curies":[{"name":"wp","href":"https:\/\/api.w.org\/{rel}","templated":true}]}}