{"id":1251,"date":"2021-10-23T13:55:14","date_gmt":"2021-10-23T13:55:14","guid":{"rendered":"https:\/\/aion-project.org\/blog\/?page_id=1251"},"modified":"2023-12-05T17:25:41","modified_gmt":"2023-12-05T17:25:41","slug":"les-articles-et-chapitres-douvrages","status":"publish","type":"page","link":"https:\/\/aion-project.org\/blog\/?page_id=1251","title":{"rendered":"Les articles et chapitres d&rsquo;ouvrages"},"content":{"rendered":"<p style=\"text-align: justify;\"><span style=\"font-family: book antiqua, palatino, serif; font-size: 18pt;\">Sont r\u00e9f\u00e9renc\u00e9es ici les publications \u00e9crites des membres de l&rsquo;\u00e9quipe, articles de revues ou chapitres d&rsquo;ouvrages publi\u00e9s. <\/span><\/p>\n<p><span style=\"font-family: book antiqua, palatino, serif; font-size: 18pt;\">Becker Christophe et <strong>Hougue <\/strong>Cl\u00e9mentine (2021), \u00ab\u00a0Penser l&rsquo;apr\u00e8s ?\u00a0\u00bb, <em>in<\/em> Becker Christophe et Hougue Cl\u00e9mentine (dir.), <i>La Pand\u00e9mie en science-fiction<\/i>, Hambourg : BoD, pp. 1-8.<\/span><\/p>\n<p align=\"justify\"><span style=\"font-family: book antiqua, palatino, serif; font-size: 18pt;\"><span lang=\"fr-FR\"><b>Borzakian<\/b><\/span><span lang=\"fr-FR\"> Manouk (2021), \u00ab Des zombies au Covid-19, l&rsquo;interminable apocalypse \u00bb, <\/span><span lang=\"fr-FR\"><i>in <\/i>Becker Christophe et Hougue Cl\u00e9mentine (dir.),<\/span> <span lang=\"fr-FR\"><i>La Pand\u00e9mie en science-fiction,<\/i><\/span><span lang=\"fr-FR\"> Hambourg : BoD, pp. 119-136.<br \/>\n<\/span><\/span><\/p>\n<p align=\"justify\"><span style=\"color: #000000; font-family: book antiqua, palatino, serif; font-size: 18pt;\"><span lang=\"fr-FR\"><b>Di Filippo<\/b><\/span> <span lang=\"fr-FR\">Laurent<\/span> <span lang=\"fr-FR\">(<\/span><span lang=\"fr-FR\">2020), \u00ab\u00a0Retrouver le Nord dans le multivers. Des r\u00e9cits m\u00e9di\u00e9vaux scandinaves \u00e0 la cosmologie de <\/span><span lang=\"fr-FR\">Dungeons and Dragons\u00a0<\/span><span lang=\"fr-FR\">\u00bb, <\/span><em><span lang=\"fr-FR\">Deshima<\/span><\/em><span lang=\"fr-FR\">, n\u00b0 14, pp. 57-73.<\/span><\/span><\/p>\n<p align=\"justify\"><span style=\"color: #000000; font-family: book antiqua, palatino, serif; font-size: 18pt;\"><span lang=\"fr-FR\"><b>Di Filippo<\/b><\/span><span lang=\"fr-FR\"> L<\/span><span lang=\"fr-FR\">aurent<\/span><span lang=\"fr-FR\"> (2021), \u00ab Les mondes d\u2019<\/span><span lang=\"fr-FR\">Advanced Dungeons and Dragons<\/span><span lang=\"fr-FR\"> au spectre du transm\u00e9dia\u00a0: l\u2019exemple de <\/span><span lang=\"fr-FR\">Dark Sun\u00a0\u00bb, <\/span><em><span lang=\"fr-FR\">in <\/span><\/em><span lang=\"fr-FR\">Collard A.-S., Collignon S. (dir.), <\/span><em><span lang=\"fr-FR\">Le transm\u00e9dia, ses contours et ses enjeux<\/span><\/em><span lang=\"fr-FR\">, Namur, Presses universitaires de Namur, pp. 47-60.<\/span><\/span><\/p>\n<p align=\"justify\"><span style=\"font-family: book antiqua, palatino, serif; font-size: 18pt;\"><span lang=\"fr-FR\"><b>Di Filippo<\/b><\/span><span lang=\"fr-FR\"> L<\/span><span lang=\"fr-FR\">aurent<\/span><span lang=\"fr-FR\"> (2020), \u00ab\u00a0Mythes\u00a0\u00bb, <\/span><span lang=\"fr-FR\"><i>in<\/i><\/span><span lang=\"fr-FR\"> Fleurey B, Lecolle M., Walter J. (<\/span><span lang=\"fr-FR\">dir.<\/span><span lang=\"fr-FR\">), <\/span><span lang=\"fr-FR\"><i>Publictionnaire, Dictionnaire encyclop\u00e9dique et critique des publics, <\/i><\/span><span lang=\"fr-FR\">Metz\/Nancy, Universit\u00e9 de Lorraine, <\/span><span lang=\"fr-FR\">en ligne. <\/span><\/span><\/p>\n<p align=\"justify\"><span style=\"font-family: book antiqua, palatino, serif; font-size: 18pt;\"><span style=\"color: #000000;\"><span lang=\"fr-FR\"><b>Di Filippo<\/b><\/span><\/span><span style=\"color: #000000;\"><span lang=\"fr-FR\"> L<\/span><\/span><span style=\"color: #000000;\"><span lang=\"fr-FR\">aurent<\/span><\/span><span style=\"color: #000000;\"><span lang=\"fr-FR\"> (2020), \u00ab\u00a0Barbaric Lands of the North in a Masssively Multi-player Role-Playing Game\u00a0\u00bb, <\/span><\/span><span style=\"color: #000000;\"><span lang=\"fr-FR\"><i>in<\/i><\/span><\/span> <span style=\"color: #000000;\"><span lang=\"fr-FR\">Meylan <\/span><\/span><span style=\"color: #000000;\"><span lang=\"fr-FR\">N.<\/span><\/span><span style=\"color: #000000;\"><span lang=\"fr-FR\">, R\u00f6sli L. (<\/span><\/span><span style=\"color: #000000;\"><span lang=\"fr-FR\">dir<\/span><\/span><span style=\"color: #000000;\"><span lang=\"fr-FR\">.), <\/span><\/span><span style=\"color: #000000;\"><span lang=\"fr-FR\"><i>Myths and ldeologies : Critical Studies in Political Uses of Old Norse Myths<\/i><\/span><\/span><span style=\"color: #000000;\"><span lang=\"fr-FR\">, Turnhout, Brepols.<\/span><\/span><\/span><\/p>\n<p align=\"justify\"><span style=\"color: #000000; font-family: book antiqua, palatino, serif; font-size: 18pt;\"><span lang=\"fr-FR\"><b>Di Filippo<\/b><\/span><span lang=\"fr-FR\"> L<\/span><span lang=\"fr-FR\">aurent <\/span><span lang=\"fr-FR\">(2020), \u00ab\u00a0<\/span><span lang=\"fr-FR\">Nordicit\u00e9 barbare dans les jeux contemporains\u00a0: entre alt\u00e9rit\u00e9 et identification ludique\u00a0\u00bb, <\/span><span lang=\"fr-FR\"><i>i<\/i><\/span><span lang=\"fr-FR\"><i>n<\/i><\/span><span lang=\"fr-FR\"> Ballotti <\/span><span lang=\"fr-FR\">A.<\/span><span lang=\"fr-FR\">, McKeown C., Toudoire-Surlapierre F. (dir). <\/span><span lang=\"fr-FR\"><i>De la Nordicit\u00e9 au bor\u00e9alisme<\/i><\/span><span lang=\"fr-FR\">, Reims, \u00c9PURE. <\/span><\/span><\/p>\n<p align=\"justify\"><span style=\"font-family: book antiqua, palatino, serif; font-size: 18pt;\"><span style=\"color: #000000;\"><span lang=\"fr-FR\"><b>Di Filippo<\/b><\/span><\/span><span style=\"color: #000000;\"><span lang=\"fr-FR\"> L<\/span><\/span><span style=\"color: #000000;\"><span lang=\"fr-FR\">aurent <\/span><\/span><span style=\"color: #000000;\"><span lang=\"fr-FR\">(2020), \u00ab\u00a0La mythologie nordique dans <\/span><\/span><span style=\"color: #000000;\"><span lang=\"fr-FR\">Donjons &amp; Dragons<\/span><\/span><span style=\"color: #000000;\"><span lang=\"fr-FR\"> : entre r\u00e9ception et st\u00e9r\u00e9otypes\u00a0\u00bb, <\/span><\/span><em><span style=\"color: #000000;\"><span lang=\"fr-FR\">in<\/span><\/span><\/em> <span style=\"color: #000000;\"><span lang=\"fr-FR\">Budin N<\/span><\/span><span style=\"color: #000000;\"><span lang=\"fr-FR\">o\u00e9mie<\/span><\/span><span style=\"color: #000000;\"><span lang=\"fr-FR\">, <\/span><\/span><em><span style=\"color: #000000;\"><span lang=\"fr-FR\">Les clich\u00e9s dans l\u2019Histoire<\/span><\/span><\/em><span style=\"color: #000000;\"><span lang=\"fr-FR\">, Chamb\u00e9ry, Didaskalie<\/span><\/span><span style=\"color: #000000;\"><span lang=\"fr-FR\">,<\/span><\/span> <span style=\"color: #000000;\"><span lang=\"fr-FR\">pp. 83-98.<\/span><\/span><\/span><\/p>\n<p align=\"justify\"><span style=\"font-family: book antiqua, palatino, serif; font-size: 18pt;\"><b>Donaghey<\/b> Jim et F. A. Prasetyo (2021), \u00ab\u00a0Punk Space in Bandung, Indonesia: evasion and confrontation\u00a0\u00bb, <i>in<\/i> Dines M., Bestley R., Gordon A. &amp; Guerra P. (dir.), <i>Trans-Global Punk Scenes: The Punk Reader Volume 2<\/i>, Bristol, Intellect Books; Chicago, University of Chicago Press, pp. 137-161.<\/span><\/p>\n<p align=\"justify\"><span style=\"font-family: book antiqua, palatino, serif; font-size: 18pt;\"><b>Donaghey<\/b> Jim (2020 [online first]), \u00ab\u00a0Punk in Belfast, Northern Ireland: critical perspectives on the Troubles and post-conflict \u201cpeace\u201d\u00a0\u00bb, <i>in<\/i> McKay G. &amp; Arnold G. (dir.), <i>The Oxford Handbook of Punk Rock<\/i>, Oxford, Oxford University Press.<\/span><\/p>\n<p><span style=\"font-family: book antiqua, palatino, serif; font-size: 18pt;\"><b>Donaghey<\/b> Jim (2021), \u00ab\u00a0Punk and Feminism in Indonesia\u00a0\u00bb, <i>Cultural Studies<\/i>, vol. 35, n\u00b0 1, pp. 136-161.<\/span><\/p>\n<p align=\"justify\"><span style=\"font-family: book antiqua, palatino, serif; font-size: 18pt;\"><span lang=\"fr-FR\"><b>Donaghey<\/b><\/span> <span lang=\"fr-FR\">Jim<\/span><span lang=\"fr-FR\"> (2020), \u00ab\u00a0The Punk Anarchisms of Class War and CrimethInc.\u00a0\u00bb, <\/span><span lang=\"fr-FR\"><i>Journal of Political Ideologies<\/i><\/span><span lang=\"fr-FR\">, <\/span><span lang=\"fr-FR\">vol.<\/span><span lang=\"fr-FR\"> 25, <\/span><span lang=\"fr-FR\">n\u00b0 <\/span><span lang=\"fr-FR\">2, pp. 113-138.<\/span><\/span><\/p>\n<p align=\"justify\"><span style=\"font-family: book antiqua, palatino, serif; font-size: 18pt;\"><b>Fournier<\/b> Laurent S\u00e9bastien (2020), \u00ab\u00a0Tempo di feste, tempo di riti, tra storia e antropologia culturale\u00a0\u00bb, <i>Rivista Abruzzese<\/i>, LXXIII, n\u00b0\u00a01, pp. 24-28.<\/span><\/p>\n<p align=\"justify\"><span style=\"font-family: book antiqua, palatino, serif; font-size: 18pt;\"><strong>Haissat<\/strong> S\u00e9bastien et Parizot Anne (2023), \u00ab Mise en sc\u00e8ne des normes de genre sur les affiches et photos promotionnelles des s\u00e9ries et fims de superh\u00e9ro\u00efnes \u00bb,<em>Fonseca, Journal of Communication<\/em>, n\u00b0 27, pp. 8-30.<\/span><\/p>\n<p class=\"western\" align=\"justify\"><span style=\"font-family: Yrsa;\"><span style=\"font-size: medium;\"><span style=\"font-family: book antiqua, palatino, serif; font-size: 18pt;\"><strong>Tuaillon Dem\u00e9sy<\/strong> Audrey (2023), \u00ab \u201cI am a punk, I don\u2019t give a damn!\u201d. Chez Narcisse: a rural place of resistance \u00bb, <i>Cultural Sociology<\/i>, vol. 17, n\u00b0 2, en ligne. <\/span><br \/>\n<\/span><\/span><\/p>\n<p align=\"justify\"><span style=\"font-size: 18pt; font-family: book antiqua, palatino, serif;\"><strong>Tuaillon Dem\u00e9sy<\/strong> Audrey (2021), <span lang=\"fr-FR\">\u00ab <\/span><span style=\"color: #000000;\"><span lang=\"fr-FR\">Du bistrot aux concerts punks : <\/span><\/span><span style=\"color: #000000;\"><span lang=\"fr-FR\">fragments utopiques <\/span><\/span><span style=\"color: #000000;\"><span lang=\"fr-FR\">en territoire rural\u00a0\u00bb, <\/span><\/span><span style=\"color: #000000;\"><span lang=\"fr-FR\"><i>Civilisations<\/i><\/span><\/span><span style=\"color: #000000;\"><span lang=\"fr-FR\">, <\/span><\/span><span style=\"color: #000000;\"><span lang=\"fr-FR\">n\u00b0 70-2022, pp. <\/span><\/span><span style=\"color: #000000;\"><span lang=\"fr-FR\">99-121<\/span><\/span><span style=\"color: #000000;\"><span lang=\"fr-FR\">.<\/span><\/span><\/span><\/p>\n<p><span style=\"font-family: book antiqua, palatino, serif; font-size: 18pt;\"><strong>Tuaillon Dem\u00e9sy<\/strong> Audrey (2021), <span lang=\"fr-FR\">\u00ab\u00a0<\/span><span lang=\"fr-FR\">\u00ab\u00a0Il ne faut jamais tuer l\u2019enfant<\/span><span lang=\"fr-FR\">\u00ab\u00a0<\/span><span lang=\"fr-FR\">. L\u2019expression du temps dans la culture punk \u00e0 travers l\u2019exemple de Chez Narcisse\u00a0\u00bb<\/span><span lang=\"fr-FR\">, <\/span><span lang=\"fr-FR\"><i>Temporalit\u00e9s<\/i><\/span><span lang=\"fr-FR\">, <\/span><span lang=\"fr-FR\">n\u00b0<\/span><span lang=\"fr-FR\"> 33, <\/span><span lang=\"fr-FR\">en ligne\u00a0: <\/span><a href=\"https:\/\/journals.openedition.org\/temporalites\/8493\">https:\/\/journals.openedition.org\/temporalites\/8493<\/a><span lang=\"fr-FR\">.<\/span><\/span><\/p>\n<p align=\"justify\"><span style=\"font-family: book antiqua, palatino, serif; font-size: 18pt;\"><strong>Tuaillon Dem\u00e9sy<\/strong> Audrey (2021), \u00ab D\u00e9finir les loisirs alternatifs. Exp\u00e9riences ludiques et imaginaire du temps \u00bb, <i>in<\/i> Laurent S\u00e9bastien Fournier, Claude Chastagner, Dominique Crozat et Catherine Berni\u00e9-Boissard (dir.), Identit\u00e9s imagin\u00e9es, Aix-en-Provence, Presses universitaire d\u2019Aix-Marseille, pp. 17-31.<\/span><\/p>\n<p style=\"text-align: justify;\" align=\"justify\"><span style=\"font-family: book antiqua, palatino, serif; font-size: 18pt;\"><b>Tuaillon Dem\u00e9sy<\/b> Audrey (2020), \u00ab\u00a0Les Playmobils sportifs\u00a0: des jouets et des mondes\u00a0\u00bb, <i>Sciences sociales et sport<\/i>, n\u00b0 16, juillet, pp.\u00a0107-124.<\/span><\/p>\n","protected":false},"excerpt":{"rendered":"<p>Sont r\u00e9f\u00e9renc\u00e9es ici les publications \u00e9crites des membres de l&rsquo;\u00e9quipe, articles de revues ou chapitres d&rsquo;ouvrages publi\u00e9s. Becker Christophe et Hougue Cl\u00e9mentine (2021), \u00ab\u00a0Penser l&rsquo;apr\u00e8s ?\u00a0\u00bb, in Becker Christophe et Hougue Cl\u00e9mentine (dir.), La Pand\u00e9mie en science-fiction, Hambourg : BoD, pp. 1-8. Borzakian Manouk (2021), \u00ab Des zombies au Covid-19, l&rsquo;interminable apocalypse \u00bb, in Becker [&hellip;]<\/p>\n","protected":false},"author":1,"featured_media":0,"parent":20,"menu_order":0,"comment_status":"closed","ping_status":"closed","template":"","meta":{"footnotes":""},"class_list":["post-1251","page","type-page","status-publish","hentry"],"_links":{"self":[{"href":"https:\/\/aion-project.org\/blog\/index.php?rest_route=\/wp\/v2\/pages\/1251","targetHints":{"allow":["GET"]}}],"collection":[{"href":"https:\/\/aion-project.org\/blog\/index.php?rest_route=\/wp\/v2\/pages"}],"about":[{"href":"https:\/\/aion-project.org\/blog\/index.php?rest_route=\/wp\/v2\/types\/page"}],"author":[{"embeddable":true,"href":"https:\/\/aion-project.org\/blog\/index.php?rest_route=\/wp\/v2\/users\/1"}],"replies":[{"embeddable":true,"href":"https:\/\/aion-project.org\/blog\/index.php?rest_route=%2Fwp%2Fv2%2Fcomments&post=1251"}],"version-history":[{"count":8,"href":"https:\/\/aion-project.org\/blog\/index.php?rest_route=\/wp\/v2\/pages\/1251\/revisions"}],"predecessor-version":[{"id":1688,"href":"https:\/\/aion-project.org\/blog\/index.php?rest_route=\/wp\/v2\/pages\/1251\/revisions\/1688"}],"up":[{"embeddable":true,"href":"https:\/\/aion-project.org\/blog\/index.php?rest_route=\/wp\/v2\/pages\/20"}],"wp:attachment":[{"href":"https:\/\/aion-project.org\/blog\/index.php?rest_route=%2Fwp%2Fv2%2Fmedia&parent=1251"}],"curies":[{"name":"wp","href":"https:\/\/api.w.org\/{rel}","templated":true}]}}