{"id":1248,"date":"2021-10-23T13:40:56","date_gmt":"2021-10-23T13:40:56","guid":{"rendered":"https:\/\/aion-project.org\/blog\/?page_id=1248"},"modified":"2021-10-23T13:40:56","modified_gmt":"2021-10-23T13:40:56","slug":"kismif-2021","status":"publish","type":"page","link":"https:\/\/aion-project.org\/blog\/?page_id=1248","title":{"rendered":"KISMIF 2021"},"content":{"rendered":"<p><span style=\"font-family: book antiqua, palatino, serif; font-size: 18pt;\">Le colloque<a href=\"https:\/\/www.kismifconference.com\/\"><em> Keep it smipler, make it faster<\/em><\/a>, organis\u00e9 \u00e0 Porto du 6 au 10 juillet 2021 a permis \u00e0 deux membres d&rsquo;Ai\u00f4n de pr\u00e9senter leurs travaux, en visioconf\u00e9rence.<br \/>\n<\/span><\/p>\n<p><span style=\"font-family: book antiqua, palatino, serif; font-size: 18pt;\">Orlane Messey : <strong>\u00ab\u00a0From a creative process to an alternative label: the DIY experience in the case of roller derby\u00a0\u00bb.<br \/>\n<\/strong><\/span><\/p>\n<p><span style=\"font-family: book antiqua, palatino, serif; font-size: 18pt;\">Audrey Tuaillon Dem\u00e9sy : <strong>\u00ab\u00a0\u2018It doesn\u2019t matter what you do: the point is that people talk to each other\u2019. From the pub to the concert hall: DIY in action at Chez Narcisse\u00a0\u00bb.<\/strong><\/span><\/p>\n<p>&nbsp;<\/p>\n","protected":false},"excerpt":{"rendered":"<p>Le colloque Keep it smipler, make it faster, organis\u00e9 \u00e0 Porto du 6 au 10 juillet 2021 a permis \u00e0 deux membres d&rsquo;Ai\u00f4n de pr\u00e9senter leurs travaux, en visioconf\u00e9rence. Orlane Messey : \u00ab\u00a0From a creative process to an alternative label: the DIY experience in the case of roller derby\u00a0\u00bb. Audrey Tuaillon Dem\u00e9sy : \u00ab\u00a0\u2018It doesn\u2019t [&hellip;]<\/p>\n","protected":false},"author":1,"featured_media":0,"parent":450,"menu_order":0,"comment_status":"closed","ping_status":"closed","template":"","meta":{"footnotes":""},"class_list":["post-1248","page","type-page","status-publish","hentry"],"_links":{"self":[{"href":"https:\/\/aion-project.org\/blog\/index.php?rest_route=\/wp\/v2\/pages\/1248","targetHints":{"allow":["GET"]}}],"collection":[{"href":"https:\/\/aion-project.org\/blog\/index.php?rest_route=\/wp\/v2\/pages"}],"about":[{"href":"https:\/\/aion-project.org\/blog\/index.php?rest_route=\/wp\/v2\/types\/page"}],"author":[{"embeddable":true,"href":"https:\/\/aion-project.org\/blog\/index.php?rest_route=\/wp\/v2\/users\/1"}],"replies":[{"embeddable":true,"href":"https:\/\/aion-project.org\/blog\/index.php?rest_route=%2Fwp%2Fv2%2Fcomments&post=1248"}],"version-history":[{"count":1,"href":"https:\/\/aion-project.org\/blog\/index.php?rest_route=\/wp\/v2\/pages\/1248\/revisions"}],"predecessor-version":[{"id":1249,"href":"https:\/\/aion-project.org\/blog\/index.php?rest_route=\/wp\/v2\/pages\/1248\/revisions\/1249"}],"up":[{"embeddable":true,"href":"https:\/\/aion-project.org\/blog\/index.php?rest_route=\/wp\/v2\/pages\/450"}],"wp:attachment":[{"href":"https:\/\/aion-project.org\/blog\/index.php?rest_route=%2Fwp%2Fv2%2Fmedia&parent=1248"}],"curies":[{"name":"wp","href":"https:\/\/api.w.org\/{rel}","templated":true}]}}