{"id":1208,"date":"2021-10-16T13:05:17","date_gmt":"2021-10-16T13:05:17","guid":{"rendered":"https:\/\/aion-project.org\/blog\/?page_id=1208"},"modified":"2021-10-16T13:06:38","modified_gmt":"2021-10-16T13:06:38","slug":"temps-fiction-et-pratiques-ludiques-mundus-fabula","status":"publish","type":"page","link":"https:\/\/aion-project.org\/blog\/?page_id=1208","title":{"rendered":"Temps, fiction et pratiques ludiques &#8211; Mundus Fabula"},"content":{"rendered":"<p style=\"text-align: center;\"><span style=\"font-family: book antiqua, palatino, serif; font-size: 24pt; color: #993366;\"><strong>Dossier <em>Mundus Fabula<\/em> : \u00ab\u00a0Temps, fictions et pratiques ludiques\u00a0\u00bb<\/strong><\/span><\/p>\n<p><img loading=\"lazy\" decoding=\"async\" class=\"aligncenter size-large wp-image-1432\" src=\"https:\/\/mf.hypotheses.org\/files\/2021\/09\/image-resume-324x500.jpg\" sizes=\"auto, (max-width: 324px) 100vw, 324px\" srcset=\"https:\/\/mf.hypotheses.org\/files\/2021\/09\/image-resume-324x500.jpg 324w, https:\/\/mf.hypotheses.org\/files\/2021\/09\/image-resume-194x300.jpg 194w, https:\/\/mf.hypotheses.org\/files\/2021\/09\/image-resume.jpg 712w\" alt=\"\" width=\"324\" height=\"500\" \/><\/p>\n<p style=\"text-align: justify;\"><span style=\"font-family: book antiqua, palatino, serif; font-size: 18pt;\">La troisi\u00e8me \u00e9dition des ateliers-s\u00e9minaires a donn\u00e9 lieu \u00e0 cette publication collective, dans le carnet hypoth\u00e8ses.org Mundus Fabula. L&rsquo;accent a \u00e9t\u00e9 mis sur les temporalit\u00e9s en jeu dans les cr\u00e9ations ludiques et\/ou sportives.<\/span><\/p>\n<p><span style=\"font-family: book antiqua, palatino, serif; font-size: 18pt;\">L&rsquo;ensemble des textes est en libre acc\u00e8s <a href=\"https:\/\/mf.hypotheses.org\/1470\">ici<\/a>.<br \/>\n<\/span><\/p>\n","protected":false},"excerpt":{"rendered":"<p>Dossier Mundus Fabula : \u00ab\u00a0Temps, fictions et pratiques ludiques\u00a0\u00bb La troisi\u00e8me \u00e9dition des ateliers-s\u00e9minaires a donn\u00e9 lieu \u00e0 cette publication collective, dans le carnet hypoth\u00e8ses.org Mundus Fabula. L&rsquo;accent a \u00e9t\u00e9 mis sur les temporalit\u00e9s en jeu dans les cr\u00e9ations ludiques et\/ou sportives. L&rsquo;ensemble des textes est en libre acc\u00e8s ici.<\/p>\n","protected":false},"author":1,"featured_media":0,"parent":20,"menu_order":0,"comment_status":"closed","ping_status":"closed","template":"","meta":{"footnotes":""},"class_list":["post-1208","page","type-page","status-publish","hentry"],"_links":{"self":[{"href":"https:\/\/aion-project.org\/blog\/index.php?rest_route=\/wp\/v2\/pages\/1208","targetHints":{"allow":["GET"]}}],"collection":[{"href":"https:\/\/aion-project.org\/blog\/index.php?rest_route=\/wp\/v2\/pages"}],"about":[{"href":"https:\/\/aion-project.org\/blog\/index.php?rest_route=\/wp\/v2\/types\/page"}],"author":[{"embeddable":true,"href":"https:\/\/aion-project.org\/blog\/index.php?rest_route=\/wp\/v2\/users\/1"}],"replies":[{"embeddable":true,"href":"https:\/\/aion-project.org\/blog\/index.php?rest_route=%2Fwp%2Fv2%2Fcomments&post=1208"}],"version-history":[{"count":2,"href":"https:\/\/aion-project.org\/blog\/index.php?rest_route=\/wp\/v2\/pages\/1208\/revisions"}],"predecessor-version":[{"id":1212,"href":"https:\/\/aion-project.org\/blog\/index.php?rest_route=\/wp\/v2\/pages\/1208\/revisions\/1212"}],"up":[{"embeddable":true,"href":"https:\/\/aion-project.org\/blog\/index.php?rest_route=\/wp\/v2\/pages\/20"}],"wp:attachment":[{"href":"https:\/\/aion-project.org\/blog\/index.php?rest_route=%2Fwp%2Fv2%2Fmedia&parent=1208"}],"curies":[{"name":"wp","href":"https:\/\/api.w.org\/{rel}","templated":true}]}}